{"id":80864,"date":"2023-03-25T15:08:23","date_gmt":"2023-03-25T14:08:23","guid":{"rendered":"https:\/\/paddleshifterz.com\/?post_type=product&#038;p=80864"},"modified":"2025-12-21T14:23:19","modified_gmt":"2025-12-21T13:23:19","slug":"bmw-carbon-alcantara-parking-brake","status":"publish","type":"product","link":"https:\/\/paddleshifterz.com\/de\/bmw-carbon-alcantara-parking-brake\/","title":{"rendered":"OEM BMW Carbon Alcantara Handbremshebel"},"content":{"rendered":"","protected":false},"excerpt":{"rendered":"<p>Erh\u00f6hen Sie den Innenraum Ihres BMW mit diesem sch\u00f6nen OEM BMW M Performance trockenen Kohlefaser und Alcantara Handbremse.<\/p>\n<ul>\n<li>Alcantara-Handbremse mit wei\u00dfen N\u00e4hten<\/li>\n<li>Trockener Carbongriff<\/li>\n<li>Wenn Sie Ihr Original BMW M Performance Teil individualisieren m\u00f6chten, w\u00e4hlen Sie bitte <a href=\"https:\/\/paddleshifterz.com\/de\/bmw-dry-carbon-fiber-alcantara-parking-brake-individual\/\">dieses Produkt hier<\/a><\/li>\n<\/ul>\n<p>Erh\u00e4ltlich sowohl f\u00fcr Links- als auch f\u00fcr Rechtslenker. Bitte w\u00e4hlen Sie die richtige Variante aus dem Dropdown-Men\u00fc.<\/p>\n<p>Teilenummer: 34402222538, 34402222539<\/p>","protected":false},"featured_media":80867,"template":"","meta":{"bwfblock_default_font":""},"product_brand":[],"product_cat":[593],"product_tag":[],"class_list":{"0":"post-80864","1":"product","2":"type-product","3":"status-publish","4":"has-post-thumbnail","6":"product_cat-interior","7":"product_shipping_class-shifterz","8":"pa_brand-bmw","9":"pa_product-type-oem-original-equipment-manufacturer","10":"pa_vehicles-bmw-f20-f21","11":"pa_vehicles-bmw-f22-f23","12":"pa_vehicles-bmw-f87-m2","14":"first","15":"onbackorder","16":"taxable","17":"shipping-taxable","18":"purchasable","19":"product-type-variable"},"bundled_by":[],"bundle_stock_status":"onbackorder","bundle_stock_quantity":-1,"bundle_virtual":false,"bundle_layout":"","bundle_add_to_cart_form_location":"","bundle_editable_in_cart":false,"bundle_sold_individually_context":"","bundle_item_grouping":"","bundle_min_size":"","bundle_max_size":"","bundle_price":[],"bundled_items":[],"bundle_sell_ids":[],"_links":{"self":[{"href":"https:\/\/paddleshifterz.com\/de\/wp-json\/wp\/v2\/product\/80864","targetHints":{"allow":["GET"]}}],"collection":[{"href":"https:\/\/paddleshifterz.com\/de\/wp-json\/wp\/v2\/product"}],"about":[{"href":"https:\/\/paddleshifterz.com\/de\/wp-json\/wp\/v2\/types\/product"}],"wp:featuredmedia":[{"embeddable":true,"href":"https:\/\/paddleshifterz.com\/de\/wp-json\/wp\/v2\/media\/80867"}],"wp:attachment":[{"href":"https:\/\/paddleshifterz.com\/de\/wp-json\/wp\/v2\/media?parent=80864"}],"wp:term":[{"taxonomy":"product_brand","embeddable":true,"href":"https:\/\/paddleshifterz.com\/de\/wp-json\/wp\/v2\/product_brand?post=80864"},{"taxonomy":"product_cat","embeddable":true,"href":"https:\/\/paddleshifterz.com\/de\/wp-json\/wp\/v2\/product_cat?post=80864"},{"taxonomy":"product_tag","embeddable":true,"href":"https:\/\/paddleshifterz.com\/de\/wp-json\/wp\/v2\/product_tag?post=80864"}],"curies":[{"name":"wp","href":"https:\/\/api.w.org\/{rel}","templated":true}]}}