{"id":80918,"date":"2024-03-31T17:19:21","date_gmt":"2024-03-31T16:19:21","guid":{"rendered":"https:\/\/paddleshifterz.com\/?post_type=product&#038;p=80918"},"modified":"2025-11-03T07:16:52","modified_gmt":"2025-11-03T06:16:52","slug":"zaero-evo-1-diffusor-for-bmw-f20-f21-116-118-120-125-m-paket-lci","status":"publish","type":"product","link":"https:\/\/paddleshifterz.com\/de\/zaero-evo-1-diffusor-for-bmw-f20-f21-116-118-120-125-m-paket-lci\/","title":{"rendered":"Zaero EVO-1 Diffusor f\u00fcr BMW F20\/F21 (M-Paket LCI)"},"content":{"rendered":"<div>Es ist die ideale L\u00f6sung, um Ihr Fahrzeug aufzuwerten und einen individuellen Stil zu schaffen.<\/div>\n<div>\n<p><u>Der Diffusor wird nach OEM-Standards entwickelt und in Deutschland hergestellt, um die h\u00f6chste Qualit\u00e4t der Materialien und Produkte zu gew\u00e4hrleisten.<\/u><\/p>\n<h3><span style=\"color: #000000;\">Montage\u00a0<\/span><\/h3>\n<div>So that you can enjoy what is probably the most beautiful leisure activity in the world without a headache, we not only deliver the Rear Diffuser ready for installation in gloss black &#8211; to make installation as easy as possible you will also receive detailed installation instructions and the appropriate fastening material.<\/div>\n<div><\/div>\n<h3 style=\"box-sizing: border-box; margin-top: 0px; margin-bottom: 10px; font-family: Roboto; font-weight: bold; line-height: 33px; color: #03091e; font-size: 1.5rem; font-style: normal; font-variant-ligatures: normal; font-variant-caps: normal; letter-spacing: normal; orphans: 2; text-align: left; text-indent: 0px; text-transform: none; white-space: normal; widows: 2; word-spacing: 0px; -webkit-text-stroke-width: 0px; background-color: #ffffff; text-decoration-thickness: initial; text-decoration-style: initial; text-decoration-color: initial;\"><span style=\"box-sizing: border-box; color: #000000;\">F\u00fcr welche Modelle ist der Diffusor geeignet?<\/span><\/h3>\n<div>BMW 1er-Reihe<span style=\"color: #52667a; font-family: 'Source Sans Pro', 'Helvetica Neue', Helvetica, Arial, sans-serif; font-size: 16px; font-style: normal; font-variant-ligatures: normal; font-variant-caps: normal; font-weight: 400; letter-spacing: normal; orphans: 2; text-align: start; text-indent: 0px; text-transform: none; white-space: normal; widows: 2; word-spacing: 0px; -webkit-text-stroke-width: 0px; background-color: #ffffff; text-decoration-thickness: initial; text-decoration-style: initial; text-decoration-color: initial; display: inline !important; float: none;\">\u00a0<\/span>Models F20 | F21 with M-Pack (2015 &#8211; 2019)<\/div>\n<div>\n<ul>\n<li>BMW 116i \/ 116d (LCI)<\/li>\n<li><span style=\"letter-spacing: 0px;\">BMW 118i \/ 118d (LCI)<br \/>\n<\/span><\/li>\n<li><span style=\"letter-spacing: 0px;\">BMW 120i + 120d (LCI)<br \/>\n<\/span><\/li>\n<li><span style=\"letter-spacing: 0px;\">BMW 125i + 125d (LCI)\u00a0<\/span><\/li>\n<\/ul>\n<\/div>\n<div>Der Diffusor passt auch f\u00fcr die BMW 116 &amp; 118 Modelle. Um eine perfekte Optik zu erreichen, sollte jedoch das Einzelendrohr gegen ein Doppelendrohr getauscht werden.<\/div>\n<div>\n<h6>Dies ist kein Original BMW Teil. Zaero steht in keiner wirtschaftlichen Verbindung mit der Bayerische Motoren Werke AG (BMW AG) oder der BMW M GmbH.<\/h6>\n<\/div>\n<\/div>","protected":false},"excerpt":{"rendered":"<p>Our EVO-1 diffuser offers your BMW 1-Series F20 | F21 &#8211; 120 &amp; 125 a successful combination of unique lines and an absolutely everyday yet sporty design. Thanks to its perfect fit, our diffuser integrates seamlessly with the bumper of your BMW 1-Series F20 | F21 &#8211; 120 &amp; 125 and gives it a custom look.<\/p>","protected":false},"featured_media":80927,"template":"","meta":{"bwfblock_default_font":""},"product_brand":[],"product_cat":[1313,1113],"product_tag":[],"class_list":{"0":"post-80918","1":"product","2":"type-product","3":"status-publish","4":"has-post-thumbnail","6":"product_cat-diffusers","7":"product_cat-exterior","8":"product_shipping_class-oversized-items","9":"pa_brand-zaero","10":"pa_product-type-aftermarket","11":"pa_vehicles-bmw-f20-f21","13":"first","14":"onbackorder","15":"taxable","16":"shipping-taxable","17":"purchasable","18":"product-type-simple"},"bundled_by":[],"bundle_stock_status":"onbackorder","bundle_stock_quantity":-2,"bundle_virtual":false,"bundle_layout":"","bundle_add_to_cart_form_location":"","bundle_editable_in_cart":false,"bundle_sold_individually_context":"","bundle_item_grouping":"","bundle_min_size":"","bundle_max_size":"","bundle_price":[],"bundled_items":[],"bundle_sell_ids":[],"_links":{"self":[{"href":"https:\/\/paddleshifterz.com\/de\/wp-json\/wp\/v2\/product\/80918","targetHints":{"allow":["GET"]}}],"collection":[{"href":"https:\/\/paddleshifterz.com\/de\/wp-json\/wp\/v2\/product"}],"about":[{"href":"https:\/\/paddleshifterz.com\/de\/wp-json\/wp\/v2\/types\/product"}],"wp:featuredmedia":[{"embeddable":true,"href":"https:\/\/paddleshifterz.com\/de\/wp-json\/wp\/v2\/media\/80927"}],"wp:attachment":[{"href":"https:\/\/paddleshifterz.com\/de\/wp-json\/wp\/v2\/media?parent=80918"}],"wp:term":[{"taxonomy":"product_brand","embeddable":true,"href":"https:\/\/paddleshifterz.com\/de\/wp-json\/wp\/v2\/product_brand?post=80918"},{"taxonomy":"product_cat","embeddable":true,"href":"https:\/\/paddleshifterz.com\/de\/wp-json\/wp\/v2\/product_cat?post=80918"},{"taxonomy":"product_tag","embeddable":true,"href":"https:\/\/paddleshifterz.com\/de\/wp-json\/wp\/v2\/product_tag?post=80918"}],"curies":[{"name":"wp","href":"https:\/\/api.w.org\/{rel}","templated":true}]}}