{"id":81034,"date":"2024-04-11T19:47:20","date_gmt":"2024-04-11T18:47:20","guid":{"rendered":"https:\/\/paddleshifterz.com\/?post_type=product&#038;p=81034"},"modified":"2025-11-03T07:16:52","modified_gmt":"2025-11-03T06:16:52","slug":"oem-bmw-m-performance-f87-m2-suspension-kit-33502413033","status":"publish","type":"product","link":"https:\/\/paddleshifterz.com\/de\/oem-bmw-m-performance-f87-m2-suspension-kit-33502413033\/","title":{"rendered":"OEM BMW M Performance F87 M2 Fahrwerkskit - 33502413033"},"content":{"rendered":"","protected":false},"excerpt":{"rendered":"<p>Die Nachr\u00fcstung des M Performance Sportfahrwerks f\u00fcr BMW M2 Modelle steigert die Fahrdynamik Ihres Fahrzeugs deutlich. Die zus\u00e4tzliche Tieferlegung des Fahrzeugs (Gewindefahrwerk) sorgt nicht nur f\u00fcr ein dynamischeres Fahrverhalten, sondern wertet auch die sportliche Optik Ihres M2 auf. Die D\u00e4mpferkraft wird separat f\u00fcr die Zug- und Druckstufe eingestellt. Die einstellbaren D\u00e4mpfungskomponenten bieten verschiedene individuelle Fahrcharakteristiken f\u00fcr Fahrdynamik und Komfort.<\/p>\n<p><strong>Einzelheiten zum Produkt:<\/strong><\/p>\n<ul>\n<li>Mit dieser noch sportlicheren Fahrwerksabstimmung wird eine hervorragende Stra\u00dfenlage erreicht<\/li>\n<li>\u00c4u\u00dferst neutrales Fahrverhalten und deutlich reduzierte Wankbewegungen des Fahrzeugaufbaus<\/li>\n<li>Eine wesentlich direktere Verbindung zwischen Karosserie und Stra\u00dfe erh\u00f6ht die Fahrdynamik deutlich<\/li>\n<li>Erh\u00f6hte Leistung, insbesondere bei hochdynamischer Fahrweise.<\/li>\n<li>Optisch ansprechende schwarze Edelstahld\u00e4mpfer mit roten Schraubenfedern und blauen Federtellern<\/li>\n<li>Die empfohlene Tieferlegung des M Performance Gewindefahrwerks gegen\u00fcber der Serienversion betr\u00e4gt -15 mm. Zus\u00e4tzlich kann eine weitere Tieferlegung von -5 mm gegen\u00fcber der empfohlenen M Performance Einstellung erreicht werden<\/li>\n<li>Unabh\u00e4ngig voneinander einstellbare D\u00e4mpfungstechnologie f\u00fcr Zug- und Druckstufe (16 Einstellm\u00f6glichkeiten f\u00fcr die Zugstufe\/ 12 Einstellm\u00f6glichkeiten f\u00fcr die Druckstufe)<\/li>\n<li>Hochwertige D\u00e4mpfungskomponenten f\u00fcr eine lange Lebensdauer<\/li>\n<\/ul>\n<p>Lieferumfang:<\/p>\n<ul>\n<li>2 Edelstahl-Komplettfederbeine mit h\u00f6henverstellbaren Federtellern f\u00fcr die Vorderachse<\/li>\n<li>2 D\u00e4mpfer f\u00fcr die Hinterachse<\/li>\n<li>2 Einzelfedern mit h\u00f6henverstellbaren Federtellern an der R\u00fcckseite<\/li>\n<li>Montagezubeh\u00f6r<\/li>\n<\/ul>","protected":false},"featured_media":81035,"template":"","meta":{"bwfblock_default_font":""},"product_brand":[],"product_cat":[1727,1309],"product_tag":[],"class_list":{"0":"post-81034","1":"product","2":"type-product","3":"status-publish","4":"has-post-thumbnail","6":"product_cat-performance","7":"product_cat-suspensions-accessories","8":"product_shipping_class-shifterz","9":"pa_brand-bmw","10":"pa_brand-m-performance","11":"pa_product-type-oem-original-equipment-manufacturer","12":"pa_vehicles-bmw-f87-m2","14":"first","15":"onbackorder","16":"taxable","17":"shipping-taxable","18":"purchasable","19":"product-type-simple"},"bundled_by":[],"bundle_stock_status":"onbackorder","bundle_stock_quantity":0,"bundle_virtual":false,"bundle_layout":"","bundle_add_to_cart_form_location":"","bundle_editable_in_cart":false,"bundle_sold_individually_context":"","bundle_item_grouping":"","bundle_min_size":"","bundle_max_size":"","bundle_price":[],"bundled_items":[],"bundle_sell_ids":[],"_links":{"self":[{"href":"https:\/\/paddleshifterz.com\/de\/wp-json\/wp\/v2\/product\/81034","targetHints":{"allow":["GET"]}}],"collection":[{"href":"https:\/\/paddleshifterz.com\/de\/wp-json\/wp\/v2\/product"}],"about":[{"href":"https:\/\/paddleshifterz.com\/de\/wp-json\/wp\/v2\/types\/product"}],"wp:featuredmedia":[{"embeddable":true,"href":"https:\/\/paddleshifterz.com\/de\/wp-json\/wp\/v2\/media\/81035"}],"wp:attachment":[{"href":"https:\/\/paddleshifterz.com\/de\/wp-json\/wp\/v2\/media?parent=81034"}],"wp:term":[{"taxonomy":"product_brand","embeddable":true,"href":"https:\/\/paddleshifterz.com\/de\/wp-json\/wp\/v2\/product_brand?post=81034"},{"taxonomy":"product_cat","embeddable":true,"href":"https:\/\/paddleshifterz.com\/de\/wp-json\/wp\/v2\/product_cat?post=81034"},{"taxonomy":"product_tag","embeddable":true,"href":"https:\/\/paddleshifterz.com\/de\/wp-json\/wp\/v2\/product_tag?post=81034"}],"curies":[{"name":"wp","href":"https:\/\/api.w.org\/{rel}","templated":true}]}}