{"id":81036,"date":"2024-04-11T19:52:09","date_gmt":"2024-04-11T18:52:09","guid":{"rendered":"https:\/\/paddleshifterz.com\/?post_type=product&#038;p=81036"},"modified":"2025-11-03T07:16:52","modified_gmt":"2025-11-03T06:16:52","slug":"oem-bmw-763m-frozen-gold-wheel-9jx19-et29-36118097287","status":"publish","type":"product","link":"https:\/\/paddleshifterz.com\/de\/oem-bmw-763m-frozen-gold-wheel-9jx19-et29-36118097287\/","title":{"rendered":"OEM BMW 763M Frozen Gold Felge 9Jx19 ET29 - 36118097287"},"content":{"rendered":"<h2>Einzelheiten zum Produkt<\/h2>\n<ul>\n<li>ET: 29<\/li>\n<li>Gr\u00f6\u00dfe: 19\u2033.<\/li>\n<li>Breite: 9J<\/li>\n<li>Bolzenmuster: 120<\/li>\n<\/ul>\n<h2>Passende Fahrzeuge<\/h2>\n<ul>\n<li><a href=\"https:\/\/paddleshifterz.com\/de\/vehicles\/bmw-f80-m3\/\">BMW F80 M3<\/a><\/li>\n<li><a href=\"https:\/\/paddleshifterz.com\/de\/vehicles\/bmw-f82-m4\/\">BMW F82 M4<\/a><\/li>\n<li><a href=\"https:\/\/paddleshifterz.com\/de\/vehicles\/bmw-f82-m4\/\">BMW F83 M4<\/a><\/li>\n<li><a href=\"https:\/\/paddleshifterz.com\/de\/vehicles\/bmw-f87-m2\/\">BMW F87 M2<\/a><\/li>\n<\/ul>","protected":false},"excerpt":{"rendered":"<p>Das aus dem Motorsport abgeleitete, gewichtsoptimierte, geschmiedete M Performance Rad ist das erste Original-Zubeh\u00f6r-Styling f\u00fcr M2, M3 und M4 Fahrzeuge. Das exklusive Styling 763M ist in Schwarz erh\u00e4ltlich<br \/>\nmatt und Frozen Gold matt mit eingefr\u00e4stem M Performance Schriftzug im Felgenhorn.<\/p>","protected":false},"featured_media":81037,"template":"","meta":{"bwfblock_default_font":""},"product_brand":[],"product_cat":[1107],"product_tag":[],"class_list":{"0":"post-81036","1":"product","2":"type-product","3":"status-publish","4":"has-post-thumbnail","6":"product_cat-bmw-mini-wheels-and-tires","7":"product_shipping_class-shifterz","8":"pa_brand-bmw","9":"pa_product-type-oem-original-equipment-manufacturer","10":"pa_vehicles-bmw-f80-m3","11":"pa_vehicles-bmw-f82-m4","12":"pa_vehicles-bmw-f87-m2","14":"first","15":"onbackorder","16":"taxable","17":"shipping-taxable","18":"purchasable","19":"product-type-simple"},"bundled_by":[],"bundle_stock_status":"onbackorder","bundle_stock_quantity":-2,"bundle_virtual":false,"bundle_layout":"","bundle_add_to_cart_form_location":"","bundle_editable_in_cart":false,"bundle_sold_individually_context":"","bundle_item_grouping":"","bundle_min_size":"","bundle_max_size":"","bundle_price":[],"bundled_items":[],"bundle_sell_ids":[],"_links":{"self":[{"href":"https:\/\/paddleshifterz.com\/de\/wp-json\/wp\/v2\/product\/81036","targetHints":{"allow":["GET"]}}],"collection":[{"href":"https:\/\/paddleshifterz.com\/de\/wp-json\/wp\/v2\/product"}],"about":[{"href":"https:\/\/paddleshifterz.com\/de\/wp-json\/wp\/v2\/types\/product"}],"wp:featuredmedia":[{"embeddable":true,"href":"https:\/\/paddleshifterz.com\/de\/wp-json\/wp\/v2\/media\/81037"}],"wp:attachment":[{"href":"https:\/\/paddleshifterz.com\/de\/wp-json\/wp\/v2\/media?parent=81036"}],"wp:term":[{"taxonomy":"product_brand","embeddable":true,"href":"https:\/\/paddleshifterz.com\/de\/wp-json\/wp\/v2\/product_brand?post=81036"},{"taxonomy":"product_cat","embeddable":true,"href":"https:\/\/paddleshifterz.com\/de\/wp-json\/wp\/v2\/product_cat?post=81036"},{"taxonomy":"product_tag","embeddable":true,"href":"https:\/\/paddleshifterz.com\/de\/wp-json\/wp\/v2\/product_tag?post=81036"}],"curies":[{"name":"wp","href":"https:\/\/api.w.org\/{rel}","templated":true}]}}