{"id":81163,"date":"2024-03-23T11:39:48","date_gmt":"2024-03-23T10:39:48","guid":{"rendered":"https:\/\/paddleshifterz.com\/?post_type=product&#038;p=81163"},"modified":"2026-04-08T20:40:21","modified_gmt":"2026-04-08T19:40:21","slug":"damaged-oem-bmw-m-performance-carbon-fiber-steering-wheel-trim-32302471439","status":"publish","type":"product","link":"https:\/\/paddleshifterz.com\/de\/damaged-oem-bmw-m-performance-carbon-fiber-steering-wheel-trim-32302471439\/","title":{"rendered":"Besch\u00e4digt - OEM BMW M Carbon Lenkradblende - 32302471439"},"content":{"rendered":"","protected":false},"excerpt":{"rendered":"<p><em><strong>Haftungsausschluss:<\/strong> Dieses Produkt ist besch\u00e4digt, die beiden oberen Stifte wurden leider bei einer unsachgem\u00e4\u00dfen Installation besch\u00e4digt. Die Verkleidung kann noch installiert werden und es wird gut passen. Es gibt keine Kratzer oder Sch\u00e4den an anderen Stellen, bitte sehen Sie die Bilder f\u00fcr Sch\u00e4den.<\/em><\/p>\n<p><strong>F\u00fcr Fahrzeuge mit:<\/strong><\/p>\n<ul>\n<li>Lenkradheizung: S248A = Ja<\/li>\n<li>Beruflicher Fahrassistent: S5AUA = Ja<\/li>\n<li>M-Lederlenkrad:  S710A = Ja<\/li>\n<\/ul>\n<p>Original, brandneues Produkt kann <a href=\"https:\/\/paddleshifterz.com\/de\/produkt\/oem-bmw-m-performance-leather-carbon-fiber-steering-wheel-trim-32302471439\/\">finden Sie hier<\/a>.<\/p>\n<p>Das Produkt kann nicht umgetauscht oder zur\u00fcckgegeben werden. Verkauft wie besehen.<\/p>","protected":false},"featured_media":76680,"template":"","meta":{"bwfblock_default_font":""},"product_brand":[],"product_cat":[593,608],"product_tag":[],"class_list":{"0":"post-81163","1":"product","2":"type-product","3":"status-publish","4":"has-post-thumbnail","6":"product_cat-interior","7":"product_cat-steering-wheel-trims","8":"product_shipping_class-shifterz","9":"pa_brand-bmw","10":"pa_brand-m-performance","11":"pa_product-type-oem-original-equipment-manufacturer","13":"first","14":"outofstock","15":"sale","16":"sold-individually","17":"taxable","18":"shipping-taxable","19":"purchasable","20":"product-type-simple"},"bundled_by":[],"bundle_stock_status":"outofstock","bundle_stock_quantity":0,"bundle_virtual":false,"bundle_layout":"","bundle_add_to_cart_form_location":"","bundle_editable_in_cart":false,"bundle_sold_individually_context":"","bundle_item_grouping":"","bundle_min_size":"","bundle_max_size":"","bundle_price":[],"bundled_items":[],"bundle_sell_ids":[],"_links":{"self":[{"href":"https:\/\/paddleshifterz.com\/de\/wp-json\/wp\/v2\/product\/81163","targetHints":{"allow":["GET"]}}],"collection":[{"href":"https:\/\/paddleshifterz.com\/de\/wp-json\/wp\/v2\/product"}],"about":[{"href":"https:\/\/paddleshifterz.com\/de\/wp-json\/wp\/v2\/types\/product"}],"wp:featuredmedia":[{"embeddable":true,"href":"https:\/\/paddleshifterz.com\/de\/wp-json\/wp\/v2\/media\/76680"}],"wp:attachment":[{"href":"https:\/\/paddleshifterz.com\/de\/wp-json\/wp\/v2\/media?parent=81163"}],"wp:term":[{"taxonomy":"product_brand","embeddable":true,"href":"https:\/\/paddleshifterz.com\/de\/wp-json\/wp\/v2\/product_brand?post=81163"},{"taxonomy":"product_cat","embeddable":true,"href":"https:\/\/paddleshifterz.com\/de\/wp-json\/wp\/v2\/product_cat?post=81163"},{"taxonomy":"product_tag","embeddable":true,"href":"https:\/\/paddleshifterz.com\/de\/wp-json\/wp\/v2\/product_tag?post=81163"}],"curies":[{"name":"wp","href":"https:\/\/api.w.org\/{rel}","templated":true}]}}