{"id":81196,"date":"2024-03-24T09:03:59","date_gmt":"2024-03-24T08:03:59","guid":{"rendered":"https:\/\/paddleshifterz.com\/?post_type=product&#038;p=81196"},"modified":"2025-11-03T07:15:14","modified_gmt":"2025-11-03T06:15:14","slug":"damaged-oem-bmw-m-performance-x6m-carbon-fiber-grill-51712467265","status":"publish","type":"product","link":"https:\/\/paddleshifterz.com\/de\/damaged-oem-bmw-m-performance-x6m-carbon-fiber-grill-51712467265\/","title":{"rendered":"Besch\u00e4digt \u2013 BMW M Performance X6M Carbongrill \u2013 51712467265"},"content":{"rendered":"<p>Die M Performance Aerodynamik- und Exterieurteile f\u00fcr den X6 (G06) sind aus hochwertigem Carbon oder aus hochgl\u00e4nzend schwarzem PUR gefertigt und unterstreichen den sportlichen Auftritt und die markante Optik des Fahrzeugs. Geeignet f\u00fcr Fahrzeuge mit. S03DN Iconic Glow &amp; S0715 M Aerodynamik-Paket.<\/p>\n<p><strong>Brandneues Produkt kann <\/strong><a href=\"https:\/\/paddleshifterz.com\/de\/produkt\/original-bmw-m-performance-carbon-fiber-grill-w-or-w-o-iconic-glow-x6-g06-51712467265\/\"><strong>finden Sie hier.<\/strong><\/a><\/p>\n<p><em>Das Produkt kann nicht umgetauscht oder zur\u00fcckgegeben werden. Verkauft wie besehen.<\/em><\/p>","protected":false},"excerpt":{"rendered":"<p><em><strong>Haftungsausschluss:<\/strong> Dieses Produkt ist leicht besch\u00e4digt. Einer der Stifte, die den Grill an Ort und Stelle h\u00e4lt, wurde w\u00e4hrend des Transports besch\u00e4digt, Stift ist noch verf\u00fcgbar, so dass der Grill repariert werden kann.<\/em><\/p>","protected":false},"featured_media":81216,"template":"","meta":{"bwfblock_default_font":""},"product_brand":[],"product_cat":[1113,1095],"product_tag":[],"class_list":{"0":"post-81196","1":"product","2":"type-product","3":"status-publish","4":"has-post-thumbnail","6":"product_cat-exterior","7":"product_cat-front-grilles","8":"product_shipping_class-shifterz","9":"pa_brand-bmw","10":"pa_brand-m-performance","11":"pa_product-type-oem-original-equipment-manufacturer","13":"first","14":"instock","15":"sale","16":"taxable","17":"shipping-taxable","18":"purchasable","19":"product-type-simple"},"bundled_by":[],"bundle_stock_status":"instock","bundle_stock_quantity":1,"bundle_virtual":false,"bundle_layout":"","bundle_add_to_cart_form_location":"","bundle_editable_in_cart":false,"bundle_sold_individually_context":"","bundle_item_grouping":"","bundle_min_size":"","bundle_max_size":"","bundle_price":[],"bundled_items":[],"bundle_sell_ids":[],"_links":{"self":[{"href":"https:\/\/paddleshifterz.com\/de\/wp-json\/wp\/v2\/product\/81196","targetHints":{"allow":["GET"]}}],"collection":[{"href":"https:\/\/paddleshifterz.com\/de\/wp-json\/wp\/v2\/product"}],"about":[{"href":"https:\/\/paddleshifterz.com\/de\/wp-json\/wp\/v2\/types\/product"}],"wp:featuredmedia":[{"embeddable":true,"href":"https:\/\/paddleshifterz.com\/de\/wp-json\/wp\/v2\/media\/81216"}],"wp:attachment":[{"href":"https:\/\/paddleshifterz.com\/de\/wp-json\/wp\/v2\/media?parent=81196"}],"wp:term":[{"taxonomy":"product_brand","embeddable":true,"href":"https:\/\/paddleshifterz.com\/de\/wp-json\/wp\/v2\/product_brand?post=81196"},{"taxonomy":"product_cat","embeddable":true,"href":"https:\/\/paddleshifterz.com\/de\/wp-json\/wp\/v2\/product_cat?post=81196"},{"taxonomy":"product_tag","embeddable":true,"href":"https:\/\/paddleshifterz.com\/de\/wp-json\/wp\/v2\/product_tag?post=81196"}],"curies":[{"name":"wp","href":"https:\/\/api.w.org\/{rel}","templated":true}]}}