{"id":81210,"date":"2024-04-24T19:31:52","date_gmt":"2024-04-24T18:31:52","guid":{"rendered":"https:\/\/paddleshifterz.com\/?post_type=product&#038;p=81210"},"modified":"2025-11-03T07:15:15","modified_gmt":"2025-11-03T06:15:15","slug":"oem-bmw-gloss-black-rear-emblem-without-camera-hole-51147887220","status":"publish","type":"product","link":"https:\/\/paddleshifterz.com\/de\/oem-bmw-gloss-black-rear-emblem-without-camera-hole-51147887220\/","title":{"rendered":"OEM BMW Gloss black Heckemblem ohne Kameraloch 51147887220"},"content":{"rendered":"","protected":false},"excerpt":{"rendered":"<p>Original BMW gl\u00e4nzend schwarzes Heckemblem mit BMW Logo, unterst\u00fctzt keine R\u00fcckfahrkamera. F\u00fcr ein Abzeichen mit einem Loch f\u00fcr die Kamera bitte <a href=\"https:\/\/paddleshifterz.com\/de\/produkt\/oem-bmw-gloss-black-rear-emblem-with-camera-hole-51147887227\/\">w\u00e4hlen Sie dieses Produkt hier aus.<\/a><\/p>","protected":false},"featured_media":0,"template":"","meta":{"bwfblock_default_font":""},"product_brand":[],"product_cat":[1113,1084],"product_tag":[],"class_list":{"0":"post-81210","1":"product","2":"type-product","3":"status-publish","5":"product_cat-exterior","6":"product_cat-trunk-badges","7":"product_shipping_class-shifterz","8":"pa_brand-bmw","9":"pa_product-type-oem-original-equipment-manufacturer","10":"pa_vehicles-bmw-g82-m4-csl","11":"pa_vehicles-bmw-g82-m4","12":"pa_vehicles-bmw-g83-m4","14":"first","15":"onbackorder","16":"taxable","17":"shipping-taxable","18":"purchasable","19":"product-type-simple"},"bundled_by":[],"bundle_stock_status":"onbackorder","bundle_stock_quantity":0,"bundle_virtual":false,"bundle_layout":"","bundle_add_to_cart_form_location":"","bundle_editable_in_cart":false,"bundle_sold_individually_context":"","bundle_item_grouping":"","bundle_min_size":"","bundle_max_size":"","bundle_price":[],"bundled_items":[],"bundle_sell_ids":[],"_links":{"self":[{"href":"https:\/\/paddleshifterz.com\/de\/wp-json\/wp\/v2\/product\/81210","targetHints":{"allow":["GET"]}}],"collection":[{"href":"https:\/\/paddleshifterz.com\/de\/wp-json\/wp\/v2\/product"}],"about":[{"href":"https:\/\/paddleshifterz.com\/de\/wp-json\/wp\/v2\/types\/product"}],"wp:attachment":[{"href":"https:\/\/paddleshifterz.com\/de\/wp-json\/wp\/v2\/media?parent=81210"}],"wp:term":[{"taxonomy":"product_brand","embeddable":true,"href":"https:\/\/paddleshifterz.com\/de\/wp-json\/wp\/v2\/product_brand?post=81210"},{"taxonomy":"product_cat","embeddable":true,"href":"https:\/\/paddleshifterz.com\/de\/wp-json\/wp\/v2\/product_cat?post=81210"},{"taxonomy":"product_tag","embeddable":true,"href":"https:\/\/paddleshifterz.com\/de\/wp-json\/wp\/v2\/product_tag?post=81210"}],"curies":[{"name":"wp","href":"https:\/\/api.w.org\/{rel}","templated":true}]}}