{"id":81588,"date":"2024-06-04T15:49:13","date_gmt":"2024-06-04T14:49:13","guid":{"rendered":"https:\/\/paddleshifterz.com\/?post_type=product&#038;p=81588"},"modified":"2026-01-31T18:16:46","modified_gmt":"2026-01-31T17:16:46","slug":"indiv-carbon-fiber-turbo-inlet-for-bmw-g87-m2","status":"publish","type":"product","link":"https:\/\/paddleshifterz.com\/de\/indiv-carbon-fiber-turbo-inlet-for-bmw-g87-m2\/","title":{"rendered":"INDIV Carbon Frontlufteinl\u00e4sse f\u00fcr BMW G87 M2"},"content":{"rendered":"<h2>Verwandeln Sie die vordere Sto\u00dfstange Ihres <a href=\"https:\/\/paddleshifterz.com\/de\/vehicles\/bmw-g87-m2\/\">BMW G87 M2<\/a><\/h2>\n<p>Die INDIV-Kohlefasereinl\u00e4sse erfordern kein Schneiden oder Entfernen von Teilen. Die Passform der <a href=\"https:\/\/indiv-c.com\" target=\"_blank\" rel=\"noopener\">INDIV<\/a> Produkte ist so nah an OEM wie m\u00f6glich, viel besser als alle anderen Produkte auf dem aktuellen Markt. Die beiden Abdeckungen werden mit 3M doppelseitigem Klebeband (bereits angebracht) am Fahrzeug befestigt. Diese Kohlefaser-Lufteinl\u00e4sse k\u00f6nnen installiert werden, ohne dass ein bestehendes Teil geschnitten oder ge\u00e4ndert werden muss.<\/p>\n<p>Mit <a href=\"https:\/\/indiv-c.com\" target=\"_blank\" rel=\"noopener\">INDIV<\/a> Eingangsprodukt wird der BMW G87 M2 einen besser aussehenden dreidimensionalen Sto\u00dff\u00e4nger haben.<\/p>\n<h2>Spezifikationen<\/h2>\n<ul>\n<li>2\u00d72 Kohlefasergeflecht (gleiche Gr\u00f6\u00dfe, Richtung und Muster der Kohlefaser wie OEM)<\/li>\n<li>Gleiche Kohlefaserqualit\u00e4t wie OEM<\/li>\n<li>Hergestellt aus vorimpr\u00e4gnierter Kohlefaser im Autoklaven<\/li>\n<li>Super einfache Installation, mit dem vorinstallierten 3M doppelseitigen Klebeband<\/li>\n<li>Es m\u00fcssen keine Originalteile entfernt oder zugeschnitten werden, anders als bei der <a href=\"https:\/\/paddleshifterz.com\/de\/produkt\/oem-bmw-m-performance-g87-m2-brake-air-inlets-51115a44f42-51115a44f43\/\">Original BMW M Performance Kohlefaser-Kit<\/a><\/li>\n<\/ul>\n<p>Brauchen Sie noch mehr Goodies f\u00fcr Ihre M2? Sehen Sie sich unseren Beitrag \u00fcber <a href=\"https:\/\/paddleshifterz.com\/de\/enhance-your-bmw-g87-m2-with-m-performance-parts\/\">die besten M Performance-Teile f\u00fcr Ihren G87.<\/a><\/p>\n<h2>Unboxing<\/h2>\n<p>Schauen Sie sich das Unboxing-Video unten an, um zu sehen, was sich in der Schachtel befindet, und um sich das Produkt vor dem Kauf genauer anzusehen.<\/p>\n<p><iframe loading=\"lazy\" title=\"YouTube-Video-Player\" src=\"https:\/\/www.youtube.com\/embed\/gQP-HuD4ogM\" width=\"560\" height=\"315\" frameborder=\"0\" allowfullscreen=\"allowfullscreen\"><span data-mce-type=\"bookmark\" style=\"display: inline-block; width: 0px; overflow: hidden; line-height: 0;\" class=\"mce_SELRES_start\"><\/span><\/iframe><\/p>","protected":false},"excerpt":{"rendered":"<p>Verwandeln Sie die vordere Sto\u00dfstange Ihres <a href=\"https:\/\/paddleshifterz.com\/de\/vehicles\/bmw-g87-m2\/\">BMW G87 M2<\/a> mit einem Satz INDIV Carbon Einlassabdeckungen.<\/p>","protected":false},"featured_media":81756,"template":"","meta":{"bwfblock_default_font":""},"product_brand":[],"product_cat":[1113,1317],"product_tag":[],"class_list":{"0":"post-81588","1":"product","2":"type-product","3":"status-publish","4":"has-post-thumbnail","6":"product_cat-exterior","7":"product_cat-front-bumper-and-accessories","8":"product_shipping_class-shifterz","9":"pa_brand-indiv","10":"pa_product-type-aftermarket","11":"pa_vehicles-bmw-g87-m2","13":"first","14":"onbackorder","15":"taxable","16":"shipping-taxable","17":"purchasable","18":"product-type-simple"},"bundled_by":[],"bundle_stock_status":"onbackorder","bundle_stock_quantity":0,"bundle_virtual":false,"bundle_layout":"","bundle_add_to_cart_form_location":"","bundle_editable_in_cart":false,"bundle_sold_individually_context":"","bundle_item_grouping":"","bundle_min_size":"","bundle_max_size":"","bundle_price":[],"bundled_items":[],"bundle_sell_ids":[],"_links":{"self":[{"href":"https:\/\/paddleshifterz.com\/de\/wp-json\/wp\/v2\/product\/81588","targetHints":{"allow":["GET"]}}],"collection":[{"href":"https:\/\/paddleshifterz.com\/de\/wp-json\/wp\/v2\/product"}],"about":[{"href":"https:\/\/paddleshifterz.com\/de\/wp-json\/wp\/v2\/types\/product"}],"wp:featuredmedia":[{"embeddable":true,"href":"https:\/\/paddleshifterz.com\/de\/wp-json\/wp\/v2\/media\/81756"}],"wp:attachment":[{"href":"https:\/\/paddleshifterz.com\/de\/wp-json\/wp\/v2\/media?parent=81588"}],"wp:term":[{"taxonomy":"product_brand","embeddable":true,"href":"https:\/\/paddleshifterz.com\/de\/wp-json\/wp\/v2\/product_brand?post=81588"},{"taxonomy":"product_cat","embeddable":true,"href":"https:\/\/paddleshifterz.com\/de\/wp-json\/wp\/v2\/product_cat?post=81588"},{"taxonomy":"product_tag","embeddable":true,"href":"https:\/\/paddleshifterz.com\/de\/wp-json\/wp\/v2\/product_tag?post=81588"}],"curies":[{"name":"wp","href":"https:\/\/api.w.org\/{rel}","templated":true}]}}