{"id":81785,"date":"2024-06-04T08:47:20","date_gmt":"2024-06-04T07:47:20","guid":{"rendered":"https:\/\/paddleshifterz.com\/?post_type=product&#038;p=81785"},"modified":"2025-11-03T07:15:25","modified_gmt":"2025-11-03T06:15:25","slug":"oem-bmw-m-performance-carbon-fiber-hood-bonnet-41612449807","status":"publish","type":"product","link":"https:\/\/paddleshifterz.com\/de\/oem-bmw-m-performance-carbon-fiber-hood-bonnet-41612449807\/","title":{"rendered":"OEM BMW M Performance Carbon Motorhaube - 41612449807"},"content":{"rendered":"<h2>Spezifikationen<\/h2>\n<ul>\n<li>Original BMW Produkt<\/li>\n<li>Wird unbemalt geliefert, Schablone f\u00fcr den Powerdome liegt bei<\/li>\n<li>2\u00d72 Kohlefaser-Gewebe<\/li>\n<li>Vollkohlefaser-Haube\/Haube<\/li>\n<\/ul>\n<p>F\u00fcr die Installation ben\u00f6tigen Sie au\u00dferdem die folgenden Gegenst\u00e4nde:<\/p>\n<ul>\n<li><a href=\"https:\/\/paddleshifterz.com\/de\/produkt\/oem-bmw-lifting-spring-bonnet-lock-lower-section-51232462098\/\">2x 51232462098 Hebefeder Motorhaubenschloss Unterteil<\/a><\/li>\n<li><a href=\"https:\/\/paddleshifterz.com\/de\/produkt\/oem-bmw-gas-spring-front-flap-51238066092\/\">2x 51238066092 Gasfeder Frontklappe<\/a><\/li>\n<\/ul>","protected":false},"excerpt":{"rendered":"<p>Original BMW M Performance Kohlefaser Motorhaube f\u00fcr F20, F21, F22, F23 und F87 M2.<\/p>","protected":false},"featured_media":85101,"template":"","meta":{"bwfblock_default_font":""},"product_brand":[],"product_cat":[1113],"product_tag":[],"class_list":{"0":"post-81785","1":"product","2":"type-product","3":"status-publish","4":"has-post-thumbnail","6":"product_cat-exterior","7":"product_shipping_class-shifterz","8":"pa_brand-bmw","9":"pa_brand-m-performance","10":"pa_product-type-oem-original-equipment-manufacturer","11":"pa_vehicles-bmw-f20-f21","12":"pa_vehicles-bmw-f22-f23","13":"pa_vehicles-bmw-f87-m2","15":"first","16":"onbackorder","17":"taxable","18":"shipping-taxable","19":"purchasable","20":"product-type-simple"},"bundled_by":[],"bundle_stock_status":"onbackorder","bundle_stock_quantity":-3,"bundle_virtual":false,"bundle_layout":"","bundle_add_to_cart_form_location":"","bundle_editable_in_cart":false,"bundle_sold_individually_context":"","bundle_item_grouping":"","bundle_min_size":"","bundle_max_size":"","bundle_price":[],"bundled_items":[],"bundle_sell_ids":[],"_links":{"self":[{"href":"https:\/\/paddleshifterz.com\/de\/wp-json\/wp\/v2\/product\/81785","targetHints":{"allow":["GET"]}}],"collection":[{"href":"https:\/\/paddleshifterz.com\/de\/wp-json\/wp\/v2\/product"}],"about":[{"href":"https:\/\/paddleshifterz.com\/de\/wp-json\/wp\/v2\/types\/product"}],"wp:featuredmedia":[{"embeddable":true,"href":"https:\/\/paddleshifterz.com\/de\/wp-json\/wp\/v2\/media\/85101"}],"wp:attachment":[{"href":"https:\/\/paddleshifterz.com\/de\/wp-json\/wp\/v2\/media?parent=81785"}],"wp:term":[{"taxonomy":"product_brand","embeddable":true,"href":"https:\/\/paddleshifterz.com\/de\/wp-json\/wp\/v2\/product_brand?post=81785"},{"taxonomy":"product_cat","embeddable":true,"href":"https:\/\/paddleshifterz.com\/de\/wp-json\/wp\/v2\/product_cat?post=81785"},{"taxonomy":"product_tag","embeddable":true,"href":"https:\/\/paddleshifterz.com\/de\/wp-json\/wp\/v2\/product_tag?post=81785"}],"curies":[{"name":"wp","href":"https:\/\/api.w.org\/{rel}","templated":true}]}}