{"id":81878,"date":"2024-06-11T09:19:33","date_gmt":"2024-06-11T08:19:33","guid":{"rendered":"https:\/\/paddleshifterz.com\/?post_type=product&#038;p=81878"},"modified":"2025-12-08T07:39:19","modified_gmt":"2025-12-08T06:39:19","slug":"oem-bmw-m-performance-carbon-fiber-wing-f8x-51192409319","status":"publish","type":"product","link":"https:\/\/paddleshifterz.com\/de\/oem-bmw-m-performance-carbon-fiber-wing-f8x-51192409319\/","title":{"rendered":"OEM BMW M Performance Carbon Heckfl\u00fcgel \u2013 51192409319"},"content":{"rendered":"<p>Der M Performance Heckspoiler pr\u00e4gt den sportlichen Auftritt Ihres M Fahrzeugs. Er ist zu 100 Prozent aus hochwertigem Carbon gefertigt und setzt markante Motorsport-Akzente am Heck des Fahrzeugs. Dank optimierter Aerodynamik steigert er das sportliche Fahrverhalten sp\u00fcrbar. Dynamik in ihrer individuellsten Form. Der erstmals am BMW F82 M4 Champion Edition eingesetzte M Performance Spoiler aus Carbon tr\u00e4gt die ikonischen \/\/\/M Tricolor-Streifen auf den integrierten Risern und zeigt das M Performance Logo in Wei\u00df auf den beiden Fl\u00fcgelendplatten.<\/p>\n<h2>Einzelheiten zum Produkt<\/h2>\n<ul>\n<li>Perfekt an das Fahrgestelldesign angepasst<\/li>\n<li>Optimierte Aerodynamikwerte - f\u00fcr einen besonders sportlichen Fahrstil<\/li>\n<li>F\u00fcr einen hochwertigen, besonders sportlichen Auftritt<\/li>\n<li>Gewichtsoptimiert und sehr stabil<\/li>\n<li>Mit Anwendungen in den typischen M-Farben<\/li>\n<li>Material: Carbon (mit Klarlack versiegelt)<\/li>\n<li>Eine T\u00dcV-Eintragung ist nicht erforderlich. Alle Teile sind bereits mit dem Gesamtfahrzeug homologiert.<\/li>\n<li>F\u00fcr die Montage werden verschiedene Zusatzteile ben\u00f6tigt. Ein genaues Angebot erhalten Sie gerne auf Anfrage<\/li>\n<\/ul>\n<h2>Lieferumfang<\/h2>\n<ul>\n<li>M Performance Heckspoiler Carbon durchgef\u00e4rbt, exklusives Befestigungsmaterial<\/li>\n<\/ul>\n<h2>Passende Fahrzeuge<\/h2>\n<ul>\n<li><a href=\"https:\/\/paddleshifterz.com\/de\/vehicles\/bmw-f87-m2\/\">BMW F87 M2<\/a><\/li>\n<li><a href=\"https:\/\/paddleshifterz.com\/de\/vehicles\/bmw-f80-m3\/\">BMW F80 M3<\/a><\/li>\n<li><a href=\"https:\/\/paddleshifterz.com\/de\/vehicles\/bmw-f82-m4\/\">BMW F82 M4<\/a><\/li>\n<\/ul>\n<p>Bitte beachten Sie: Fahrzeuge, die vor 01\/2015 hergestellt wurden, ben\u00f6tigen neue Kofferraumscharniere f\u00fcr eine ordnungsgem\u00e4\u00dfe Installation.<\/p>\n<p><a href=\"https:\/\/paddleshifterz.com\/de\/produkt-kategorie\/carbon-fibre-rear-spoiler\/\">St\u00f6bern Sie hier in unserer Kollektion von Kohlefaser-Spoilern.<\/a><\/p>","protected":false},"excerpt":{"rendered":"<p>Original BMW M Performance Heckspoiler Carbon durchlaufend in Farbe M4 F82, M3 F80, M2 F87 <em>(passt nicht auf den F83 M4)<\/em><\/p>","protected":false},"featured_media":84540,"template":"","meta":{"bwfblock_default_font":""},"product_brand":[],"product_cat":[1211,1113],"product_tag":[],"class_list":{"0":"post-81878","1":"product","2":"type-product","3":"status-publish","4":"has-post-thumbnail","6":"product_cat-carbon-fibre-rear-spoiler","7":"product_cat-exterior","8":"product_shipping_class-shifterz","9":"pa_brand-bmw","10":"pa_brand-m-performance","11":"pa_product-type-oem-original-equipment-manufacturer","12":"pa_vehicles-bmw-f80-m3","13":"pa_vehicles-bmw-f82-m4","14":"pa_vehicles-bmw-f87-m2","16":"first","17":"onbackorder","18":"taxable","19":"shipping-taxable","20":"purchasable","21":"product-type-simple"},"bundled_by":[],"bundle_stock_status":"onbackorder","bundle_stock_quantity":-2,"bundle_virtual":false,"bundle_layout":"","bundle_add_to_cart_form_location":"","bundle_editable_in_cart":false,"bundle_sold_individually_context":"","bundle_item_grouping":"","bundle_min_size":"","bundle_max_size":"","bundle_price":[],"bundled_items":[],"bundle_sell_ids":[],"_links":{"self":[{"href":"https:\/\/paddleshifterz.com\/de\/wp-json\/wp\/v2\/product\/81878","targetHints":{"allow":["GET"]}}],"collection":[{"href":"https:\/\/paddleshifterz.com\/de\/wp-json\/wp\/v2\/product"}],"about":[{"href":"https:\/\/paddleshifterz.com\/de\/wp-json\/wp\/v2\/types\/product"}],"wp:featuredmedia":[{"embeddable":true,"href":"https:\/\/paddleshifterz.com\/de\/wp-json\/wp\/v2\/media\/84540"}],"wp:attachment":[{"href":"https:\/\/paddleshifterz.com\/de\/wp-json\/wp\/v2\/media?parent=81878"}],"wp:term":[{"taxonomy":"product_brand","embeddable":true,"href":"https:\/\/paddleshifterz.com\/de\/wp-json\/wp\/v2\/product_brand?post=81878"},{"taxonomy":"product_cat","embeddable":true,"href":"https:\/\/paddleshifterz.com\/de\/wp-json\/wp\/v2\/product_cat?post=81878"},{"taxonomy":"product_tag","embeddable":true,"href":"https:\/\/paddleshifterz.com\/de\/wp-json\/wp\/v2\/product_tag?post=81878"}],"curies":[{"name":"wp","href":"https:\/\/api.w.org\/{rel}","templated":true}]}}