{"id":81880,"date":"2024-06-11T09:25:58","date_gmt":"2024-06-11T08:25:58","guid":{"rendered":"https:\/\/paddleshifterz.com\/?post_type=product&#038;p=81880"},"modified":"2026-03-15T19:56:39","modified_gmt":"2026-03-15T18:56:39","slug":"oem-bmw-m-performance-carbon-fiber-diffuser-f87-m2-51192361666","status":"publish","type":"product","link":"https:\/\/paddleshifterz.com\/de\/oem-bmw-m-performance-carbon-fiber-diffuser-f87-m2-51192361666\/","title":{"rendered":"OEM BMW M Performance Kohlefaser Diffusor F87 51192361666"},"content":{"rendered":"<h2>Einzelheiten zum Produkt<\/h2>\n<ul>\n<li>Die M Performance Aerodynamikkomponenten sind aufeinander abgestimmt und perfekt an das Fahrzeugdesign angepasst<\/li>\n<li>In Kombination erreichen die M Performance Aerodynamikkomponenten optimierte Aerodynamikwerte f\u00fcr eine besonders sportliche Fahrweise<\/li>\n<li>Der Heckdiffusor der M Performance Aerodynamikkomponenten wird in aufw\u00e4ndiger Handarbeit gefertigt und verleiht ihm eine hochwertige Optik<\/li>\n<li>Die M Performance Aerodynamikkomponenten werten den BMW M2 durch ihre dynamische Eleganz sp\u00fcrbar auf. Dar\u00fcber hinaus verf\u00fcgen sie \u00fcber eine optimale Aerodynamik und unterst\u00fctzen ein sportliches Fahrverhalten<\/li>\n<li>Die M Performance Komponenten wurden in verschiedenen Tests auf Herz und Nieren gepr\u00fcft. Alle gesetzlichen Anforderungen werden erf\u00fcllt<\/li>\n<li>Der Carbon-Heckdiffusor mit seiner kantigen Form und den markanten Stegen unterstreicht das sportliche Erscheinungsbild zus\u00e4tzlich.<\/li>\n<li>Der Heckdiffusor wird mit dem fahrzeugeigenen Befestigungsmaterial montiert und ersetzt den vorhandenen Seriendiffusor<\/li>\n<li>Eine ABE (Allgemeine Betriebserlaubnis) ist nicht erforderlich, da die Teile bereits mit dem Gesamtfahrzeug homologiert sind<\/li>\n<\/ul>\n<h2>Lieferumfang<\/h2>\n<ul>\n<li>BMW M Performance Carbon Heckdiffusor<\/li>\n<\/ul>\n<h2>Passende Fahrzeuge<\/h2>\n<ul>\n<li><a href=\"https:\/\/paddleshifterz.com\/de\/vehicles\/bmw-f87-m2\/\">BMW F87 M2 (passend f\u00fcr alle M2 Modelle, einschlie\u00dflich CS und Competition)<\/a><\/li>\n<\/ul>","protected":false},"excerpt":{"rendered":"<p>Original BMW M Performance Heckdiffusor aus Kohlefaser f\u00fcr BMW M2 F87. Der M Performance Heckdiffusor Carbon unterstreicht den sportlichen Auftritt Ihres BMW M2.<\/p>","protected":false},"featured_media":82211,"template":"","meta":{"bwfblock_default_font":""},"product_brand":[],"product_cat":[1313,1113],"product_tag":[],"class_list":{"0":"post-81880","1":"product","2":"type-product","3":"status-publish","4":"has-post-thumbnail","6":"product_cat-diffusers","7":"product_cat-exterior","8":"product_shipping_class-shifterz","9":"pa_brand-bmw","10":"pa_brand-m-performance","11":"pa_product-type-oem-original-equipment-manufacturer","12":"pa_vehicles-bmw-f87-m2","14":"first","15":"onbackorder","16":"taxable","17":"shipping-taxable","18":"purchasable","19":"product-type-simple"},"bundled_by":[],"bundle_stock_status":"onbackorder","bundle_stock_quantity":-6,"bundle_virtual":false,"bundle_layout":"","bundle_add_to_cart_form_location":"","bundle_editable_in_cart":false,"bundle_sold_individually_context":"","bundle_item_grouping":"","bundle_min_size":"","bundle_max_size":"","bundle_price":[],"bundled_items":[],"bundle_sell_ids":[],"_links":{"self":[{"href":"https:\/\/paddleshifterz.com\/de\/wp-json\/wp\/v2\/product\/81880","targetHints":{"allow":["GET"]}}],"collection":[{"href":"https:\/\/paddleshifterz.com\/de\/wp-json\/wp\/v2\/product"}],"about":[{"href":"https:\/\/paddleshifterz.com\/de\/wp-json\/wp\/v2\/types\/product"}],"wp:featuredmedia":[{"embeddable":true,"href":"https:\/\/paddleshifterz.com\/de\/wp-json\/wp\/v2\/media\/82211"}],"wp:attachment":[{"href":"https:\/\/paddleshifterz.com\/de\/wp-json\/wp\/v2\/media?parent=81880"}],"wp:term":[{"taxonomy":"product_brand","embeddable":true,"href":"https:\/\/paddleshifterz.com\/de\/wp-json\/wp\/v2\/product_brand?post=81880"},{"taxonomy":"product_cat","embeddable":true,"href":"https:\/\/paddleshifterz.com\/de\/wp-json\/wp\/v2\/product_cat?post=81880"},{"taxonomy":"product_tag","embeddable":true,"href":"https:\/\/paddleshifterz.com\/de\/wp-json\/wp\/v2\/product_tag?post=81880"}],"curies":[{"name":"wp","href":"https:\/\/api.w.org\/{rel}","templated":true}]}}