{"id":81884,"date":"2024-06-11T09:33:35","date_gmt":"2024-06-11T08:33:35","guid":{"rendered":"https:\/\/paddleshifterz.com\/?post_type=product&#038;p=81884"},"modified":"2025-11-03T07:15:31","modified_gmt":"2025-11-03T06:15:31","slug":"oem-bmw-m-performance-motorsport-f87-decal-set-51142456835","status":"publish","type":"product","link":"https:\/\/paddleshifterz.com\/de\/oem-bmw-m-performance-motorsport-f87-decal-set-51142456835\/","title":{"rendered":"OEM BMW M Performance Motorsport F87 Aufklebersatz - 51142456835"},"content":{"rendered":"","protected":false},"excerpt":{"rendered":"<p>OEM BMW M Performance Motorsport-Folie M2 F87<br \/>\nDie Motorsport-Folie in den typischen M-Farben schafft einen klaren Bezug zum Rennsport und unterstreicht so den sportlichen Charakter des Fahrzeugs. Dar\u00fcber hinaus vermittelt die markante Farbakzentuierung ein Gef\u00fchl von Exklusivit\u00e4t und Individualit\u00e4t.<\/p>\n<p><strong>Einzelheiten zum Produkt:<\/strong><\/p>\n<ul>\n<li>Die Streifen in den drei M-Farben verleihen dem Fahrzeug einen individuellen Charakter und unterstreichen das sportliche Design des Fahrzeugs<\/li>\n<li>Die Motorsportfolie ist optimal und pr\u00e4zise auf die Fahrzeuggeometrie abgestimmt<\/li>\n<li>Das hochwertige Material ist waschstra\u00dfentauglich und garantiert eine lange Lebensdauer und Farbechtheit<\/li>\n<li>Die auf das Fahrzeug abgestimmte Geometrie erm\u00f6glicht ein sicheres und einfaches Anbringen der Folie, ohne in das Fahrzeug schneiden zu m\u00fcssen und die Lackierung zu gef\u00e4hrden<\/li>\n<\/ul>\n<p><strong>Lieferumfang<\/strong><\/p>\n<ul>\n<li>Dekorfolie vorne, hinten, rechts, links<\/li>\n<li>Schablonen<\/li>\n<\/ul>","protected":false},"featured_media":81885,"template":"","meta":{"bwfblock_default_font":""},"product_brand":[],"product_cat":[1113],"product_tag":[],"class_list":{"0":"post-81884","1":"product","2":"type-product","3":"status-publish","4":"has-post-thumbnail","6":"product_cat-exterior","7":"product_shipping_class-shifterz","8":"pa_brand-bmw","9":"pa_brand-m-performance","10":"pa_product-type-oem-original-equipment-manufacturer","11":"pa_vehicles-bmw-f87-m2","13":"first","14":"onbackorder","15":"taxable","16":"shipping-taxable","17":"purchasable","18":"product-type-simple"},"bundled_by":[],"bundle_stock_status":"onbackorder","bundle_stock_quantity":-4,"bundle_virtual":false,"bundle_layout":"","bundle_add_to_cart_form_location":"","bundle_editable_in_cart":false,"bundle_sold_individually_context":"","bundle_item_grouping":"","bundle_min_size":"","bundle_max_size":"","bundle_price":[],"bundled_items":[],"bundle_sell_ids":[],"_links":{"self":[{"href":"https:\/\/paddleshifterz.com\/de\/wp-json\/wp\/v2\/product\/81884","targetHints":{"allow":["GET"]}}],"collection":[{"href":"https:\/\/paddleshifterz.com\/de\/wp-json\/wp\/v2\/product"}],"about":[{"href":"https:\/\/paddleshifterz.com\/de\/wp-json\/wp\/v2\/types\/product"}],"wp:featuredmedia":[{"embeddable":true,"href":"https:\/\/paddleshifterz.com\/de\/wp-json\/wp\/v2\/media\/81885"}],"wp:attachment":[{"href":"https:\/\/paddleshifterz.com\/de\/wp-json\/wp\/v2\/media?parent=81884"}],"wp:term":[{"taxonomy":"product_brand","embeddable":true,"href":"https:\/\/paddleshifterz.com\/de\/wp-json\/wp\/v2\/product_brand?post=81884"},{"taxonomy":"product_cat","embeddable":true,"href":"https:\/\/paddleshifterz.com\/de\/wp-json\/wp\/v2\/product_cat?post=81884"},{"taxonomy":"product_tag","embeddable":true,"href":"https:\/\/paddleshifterz.com\/de\/wp-json\/wp\/v2\/product_tag?post=81884"}],"curies":[{"name":"wp","href":"https:\/\/api.w.org\/{rel}","templated":true}]}}