{"id":81888,"date":"2024-06-11T09:54:06","date_gmt":"2024-06-11T08:54:06","guid":{"rendered":"https:\/\/paddleshifterz.com\/?post_type=product&#038;p=81888"},"modified":"2026-03-05T10:56:06","modified_gmt":"2026-03-05T09:56:06","slug":"oem-bmw-adapter-kit-for-m-performance-rear-spoiler-51622459838","status":"publish","type":"product","link":"https:\/\/paddleshifterz.com\/de\/oem-bmw-adapter-kit-for-m-performance-rear-spoiler-51622459838\/","title":{"rendered":"OEM BMW Fl\u00fcgeladaptersatz - 51622459838"},"content":{"rendered":"","protected":false},"excerpt":{"rendered":"<p>Original BMW Adaptersatz f\u00fcr <a href=\"https:\/\/paddleshifterz.com\/de\/produkt\/oem-bmw-m-performance-carbon-fiber-wing-f8x-51192409319\/\">BMW M Performance Fl\u00fcgel aus Kohlefaser<\/a>. Das Produkt enth\u00e4lt 2 St\u00fcck f\u00fcr die linke und rechte Seite.<\/p>","protected":false},"featured_media":81889,"template":"","meta":{"bwfblock_default_font":""},"product_brand":[],"product_cat":[1211,1113],"product_tag":[],"class_list":{"0":"post-81888","1":"product","2":"type-product","3":"status-publish","4":"has-post-thumbnail","6":"product_cat-carbon-fibre-rear-spoiler","7":"product_cat-exterior","8":"product_shipping_class-shifterz","9":"pa_brand-bmw","10":"pa_product-type-oem-original-equipment-manufacturer","11":"pa_vehicles-bmw-f80-m3","12":"pa_vehicles-bmw-f82-m4","13":"pa_vehicles-bmw-f87-m2","15":"first","16":"onbackorder","17":"taxable","18":"shipping-taxable","19":"purchasable","20":"product-type-simple"},"bundled_by":[],"bundle_stock_status":"onbackorder","bundle_stock_quantity":-3,"bundle_virtual":false,"bundle_layout":"","bundle_add_to_cart_form_location":"","bundle_editable_in_cart":false,"bundle_sold_individually_context":"","bundle_item_grouping":"","bundle_min_size":"","bundle_max_size":"","bundle_price":[],"bundled_items":[],"bundle_sell_ids":[],"_links":{"self":[{"href":"https:\/\/paddleshifterz.com\/de\/wp-json\/wp\/v2\/product\/81888","targetHints":{"allow":["GET"]}}],"collection":[{"href":"https:\/\/paddleshifterz.com\/de\/wp-json\/wp\/v2\/product"}],"about":[{"href":"https:\/\/paddleshifterz.com\/de\/wp-json\/wp\/v2\/types\/product"}],"wp:featuredmedia":[{"embeddable":true,"href":"https:\/\/paddleshifterz.com\/de\/wp-json\/wp\/v2\/media\/81889"}],"wp:attachment":[{"href":"https:\/\/paddleshifterz.com\/de\/wp-json\/wp\/v2\/media?parent=81888"}],"wp:term":[{"taxonomy":"product_brand","embeddable":true,"href":"https:\/\/paddleshifterz.com\/de\/wp-json\/wp\/v2\/product_brand?post=81888"},{"taxonomy":"product_cat","embeddable":true,"href":"https:\/\/paddleshifterz.com\/de\/wp-json\/wp\/v2\/product_cat?post=81888"},{"taxonomy":"product_tag","embeddable":true,"href":"https:\/\/paddleshifterz.com\/de\/wp-json\/wp\/v2\/product_tag?post=81888"}],"curies":[{"name":"wp","href":"https:\/\/api.w.org\/{rel}","templated":true}]}}