{"id":82025,"date":"2024-06-21T13:25:55","date_gmt":"2024-06-21T12:25:55","guid":{"rendered":"https:\/\/paddleshifterz.com\/?post_type=product&#038;p=82025"},"modified":"2026-01-18T08:26:39","modified_gmt":"2026-01-18T07:26:39","slug":"oem-bmw-m-sport-flat-bottom-alcantara-steering-wheel-32307908501","status":"publish","type":"product","link":"https:\/\/paddleshifterz.com\/de\/oem-bmw-m-sport-flat-bottom-alcantara-steering-wheel-32307908501\/","title":{"rendered":"OEM BMW M Abgeflachtes Alcantara Lenkrad - 32307908501"},"content":{"rendered":"<p>OEM BMW M Sport Alcantara-Lenkrad mit flachem Boden aus den BMW G82 M4 LCI Modellen.<\/p>\n<h2>Spezifikationen<\/h2>\n<ul>\n<li>Echtes BMW Alcantara-Lenkrad<\/li>\n<li>Roter Streifen bei der 12-Uhr-Position<\/li>\n<li>M dreifarbig gen\u00e4ht<\/li>\n<li>Flachbodenausf\u00fchrung<\/li>\n<li>Unterst\u00fctzung der Funktion Driving Assistant Professional (DAP)<\/li>\n<\/ul>\n<h2>Wesentliche Merkmale<\/h2>\n<ul>\n<li class=\"p5_table_cell p5t1_description cp_selectable\"><span class=\"p5_cell_content\" title=\"F\u00fcr Fahrzeuge mit Lenkradheizung und Fahrassistent professional und M-Lenkrad Alcantara\">Lenkradheizung: <strong><span class=\"p5_cell_content\" title=\"S248A = Nein S5AUA = Nein S70AA = Nein\">S248A = Nein<\/span><\/strong><\/span><\/li>\n<li class=\"p5_table_cell p5t1_description cp_selectable\"><span class=\"p5_cell_content\" title=\"F\u00fcr Fahrzeuge mit Lenkradheizung und Fahrassistent professional und M-Lenkrad Alcantara\">Driving assistant professional: <strong><span class=\"p5_cell_content\" title=\"S248A = Nein S5AUA = Nein S70AA = Nein\">S5AUA = Ja<\/span><\/strong><\/span><\/li>\n<li class=\"p5_table_cell p5t1_description cp_selectable\"><span class=\"p5_cell_content\" title=\"F\u00fcr Fahrzeuge mit Lenkradheizung und Fahrassistent professional und M-Lenkrad Alcantara\">M Lenkrad Alcantara: <span class=\"p5_cell_content\" title=\"S248A = Nein S5AUA = Nein S70AA = Nein\"><strong>S70AA = Ja<\/strong><\/span><\/span><\/li>\n<\/ul>\n<h2>Passende Fahrzeuge<\/h2>\n<p>Dieses Alcantara-Lenkrad mit Fahrassistent Professional passt zu folgenden Fahrzeugen:<\/p>\n<ul>\n<li>BMW G42<\/li>\n<li>BMW G87 M2<\/li>\n<li>BMW G20<\/li>\n<li>BMW G21<\/li>\n<li>BMW G22<\/li>\n<li>BMW G23<\/li>\n<li>BMW G26 (G26 i4)<\/li>\n<li>BMW G80 M3<\/li>\n<li>BMW G81 M3<\/li>\n<li>BMW G82 M4<\/li>\n<li>BMW G83 M4<\/li>\n<li>BMW G29 Z4<\/li>\n<\/ul>\n<h2>Welche weiteren Produkte werden f\u00fcr den Einbau dieses Lenkrads in Ihr Vor-LCI-Fahrzeug ben\u00f6tigt?<\/h2>\n<p>Um dieses Lenkrad in Ihr Vor-LCI-Fahrzeug einbauen zu k\u00f6nnen, ben\u00f6tigen Sie die folgenden zus\u00e4tzlichen Teile:<\/p>\n<ul class=\"wp-block-list\">\n<li><strong><a href=\"https:\/\/paddleshifterz.com\/de\/produkt\/oem-bmw-m-sport-vibrationsaktor-lci-32305a8a8d8\/\">Vibrationsmotor<\/a>\u00a0<\/strong>und<strong>\u00a0<a href=\"https:\/\/paddleshifterz.com\/de\/produkt\/oem-bmw-m-sport-steering-wheel-bottom-cover-lci-32305a8a910\/\">Abdeckung<\/a><\/strong><\/li>\n<li><a href=\"https:\/\/paddleshifterz.com\/de\/produkt\/oem-bmw-m-sport-steering-wheel-top-part-m4-lci-32305a8a907\/\"><strong>Obere Abdeckung<\/strong>\u00a0(zwischen den Tasten M1 und M2)<\/a>(sowohl f\u00fcr M- als auch f\u00fcr Nicht-M-Modelle)<\/li>\n<li><a href=\"https:\/\/paddleshifterz.com\/de\/produkt\/oem-bmw-m-sport-steering-wheel-screw-set-32305a8a8e2\/\">Satz Schrauben<\/a> (fakultativ)<\/li>\n<li><strong>Neue Lenkradverkleidungen:<\/strong>\n<ul class=\"wp-block-list\">\n<li><strong>F\u00fcr M-Modelle<\/strong> (die Blende hat Aussparungen f\u00fcr die Tasten M1 und M2)\n<ul class=\"wp-block-list\">\n<li><a href=\"https:\/\/paddleshifterz.com\/de\/produkt\/oem-bmw-m-sport-steering-wheel-trim-m4-lci-32307908506-32307908505\/\">Carbon<\/a><\/li>\n<li><a href=\"https:\/\/paddleshifterz.com\/de\/produkt\/oem-bmw-m-sport-steering-wheel-trim-m4-lci-32307908504-32307908503\/\">Silver plastic<\/a><\/li>\n<\/ul>\n<\/li>\n<li><strong>F\u00fcr Nicht-M-Modelle<\/strong>\n<ul class=\"wp-block-list\">\n<li><a href=\"https:\/\/paddleshifterz.com\/de\/produkt\/oem-bmw-m-sport-steering-wheel-trim-g2x-lci-32305a8a908-32305a8a909\/\">Silver plastic<\/a><\/li>\n<li><em>Ab sofort gibt es keine Carbon-Verkleidungen mehr ohne die Aussparungen f\u00fcr die Tasten M1, M2<\/em><\/li>\n<\/ul>\n<\/li>\n<\/ul>\n<\/li>\n<li><a href=\"https:\/\/paddleshifterz.com\/de\/oem-bmw-m4-lci-flat-bottom-steering-wheels-buyers-guide\/\">Neuer Kabelbaum, Sie finden ihn hier.<\/a><\/li>\n<\/ul>\n<h2>Installationsanleitung<\/h2>\n<p>Wir haben ein Video-Tutorial vorbereitet, um Ihnen zu zeigen, wie Sie dieses Lenkrad von Anfang bis Ende zusammenbauen k\u00f6nnen, <a href=\"https:\/\/paddleshifterz.com\/de\/bmw-flat-bottom-steering-wheel-how-to-assemble\/\">finden Sie es hier.<\/a><\/p>\n<p><strong>Dieses Produkt enth\u00e4lt nur das Lenkradkranz.<\/strong><\/p>","protected":false},"excerpt":{"rendered":"<p>OEM BMW M Sport Alcantara Lenkrad aus den G82 M4 LCI Modellen mit Unterst\u00fctzung f\u00fcr <strong>Fahrassistent Professional<\/strong>, SKU: 32307908501.<\/p>","protected":false},"featured_media":83603,"template":"","meta":{"bwfblock_default_font":""},"product_brand":[],"product_cat":[593,617],"product_tag":[],"class_list":{"0":"post-82025","1":"product","2":"type-product","3":"status-publish","4":"has-post-thumbnail","6":"product_cat-interior","7":"product_cat-bmw-steering-wheels","8":"product_shipping_class-shifterz","9":"pa_brand-bmw","10":"pa_product-type-oem-original-equipment-manufacturer","11":"pa_vehicles-bmw-g20","12":"pa_vehicles-bmw-g21","13":"pa_vehicles-bmw-g22","14":"pa_vehicles-bmw-g23","15":"pa_vehicles-bmw-g26-grancoupe","16":"pa_vehicles-bmw-g42","17":"pa_vehicles-bmw-g80-m3","18":"pa_vehicles-bmw-g81-m3-touring","19":"pa_vehicles-bmw-g82-m4-csl","20":"pa_vehicles-bmw-g82-m4","21":"pa_vehicles-bmw-g83-m4","22":"pa_vehicles-bmw-g87-m2","23":"pa_vehicles-bmw-i4-g26","25":"first","26":"onbackorder","27":"taxable","28":"shipping-taxable","29":"purchasable","30":"product-type-simple"},"bundled_by":[],"bundle_stock_status":"onbackorder","bundle_stock_quantity":-5,"bundle_virtual":false,"bundle_layout":"","bundle_add_to_cart_form_location":"","bundle_editable_in_cart":false,"bundle_sold_individually_context":"","bundle_item_grouping":"","bundle_min_size":"","bundle_max_size":"","bundle_price":[],"bundled_items":[],"bundle_sell_ids":[],"_links":{"self":[{"href":"https:\/\/paddleshifterz.com\/de\/wp-json\/wp\/v2\/product\/82025","targetHints":{"allow":["GET"]}}],"collection":[{"href":"https:\/\/paddleshifterz.com\/de\/wp-json\/wp\/v2\/product"}],"about":[{"href":"https:\/\/paddleshifterz.com\/de\/wp-json\/wp\/v2\/types\/product"}],"wp:featuredmedia":[{"embeddable":true,"href":"https:\/\/paddleshifterz.com\/de\/wp-json\/wp\/v2\/media\/83603"}],"wp:attachment":[{"href":"https:\/\/paddleshifterz.com\/de\/wp-json\/wp\/v2\/media?parent=82025"}],"wp:term":[{"taxonomy":"product_brand","embeddable":true,"href":"https:\/\/paddleshifterz.com\/de\/wp-json\/wp\/v2\/product_brand?post=82025"},{"taxonomy":"product_cat","embeddable":true,"href":"https:\/\/paddleshifterz.com\/de\/wp-json\/wp\/v2\/product_cat?post=82025"},{"taxonomy":"product_tag","embeddable":true,"href":"https:\/\/paddleshifterz.com\/de\/wp-json\/wp\/v2\/product_tag?post=82025"}],"curies":[{"name":"wp","href":"https:\/\/api.w.org\/{rel}","templated":true}]}}