{"id":82106,"date":"2024-06-25T10:37:06","date_gmt":"2024-06-25T09:37:06","guid":{"rendered":"https:\/\/paddleshifterz.com\/?post_type=product&#038;p=82106"},"modified":"2026-01-13T11:50:28","modified_gmt":"2026-01-13T10:50:28","slug":"oem-bmw-m-sport-steering-wheel-trim-m4-lci-32307908504-32307908503","status":"publish","type":"product","link":"https:\/\/paddleshifterz.com\/de\/oem-bmw-m-sport-steering-wheel-trim-m4-lci-32307908504-32307908503\/","title":{"rendered":"OEM BMW M Sport LCI Silber Lenkradblende"},"content":{"rendered":"<p>OEM BMW M Sport Lenkradverkleidung aus den BMW G82 M4 LCI Modellen, SKU: 32307908504 oder 32307908503.<\/p>\n<h2>Passende Fahrzeuge<\/h2>\n<p>Diese Lenkradverkleidung passt f\u00fcr Fahrzeuge mit den folgenden Merkmalen:<\/p>\n<ul>\n<li class=\"p5_table_cell p5t1_description cp_selectable\">\n<div class=\"p5_table_cell p5t1_description cp_selectable\"><strong><span class=\"p5_cell_content\" title=\"F\u00fcr Fahrzeuge mit Interieurleisten, Kohlefaser und Fahrassistent professional\">Innenverkleidungen, Karbonfaser: <span class=\"p5_cell_content\" title=\"S4MCA = Nein S5AUA = Nein\">S4MCA = Nein<\/span><\/span><\/strong><\/div>\n<\/li>\n<li class=\"p5_table_cell p5t1_description cp_selectable\">\n<div class=\"p5_table_cell p5t1_description cp_selectable\"><strong><span class=\"p5_cell_content\" title=\"F\u00fcr Fahrzeuge mit Interieurleisten, Kohlefaser und Fahrassistent professional\"><span class=\"p5_cell_content\" title=\"S4MCA = Nein S5AUA = Nein\">Driving assistant professional:<\/span><\/span><span class=\"p5_cell_content\" title=\"S4MCA = Nein S5AUA = Nein\"> S5AUA = Ja\/Nein<\/span><\/strong><\/div>\n<\/li>\n<li><strong>F\u00fcr M-Modelle - oben sind Aussparungen f\u00fcr die Tasten M1 und M2 vorhanden<\/strong><\/li>\n<\/ul>\n<p><em>Dieses Produkt enth\u00e4lt nur die Lenkradverkleidung. F\u00fcr Carbonfaser-Lenkradverkleidung, <a href=\"https:\/\/paddleshifterz.com\/de\/oem-bmw-m-sport-steering-wheel-trim-m4-lci-32307908506-32307908505\/\">besuchen Sie bitte dieses Produkt.<\/a><\/em><\/p>\n<h2>Passende Fahrzeuge<\/h2>\n<p>Passend f\u00fcr alle BMW M Modelle der 2er, 3er und 4er Reihe. Passt nur f\u00fcr Fahrzeuge mit installierten M1 und M2 Tasten. Geeignet f\u00fcr die folgenden Modelle:<\/p>\n<ul>\n<li><a href=\"https:\/\/paddleshifterz.com\/de\/vehicles\/bmw-g87-m2\/\">BMW G87 M2<\/a><\/li>\n<li><a href=\"https:\/\/paddleshifterz.com\/de\/vehicles\/bmw-g80-m3\/\">BMW G80 M3<\/a><\/li>\n<li><a href=\"https:\/\/paddleshifterz.com\/de\/vehicles\/bmw-g81-m3-touring\/\">BMW G81 M3 Touring<\/a><\/li>\n<li><a href=\"https:\/\/paddleshifterz.com\/de\/vehicles\/bmw-g82-m4\/\">BMW G82 M4<\/a><\/li>\n<li><a href=\"https:\/\/paddleshifterz.com\/de\/vehicles\/bmw-g83-m4\/\">BMW G83 M4<\/a><\/li>\n<\/ul>\n<p>F\u00fcr Nicht-M-Modelle (ohne M1- und M2-Tasten) empfehlen wir\u00a0<a href=\"https:\/\/paddleshifterz.com\/de\/oem-bmw-m-sport-steering-wheel-trim-g2x-lci-32305a8a908-32305a8a909\/\">this steering wheel trim here.<\/a><\/p>\n<h2>Fahrerseite<\/h2>\n<p><a href=\"https:\/\/paddleshifterz.com\/de\/oem-bmw-lci-flat-bottom-steering-wheel-all-options\/\">Das passende Lenkrad finden Sie hier.<\/a><\/p>\n<h2>Unboxing<\/h2>\n<p>Schauen Sie sich das Unboxing-Video unten an, um zu sehen, was sich in der Schachtel befindet, und um sich das Produkt vor dem Kauf genauer anzusehen.<\/p>\n<p><iframe loading=\"lazy\" title=\"YouTube-Video-Player\" src=\"https:\/\/www.youtube.com\/embed\/ypLryNfgkSk\" width=\"560\" height=\"315\" frameborder=\"0\" allowfullscreen=\"allowfullscreen\"><span data-mce-type=\"bookmark\" style=\"display: inline-block; width: 0px; overflow: hidden; line-height: 0;\" class=\"mce_SELRES_start\"><\/span><\/iframe><\/p>\n<h2>Montage<\/h2>\n<p>Wir haben ein Video-Tutorial vorbereitet, um Ihnen zu zeigen, wie Sie dieses Lenkrad von Anfang bis Ende zusammenbauen k\u00f6nnen,<a href=\"https:\/\/paddleshifterz.com\/de\/bmw-flat-bottom-steering-wheel-how-to-assemble\/\">\u00a0finden Sie es hier.<\/a><\/p>\n<p><strong>Dieses Produkt enth\u00e4lt nur die Lenkradverkleidung.<\/strong><\/p>","protected":false},"excerpt":{"rendered":"<p>OEM BMW M Sport silberne Lenkradverkleidung aus Kunststoff aus den G82 M4 LCI Modellen, mit oder ohne <strong>Unterst\u00fctzung f\u00fcr professionelle Fahrassistenten<\/strong>.<\/p>\n<p>SKU: 32307908503, 32307908504<\/p>","protected":false},"featured_media":82513,"template":"","meta":{"bwfblock_default_font":""},"product_brand":[],"product_cat":[593,608],"product_tag":[],"class_list":{"0":"post-82106","1":"product","2":"type-product","3":"status-publish","4":"has-post-thumbnail","6":"product_cat-interior","7":"product_cat-steering-wheel-trims","8":"product_shipping_class-shifterz","9":"pa_brand-bmw","10":"pa_product-type-oem-original-equipment-manufacturer","11":"pa_vehicles-bmw-g20","12":"pa_vehicles-bmw-g21","13":"pa_vehicles-bmw-g22","14":"pa_vehicles-bmw-g23","15":"pa_vehicles-bmw-g26-grancoupe","16":"pa_vehicles-bmw-g42","17":"pa_vehicles-bmw-g80-m3","18":"pa_vehicles-bmw-g81-m3-touring","19":"pa_vehicles-bmw-g82-m4-csl","20":"pa_vehicles-bmw-g82-m4","21":"pa_vehicles-bmw-g83-m4","22":"pa_vehicles-bmw-g87-m2","23":"pa_vehicles-bmw-i4-g26","25":"first","26":"instock","27":"taxable","28":"shipping-taxable","29":"purchasable","30":"product-type-variable"},"bundled_by":[],"bundle_stock_status":"instock","bundle_stock_quantity":null,"bundle_virtual":false,"bundle_layout":"","bundle_add_to_cart_form_location":"","bundle_editable_in_cart":false,"bundle_sold_individually_context":"","bundle_item_grouping":"","bundle_min_size":"","bundle_max_size":"","bundle_price":[],"bundled_items":[],"bundle_sell_ids":[],"_links":{"self":[{"href":"https:\/\/paddleshifterz.com\/de\/wp-json\/wp\/v2\/product\/82106","targetHints":{"allow":["GET"]}}],"collection":[{"href":"https:\/\/paddleshifterz.com\/de\/wp-json\/wp\/v2\/product"}],"about":[{"href":"https:\/\/paddleshifterz.com\/de\/wp-json\/wp\/v2\/types\/product"}],"wp:featuredmedia":[{"embeddable":true,"href":"https:\/\/paddleshifterz.com\/de\/wp-json\/wp\/v2\/media\/82513"}],"wp:attachment":[{"href":"https:\/\/paddleshifterz.com\/de\/wp-json\/wp\/v2\/media?parent=82106"}],"wp:term":[{"taxonomy":"product_brand","embeddable":true,"href":"https:\/\/paddleshifterz.com\/de\/wp-json\/wp\/v2\/product_brand?post=82106"},{"taxonomy":"product_cat","embeddable":true,"href":"https:\/\/paddleshifterz.com\/de\/wp-json\/wp\/v2\/product_cat?post=82106"},{"taxonomy":"product_tag","embeddable":true,"href":"https:\/\/paddleshifterz.com\/de\/wp-json\/wp\/v2\/product_tag?post=82106"}],"curies":[{"name":"wp","href":"https:\/\/api.w.org\/{rel}","templated":true}]}}