{"id":82314,"date":"2024-07-07T17:39:30","date_gmt":"2024-07-07T16:39:30","guid":{"rendered":"https:\/\/paddleshifterz.com\/?post_type=product&#038;p=82314"},"modified":"2025-10-24T07:39:08","modified_gmt":"2025-10-24T06:39:08","slug":"magnetic-upgrade-kit-component-for-bmw-toyota-and-mini-vehicles","status":"publish","type":"product","link":"https:\/\/paddleshifterz.com\/de\/magnetic-upgrade-kit-component-for-bmw-toyota-and-mini-vehicles\/","title":{"rendered":"Magnetisches Upgrade-Kit f\u00fcr BMW, Toyota und MINI"},"content":{"rendered":"<p>Erh\u00f6hen Sie Ihr Fahrerlebnis mit unserem <strong>Magnetisches Upgrade-Kit<\/strong>exklusiv f\u00fcr unsere Kunden entwickelt <a href=\"https:\/\/paddleshifterz.com\/de\/produkt\/modular-carbon-fiber-paddle-shifters-for-bmw-f-series\/\">strukturierte und gl\u00e4nzende Karbonfaser-Schaltwippen.<\/a> (kann aber auch in andere Shifter eingebaut werden, siehe die vollst\u00e4ndige Liste unten)<\/p>\n<p>Verwandeln Sie Ihre aktuellen, serienm\u00e4\u00dfigen Schaltwippen in ein Hochleistungssystem mit der Pr\u00e4zision und dem taktilen Feedback von Motorsportfahrzeugen.<\/p>\n<h2>Wesentliche Merkmale<\/h2>\n<ul>\n<li><strong>Verbessertes taktiles Feedback: <\/strong>Erleben Sie das befriedigende Klickger\u00e4usch des magnetischen Widerstands, das f\u00fcr ein angenehmeres und pr\u00e4ziseres Schaltungserlebnis sorgt.<\/li>\n<li><strong>Motorsport Technologie: <\/strong>Integriert fortschrittliche Magnettechnologie, die im professionellen Motorsport eingesetzt wird, und sorgt so f\u00fcr \u00fcberragende Leistung Ihrer Schaltwippen.<\/li>\n<li><strong>Einfache und schnelle Installation: <\/strong>Entwickelt f\u00fcr die nahtlose Integration mit unseren Standard-Wippenschaltern, so dass der Upgrade-Prozess nur etwa eine Minute dauert. Es ist super einfach und schnell, so dass Sie Ihre aktualisierten Schalthebel fast sofort genie\u00dfen k\u00f6nnen. Au\u00dferdem k\u00f6nnen Sie bei Bedarf ganz einfach zum nicht magnetischen Modus zur\u00fcckkehren. Erfahren Sie, wie Sie <a href=\"https:\/\/paddleshifterz.com\/de\/install\/\">installieren Sie sie hier.<\/a><\/li>\n<li><strong>Langlebigkeit und Verl\u00e4sslichkeit: <\/strong>Gefertigt aus hochwertigen Materialien, die einer harten Beanspruchung standhalten und eine lange Lebensdauer gew\u00e4hrleisten.<\/li>\n<\/ul>\n<p>R\u00fcsten Sie Ihre Schaltwippen mit unserem Magnetic Upgrade Kit auf und genie\u00dfen Sie den Nervenkitzel der Motorsporttechnologie bei Ihrer t\u00e4glichen Fahrt.<\/p>\n<h2>Compatible paddle shifters<\/h2>\n<ul>\n<li><a href=\"https:\/\/paddleshifterz.com\/de\/produkt\/modular-carbon-fiber-paddle-shifters-for-bmw-f-series\/\">Carbon-Schaltwippen f\u00fcr BMW F-Serie<\/a><\/li>\n<li><a href=\"https:\/\/paddleshifterz.com\/de\/produkt\/magnetic-gloss-carbon-fiber-paddle-shifters-for-mini\/\">Carbonfaser-Schaltwippen f\u00fcr MINI F Serie<\/a><\/li>\n<li><a href=\"https:\/\/paddleshifterz.com\/de\/produkt\/modular-carbon-fiber-paddle-shifters-for-f-g-series-and-supra\/\">Modulare Carbonfaser-Schaltwippen f\u00fcr BMW G-Serie und Supra<\/a><\/li>\n<li><a href=\"https:\/\/paddleshifterz.com\/de\/produkt\/magnetic-aluminium-paddle-shifters-for-bmw-gx-and-supra\/\">Modulare Aluminium-Schaltwippen f\u00fcr BMW G-Serie und Supra<\/a><\/li>\n<\/ul>\n<h2>Was ist inbegriffen?<\/h2>\n<ul>\n<li>1x magnetischer Nachr\u00fcstsatz f\u00fcr Schaltwippen<\/li>\n<li><em>(enth\u00e4lt nicht die eigentlichen Schaltwippen, diese k\u00f6nnen separat erworben werden)<\/em><\/li>\n<\/ul>\n<h2>Wie Sie Ihre Schaltwippen aufr\u00fcsten<\/h2>\n<p>Erfahren Sie, wie Sie Ihre serienm\u00e4\u00dfigen Schaltwippen mit unserem magnetischen Nachr\u00fcstsatz aufr\u00fcsten k\u00f6nnen.<\/p>\n<p><iframe loading=\"lazy\" title=\"YouTube-Video-Player\" src=\"https:\/\/www.youtube.com\/embed\/-n25kwetpZc?si=RWPtp_D2UG8Hl0IO\" width=\"560\" height=\"315\" frameborder=\"0\" allowfullscreen=\"allowfullscreen\"><\/iframe><\/p>\n<ul>\n<li><\/li>\n<\/ul>","protected":false},"excerpt":{"rendered":"<p>Erh\u00f6hen Sie Ihr Fahrerlebnis mit unserem <strong>Magnetisches Upgrade-Kit<\/strong>, <span style=\"text-decoration: underline;\"><strong>designed exclusively for our own<\/strong><\/span>. Verwandeln Sie Ihr aktuelles Setup in ein Hochleistungssystem mit der Pr\u00e4zision und dem taktilen Feedback, das man in Motorsportfahrzeugen findet.<\/p>","protected":false},"featured_media":82301,"template":"","meta":{"bwfblock_default_font":""},"product_brand":[],"product_cat":[1216,433],"product_tag":[],"class_list":{"0":"post-82314","1":"product","2":"type-product","3":"status-publish","4":"has-post-thumbnail","6":"product_cat-magnetic-paddle-shifters","7":"product_cat-paddle-shifters","8":"product_shipping_class-shifterz","9":"pa_brand-paddleshifterz","10":"pa_product-type-aftermarket","11":"pa_vehicles-bmw-f06-f12-f13","12":"pa_vehicles-bmw-m6-f06-f12-f13","13":"pa_vehicles-bmw-f07-gt","14":"pa_vehicles-bmw-m5-f10","15":"pa_vehicles-bmw-f10-f11","16":"pa_vehicles-bmw-f15-x5","17":"pa_vehicles-bmw-f16-x6","18":"pa_vehicles-bmw-f20-f21","19":"pa_vehicles-bmw-f22-f23","20":"pa_vehicles-bmw-f25-x3","21":"pa_vehicles-bmw-f26-x4","22":"pa_vehicles-bmw-f30","23":"pa_vehicles-bmw-f31","24":"pa_vehicles-bmw-f32","25":"pa_vehicles-bmw-f33","26":"pa_vehicles-bmw-f34","27":"pa_vehicles-bmw-f36","28":"pa_vehicles-bmw-f39-x2","29":"pa_vehicles-bmw-f40","30":"pa_vehicles-bmw-f44","31":"pa_vehicles-bmw-f45","32":"pa_vehicles-bmw-f46","33":"pa_vehicles-bmw-f47-x2","34":"pa_vehicles-bmw-f48-x1","35":"pa_vehicles-bmw-f80-m3","36":"pa_vehicles-bmw-f82-m4","37":"pa_vehicles-4-series-f83-m4","38":"pa_vehicles-bmw-f85-x5m","39":"pa_vehicles-bmw-f86-x6m","40":"pa_vehicles-bmw-f87-m2","41":"pa_vehicles-bmw-f90-m5","42":"pa_vehicles-bmw-m8-f91-f92-f93","43":"pa_vehicles-bmw-f95-x5m","44":"pa_vehicles-bmw-f96-x6m","45":"pa_vehicles-bmw-f97-x3m","46":"pa_vehicles-bmw-f98-x4m","47":"pa_vehicles-bmw-g01-x3","48":"pa_vehicles-bmw-g02-x4","49":"pa_vehicles-bmw-g05-x5","50":"pa_vehicles-bmw-x6-g06","51":"pa_vehicles-bmw-g07-x7","52":"pa_vehicles-bmw-g07-x7-lci","53":"pa_vehicles-bmw-g09-xm","54":"pa_vehicles-bmw-g11-g12","55":"pa_vehicles-bmw-g14-g15-g16","56":"pa_vehicles-bmw-g20","57":"pa_vehicles-bmw-g21","58":"pa_vehicles-bmw-g22","59":"pa_vehicles-bmw-g23","60":"pa_vehicles-bmw-g26-grancoupe","61":"pa_vehicles-bmw-z4-g29","62":"pa_vehicles-bmw-g30","63":"pa_vehicles-bmw-g31","64":"pa_vehicles-bmw-g32","65":"pa_vehicles-bmw-g42","66":"pa_vehicles-bmw-g80-m3","67":"pa_vehicles-bmw-g81-m3-touring","68":"pa_vehicles-bmw-g82-m4-csl","69":"pa_vehicles-bmw-g82-m4","70":"pa_vehicles-bmw-g83-m4","71":"pa_vehicles-bmw-g87-m2","72":"pa_vehicles-bmw-i8","73":"pa_vehicles-mini-f54","74":"pa_vehicles-mini-f55","75":"pa_vehicles-mini-f56","76":"pa_vehicles-mini-f56-gp3","77":"pa_vehicles-mini-f57","78":"pa_vehicles-mini-f60-countryman","79":"pa_vehicles-supra-a90-a91","81":"first","82":"outofstock","83":"taxable","84":"shipping-taxable","85":"purchasable","86":"product-type-simple"},"bundled_by":["100339","83999","83212","83154"],"bundle_stock_status":"outofstock","bundle_stock_quantity":-1,"bundle_virtual":false,"bundle_layout":"","bundle_add_to_cart_form_location":"","bundle_editable_in_cart":false,"bundle_sold_individually_context":"","bundle_item_grouping":"","bundle_min_size":"","bundle_max_size":"","bundle_price":[],"bundled_items":[],"bundle_sell_ids":[],"_links":{"self":[{"href":"https:\/\/paddleshifterz.com\/de\/wp-json\/wp\/v2\/product\/82314","targetHints":{"allow":["GET"]}}],"collection":[{"href":"https:\/\/paddleshifterz.com\/de\/wp-json\/wp\/v2\/product"}],"about":[{"href":"https:\/\/paddleshifterz.com\/de\/wp-json\/wp\/v2\/types\/product"}],"wp:featuredmedia":[{"embeddable":true,"href":"https:\/\/paddleshifterz.com\/de\/wp-json\/wp\/v2\/media\/82301"}],"wp:attachment":[{"href":"https:\/\/paddleshifterz.com\/de\/wp-json\/wp\/v2\/media?parent=82314"}],"wp:term":[{"taxonomy":"product_brand","embeddable":true,"href":"https:\/\/paddleshifterz.com\/de\/wp-json\/wp\/v2\/product_brand?post=82314"},{"taxonomy":"product_cat","embeddable":true,"href":"https:\/\/paddleshifterz.com\/de\/wp-json\/wp\/v2\/product_cat?post=82314"},{"taxonomy":"product_tag","embeddable":true,"href":"https:\/\/paddleshifterz.com\/de\/wp-json\/wp\/v2\/product_tag?post=82314"}],"curies":[{"name":"wp","href":"https:\/\/api.w.org\/{rel}","templated":true}]}}