{"id":82373,"date":"2024-07-10T13:39:00","date_gmt":"2024-07-10T12:39:00","guid":{"rendered":"https:\/\/paddleshifterz.com\/?post_type=product&#038;p=82373"},"modified":"2026-03-03T09:24:22","modified_gmt":"2026-03-03T08:24:22","slug":"oem-bmw-m-performance-1063m-silver-95jx20et20-36108089391","status":"publish","type":"product","link":"https:\/\/paddleshifterz.com\/de\/oem-bmw-m-performance-1063m-silver-95jx20et20-36108089391\/","title":{"rendered":"OEM BMW M Performance 1063M Silber 9,5Jx20ET20 - 36108089391"},"content":{"rendered":"<h2>Wheel specs<\/h2>\n<ul>\n<li>Breite: 9,5J<\/li>\n<li>Gr\u00f6\u00dfe: 20 Zoll<\/li>\n<li>Versatz: ET20<\/li>\n<li>Teilenummer: 36108089391<\/li>\n<li>Standort: Vorderachse (<a href=\"https:\/\/paddleshifterz.com\/de\/oem-bmw-m-performance-1063m-silver-105jx21et20-36108089392\/\">Rad f\u00fcr Hinterachse finden Sie hier<\/a>)<\/li>\n<\/ul>\n<h2>Passende Fahrzeuge<\/h2>\n<p>Dieses M Performance Rad, Felge passt auf folgende Fahrzeuge:<\/p>\n<ul>\n<li><a href=\"https:\/\/paddleshifterz.com\/de\/vehicles\/bmw-g87-m2\/\">BMW G87 M2<\/a><\/li>\n<li><a href=\"https:\/\/paddleshifterz.com\/de\/vehicles\/bmw-g80-m3\/\">BMW G80 M3<\/a><\/li>\n<li><a href=\"https:\/\/paddleshifterz.com\/de\/vehicles\/bmw-g81-m3-touring\/\">BMW G81 M3 Touring<\/a><\/li>\n<li><a href=\"https:\/\/paddleshifterz.com\/de\/vehicles\/bmw-g82-m4\/\">BMW G82 M4<\/a><\/li>\n<li><a href=\"https:\/\/paddleshifterz.com\/de\/vehicles\/bmw-g83-m4\/\">BMW G83 M4<\/a><\/li>\n<li>May fit to other vehicles too with the same bolt pattern, please check fitment with an online guide such as: <a href=\"https:\/\/www.willtheyfit.com\" target=\"_blank\" rel=\"noopener\">https:\/\/www.willtheyfit.com\/<\/a><\/li>\n<\/ul>","protected":false},"excerpt":{"rendered":"<p>OEM BMW M Performance 1063M Style Silver 20 inch wheels (without tires).<\/p>\n<p>Suchen Sie das Hinterrad? <a href=\"https:\/\/paddleshifterz.com\/de\/oem-bmw-m-performance-1063m-silver-105jx21et20-36108089392\/\">Klicken Sie hier f\u00fcr das Hinterrad in der Gr\u00f6\u00dfe: 10,5Jx21ET20<\/a><\/p>\n<p>SKU: 36108089391<\/p>","protected":false},"featured_media":83184,"template":"","meta":{"bwfblock_default_font":""},"product_brand":[],"product_cat":[1107],"product_tag":[],"class_list":{"0":"post-82373","1":"product","2":"type-product","3":"status-publish","4":"has-post-thumbnail","6":"product_cat-bmw-mini-wheels-and-tires","7":"product_shipping_class-shifterz","8":"pa_brand-bmw","9":"pa_brand-m-performance","10":"pa_product-type-oem-original-equipment-manufacturer","11":"pa_vehicles-bmw-g80-m3","12":"pa_vehicles-bmw-g81-m3-touring","13":"pa_vehicles-bmw-g82-m4-csl","14":"pa_vehicles-bmw-g82-m4","15":"pa_vehicles-bmw-g83-m4","16":"pa_vehicles-bmw-g87-m2","18":"first","19":"onbackorder","20":"taxable","21":"shipping-taxable","22":"purchasable","23":"product-type-simple"},"bundled_by":[],"bundle_stock_status":"onbackorder","bundle_stock_quantity":-2,"bundle_virtual":false,"bundle_layout":"","bundle_add_to_cart_form_location":"","bundle_editable_in_cart":false,"bundle_sold_individually_context":"","bundle_item_grouping":"","bundle_min_size":"","bundle_max_size":"","bundle_price":[],"bundled_items":[],"bundle_sell_ids":[],"_links":{"self":[{"href":"https:\/\/paddleshifterz.com\/de\/wp-json\/wp\/v2\/product\/82373","targetHints":{"allow":["GET"]}}],"collection":[{"href":"https:\/\/paddleshifterz.com\/de\/wp-json\/wp\/v2\/product"}],"about":[{"href":"https:\/\/paddleshifterz.com\/de\/wp-json\/wp\/v2\/types\/product"}],"wp:featuredmedia":[{"embeddable":true,"href":"https:\/\/paddleshifterz.com\/de\/wp-json\/wp\/v2\/media\/83184"}],"wp:attachment":[{"href":"https:\/\/paddleshifterz.com\/de\/wp-json\/wp\/v2\/media?parent=82373"}],"wp:term":[{"taxonomy":"product_brand","embeddable":true,"href":"https:\/\/paddleshifterz.com\/de\/wp-json\/wp\/v2\/product_brand?post=82373"},{"taxonomy":"product_cat","embeddable":true,"href":"https:\/\/paddleshifterz.com\/de\/wp-json\/wp\/v2\/product_cat?post=82373"},{"taxonomy":"product_tag","embeddable":true,"href":"https:\/\/paddleshifterz.com\/de\/wp-json\/wp\/v2\/product_tag?post=82373"}],"curies":[{"name":"wp","href":"https:\/\/api.w.org\/{rel}","templated":true}]}}