{"id":82623,"date":"2024-07-22T13:47:18","date_gmt":"2024-07-22T12:47:18","guid":{"rendered":"https:\/\/paddleshifterz.com\/?post_type=product&#038;p=82623"},"modified":"2026-03-16T07:56:52","modified_gmt":"2026-03-16T06:56:52","slug":"oem-bmw-m-sport-steering-wheel-wiring-harness-32307908508","status":"publish","type":"product","link":"https:\/\/paddleshifterz.com\/de\/oem-bmw-m-sport-steering-wheel-wiring-harness-32307908508\/","title":{"rendered":"OEM BMW M Sport Lenkrad Kabelbaum \u2013 32307908508"},"content":{"rendered":"<p>OEM BMW M Sport Lenkrad Kabelbaum f\u00fcr das neue Flachbodenlenkrad.<\/p>\n<p>Dieser Kabelbaum ist in vielen verschiedenen Ausf\u00fchrungen erh\u00e4ltlich. Er ist f\u00fcr die folgenden Fahrzeuge geeignet:<\/p>\n<ul>\n<li class=\"p5_table_cell p5t1_description cp_selectable\">\n<div class=\"p5_table_cell p5t1_description cp_selectable\"><b>Lenkradheizung: S248A = Ja\u00a0<\/b><\/div>\n<\/li>\n<li class=\"p5_table_cell p5t1_description cp_selectable\">\n<div class=\"p5_table_cell p5t1_description cp_selectable\"><strong><span class=\"p5_cell_content\" title=\"F\u00fcr Fahrzeuge mit Interieurleisten, Kohlefaser und Fahrassistent professional\"><span class=\"p5_cell_content\" title=\"S4MCA = Nein S5AUA = Nein\">Fahrassistent und professioneller Fahrassistent:<\/span><\/span><span class=\"p5_cell_content\" title=\"S4MCA = Nein S5AUA = Nein\"> S5AUA = Ja<\/span><\/strong><\/div>\n<\/li>\n<li><strong>Nur f\u00fcr M-Modelle<\/strong><\/li>\n<\/ul>\n<p><strong>Haftungsausschluss f\u00fcr Besitzer von Vor-LCI-Fahrzeugen:<\/strong> Sie m\u00fcssen den Kabelbaum austauschen, damit das neue Lenkrad funktioniert und in Ihr Fahrzeug passt. Nur f\u00fcr M-Besitzer, da dieser Kabelbaum Ausg\u00e4nge f\u00fcr die roten M1 und M2 Tasten hat.<\/p>","protected":false},"excerpt":{"rendered":"<p>OEM BMW M Sport Lenkrad Kabelbaum f\u00fcr das abgeflachtes Lenkrad, SKU: 32307908508.<\/p>","protected":false},"featured_media":83252,"template":"","meta":{"bwfblock_default_font":""},"product_brand":[],"product_cat":[593,608,617],"product_tag":[],"class_list":{"0":"post-82623","1":"product","2":"type-product","3":"status-publish","4":"has-post-thumbnail","6":"product_cat-interior","7":"product_cat-steering-wheel-trims","8":"product_cat-bmw-steering-wheels","9":"product_shipping_class-shifterz","10":"pa_brand-bmw","11":"pa_product-type-oem-original-equipment-manufacturer","12":"pa_vehicles-bmw-g42","13":"pa_vehicles-bmw-g80-m3","14":"pa_vehicles-bmw-g81-m3-touring","15":"pa_vehicles-bmw-g82-m4-csl","16":"pa_vehicles-bmw-g82-m4","17":"pa_vehicles-bmw-g83-m4","18":"pa_vehicles-bmw-g87-m2","20":"first","21":"onbackorder","22":"taxable","23":"shipping-taxable","24":"purchasable","25":"product-type-simple"},"bundled_by":["85127"],"bundle_stock_status":"onbackorder","bundle_stock_quantity":-36,"bundle_virtual":false,"bundle_layout":"","bundle_add_to_cart_form_location":"","bundle_editable_in_cart":false,"bundle_sold_individually_context":"","bundle_item_grouping":"","bundle_min_size":"","bundle_max_size":"","bundle_price":[],"bundled_items":[],"bundle_sell_ids":[],"_links":{"self":[{"href":"https:\/\/paddleshifterz.com\/de\/wp-json\/wp\/v2\/product\/82623","targetHints":{"allow":["GET"]}}],"collection":[{"href":"https:\/\/paddleshifterz.com\/de\/wp-json\/wp\/v2\/product"}],"about":[{"href":"https:\/\/paddleshifterz.com\/de\/wp-json\/wp\/v2\/types\/product"}],"wp:featuredmedia":[{"embeddable":true,"href":"https:\/\/paddleshifterz.com\/de\/wp-json\/wp\/v2\/media\/83252"}],"wp:attachment":[{"href":"https:\/\/paddleshifterz.com\/de\/wp-json\/wp\/v2\/media?parent=82623"}],"wp:term":[{"taxonomy":"product_brand","embeddable":true,"href":"https:\/\/paddleshifterz.com\/de\/wp-json\/wp\/v2\/product_brand?post=82623"},{"taxonomy":"product_cat","embeddable":true,"href":"https:\/\/paddleshifterz.com\/de\/wp-json\/wp\/v2\/product_cat?post=82623"},{"taxonomy":"product_tag","embeddable":true,"href":"https:\/\/paddleshifterz.com\/de\/wp-json\/wp\/v2\/product_tag?post=82623"}],"curies":[{"name":"wp","href":"https:\/\/api.w.org\/{rel}","templated":true}]}}