{"id":82769,"date":"2024-07-23T16:52:24","date_gmt":"2024-07-23T15:52:24","guid":{"rendered":"https:\/\/paddleshifterz.com\/?post_type=product&#038;p=82769"},"modified":"2026-03-26T14:25:18","modified_gmt":"2026-03-26T13:25:18","slug":"oem-bmw-m-sport-vibrationsaktor-lci-32305a8a8d8","status":"publish","type":"product","link":"https:\/\/paddleshifterz.com\/de\/oem-bmw-m-sport-vibrationsaktor-lci-32305a8a8d8\/","title":{"rendered":"OEM BMW M Sport Schwingungsd\u00e4mpfer LCI - 32305A8A8D8"},"content":{"rendered":"<p>OEM BMW M Sport Lenkrad vibrationsaktor aus dem neuen G82 M4 LCI Modell. Die Abdeckung f\u00fcr diesen Motor kann sein <a href=\"https:\/\/paddleshifterz.com\/de\/produkt\/oem-bmw-m-sport-steering-wheel-bottom-cover-lci-32305a8a910\/\">hier gefunden<\/a>Sie ist f\u00fcr die Installation erforderlich.<\/p>\n<p><strong>Teilenummer:<\/strong><\/p>\n<ul>\n<li>32305A8A8D8<\/li>\n<\/ul>\n<p><strong>Passform:<\/strong><\/p>\n<ul>\n<li>passend f\u00fcr alle LCI-Modelle (M- und Nicht-M-Modelle) mit den neuen Flachboden-Lenkr\u00e4dern<\/li>\n<\/ul>","protected":false},"excerpt":{"rendered":"<p>OEM BMW M Sport Lenkrad Vibrationsaktor (inklusive 2 Schrauben f\u00fcr die Montage) aus dem neuen G82 M4 LCI Modell, f\u00fcr die neuen LCI Lenkr\u00e4der.<\/p>","protected":false},"featured_media":82931,"template":"","meta":{"bwfblock_default_font":""},"product_brand":[],"product_cat":[593,608],"product_tag":[],"class_list":{"0":"post-82769","1":"product","2":"type-product","3":"status-publish","4":"has-post-thumbnail","6":"product_cat-interior","7":"product_cat-steering-wheel-trims","8":"product_shipping_class-shifterz","9":"pa_brand-bmw","10":"pa_product-type-oem-original-equipment-manufacturer","11":"pa_vehicles-bmw-g20","12":"pa_vehicles-bmw-g21","13":"pa_vehicles-bmw-g22","14":"pa_vehicles-bmw-g23","15":"pa_vehicles-bmw-g26-grancoupe","16":"pa_vehicles-bmw-z4-g29","17":"pa_vehicles-bmw-g42","18":"pa_vehicles-bmw-g80-m3","19":"pa_vehicles-bmw-g81-m3-touring","20":"pa_vehicles-bmw-g82-m4-csl","21":"pa_vehicles-bmw-g82-m4","22":"pa_vehicles-bmw-g83-m4","23":"pa_vehicles-bmw-g87-m2","24":"pa_vehicles-bmw-i4-g26","26":"first","27":"onbackorder","28":"taxable","29":"shipping-taxable","30":"purchasable","31":"product-type-simple"},"bundled_by":[],"bundle_stock_status":"onbackorder","bundle_stock_quantity":-103,"bundle_virtual":false,"bundle_layout":"","bundle_add_to_cart_form_location":"","bundle_editable_in_cart":false,"bundle_sold_individually_context":"","bundle_item_grouping":"","bundle_min_size":"","bundle_max_size":"","bundle_price":[],"bundled_items":[],"bundle_sell_ids":[],"_links":{"self":[{"href":"https:\/\/paddleshifterz.com\/de\/wp-json\/wp\/v2\/product\/82769","targetHints":{"allow":["GET"]}}],"collection":[{"href":"https:\/\/paddleshifterz.com\/de\/wp-json\/wp\/v2\/product"}],"about":[{"href":"https:\/\/paddleshifterz.com\/de\/wp-json\/wp\/v2\/types\/product"}],"wp:featuredmedia":[{"embeddable":true,"href":"https:\/\/paddleshifterz.com\/de\/wp-json\/wp\/v2\/media\/82931"}],"wp:attachment":[{"href":"https:\/\/paddleshifterz.com\/de\/wp-json\/wp\/v2\/media?parent=82769"}],"wp:term":[{"taxonomy":"product_brand","embeddable":true,"href":"https:\/\/paddleshifterz.com\/de\/wp-json\/wp\/v2\/product_brand?post=82769"},{"taxonomy":"product_cat","embeddable":true,"href":"https:\/\/paddleshifterz.com\/de\/wp-json\/wp\/v2\/product_cat?post=82769"},{"taxonomy":"product_tag","embeddable":true,"href":"https:\/\/paddleshifterz.com\/de\/wp-json\/wp\/v2\/product_tag?post=82769"}],"curies":[{"name":"wp","href":"https:\/\/api.w.org\/{rel}","templated":true}]}}