{"id":83467,"date":"2024-08-16T09:04:03","date_gmt":"2024-08-16T08:04:03","guid":{"rendered":"https:\/\/paddleshifterz.com\/?post_type=product&#038;p=83467"},"modified":"2026-01-25T11:55:59","modified_gmt":"2026-01-25T10:55:59","slug":"oem-bmw-black-front-grilles-f87-m2-51712355447-51712355448","status":"publish","type":"product","link":"https:\/\/paddleshifterz.com\/de\/oem-bmw-black-front-grilles-f87-m2-51712355447-51712355448\/","title":{"rendered":"OEM BMW Frontziergitter F87 M2 - 51712355447-51712355448"},"content":{"rendered":"<p>Erh\u00f6hen Sie die \u00c4sthetik der Frontpartie Ihres BMW mit den BMW M Performance Gloss Black Kidney Grills. Diese K\u00fchlergrills sind das perfekte Upgrade f\u00fcr alle, die das sportliche Erscheinungsbild ihres Fahrzeugs mit einem eleganten und modernen Touch aufwerten m\u00f6chten.<\/p>\n<h2>Wesentliche Merkmale<\/h2>\n<ul>\n<li><strong>Auffallend gl\u00e4nzendes schwarzes Finish:<\/strong> Diese Nierengitter haben eine hochgl\u00e4nzende schwarze Oberfl\u00e4che, die Ihrem BMW einen k\u00fchnen, aggressiven Look verleiht. Die tiefe, satte Farbe bietet einen scharfen Kontrast zum Fahrzeuglack, betont das kultige BMW Nierengitter-Design und verleiht ihm einen Hauch von Eleganz.<\/li>\n<li><strong>Hochwertige Konstruktion:<\/strong> Hergestellt aus langlebigen, hochwertigen Materialien. Diese Gitter sind so gebaut, dass sie den Elementen trotzen und gleichzeitig ihr atemberaubendes Aussehen \u00fcber lange Zeit beibehalten. Die robuste Konstruktion sorgt f\u00fcr Langlebigkeit, w\u00e4hrend die gl\u00e4nzend schwarze Oberfl\u00e4che resistent gegen Ausbleichen und Absplittern ist.<\/li>\n<li><strong>M Performance Styling:<\/strong> Als Teil der M Performance Linie spiegeln diese K\u00fchlergrills das Engagement von BMW wider, Stil mit Leistung zu verbinden. Das gl\u00e4nzend schwarze Finish unterstreicht den sportlichen Charakter Ihres M2 und l\u00e4sst ihn auf der Stra\u00dfe oder im Stand hervorstechen.<\/li>\n<li><strong>Perfekte OEM-Passung:<\/strong> Diese K\u00fchlergrills sind so konzipiert, dass sie genau den BMW-Spezifikationen entsprechen und eine nahtlose Passform und Verarbeitung gew\u00e4hrleisten. Sie sind ein direkter Ersatz f\u00fcr die serienm\u00e4\u00dfigen K\u00fchlergrills und stellen somit eine einfache und effektive M\u00f6glichkeit dar, das \u00c4u\u00dfere Ihres BMW zu individualisieren.<\/li>\n<li><strong>SKU: 51712355447, 51712355448 Kompatibilit\u00e4t:<\/strong> Diese K\u00fchlergrills sind kompatibel mit BMW M2 Modellen (Non Competition).<\/li>\n<li><strong>Einfache Installation:<\/strong> Die Installation ist einfach und erfordert keine \u00c4nderungen. Die Gitter sind so konstruiert, dass sie direkt in die vorhandenen Befestigungspunkte passen, so dass eine schnelle und problemlose Aufr\u00fcstung der Fahrzeugfront m\u00f6glich ist.<\/li>\n<\/ul>\n<h2>Passende Fahrzeuge<\/h2>\n<p>Diese schwarz gl\u00e4nzenden BMW-Frontgrills passen auf die <a href=\"https:\/\/paddleshifterz.com\/de\/vehicles\/bmw-f87-m2\/\">BMW F87 M2<\/a> (wie Enthusiasten nennen es die \"OG\"). Nicht kompatibel mit BMW F87 M2 Competition oder CS.<\/p>\n<p>Veredeln Sie die Front Ihres BMW mit den BMW M Performance Gloss Black Kidney Grills. Diese stilvolle und funktionale Erweiterung ist ein Muss f\u00fcr jeden BMW-Enthusiasten, der seinem Fahrzeug einen Hauch von Individualit\u00e4t verleihen m\u00f6chte.<\/p>","protected":false},"excerpt":{"rendered":"<p>OEM BMW M Performance Schwarze Nieren f\u00fcr BMW F87 M2 (Kein Competition) | SKU: 51712355447 und 51712355448<\/p>","protected":false},"featured_media":84336,"template":"","meta":{"bwfblock_default_font":""},"product_brand":[],"product_cat":[1084,1113,1095],"product_tag":[],"class_list":{"0":"post-83467","1":"product","2":"type-product","3":"status-publish","4":"has-post-thumbnail","6":"product_cat-trunk-badges","7":"product_cat-exterior","8":"product_cat-front-grilles","9":"product_shipping_class-shifterz","10":"pa_brand-bmw","11":"pa_product-type-oem-original-equipment-manufacturer","12":"pa_vehicles-bmw-f87-m2","14":"first","15":"onbackorder","16":"taxable","17":"shipping-taxable","18":"purchasable","19":"product-type-simple"},"bundled_by":[],"bundle_stock_status":"onbackorder","bundle_stock_quantity":-2,"bundle_virtual":false,"bundle_layout":"","bundle_add_to_cart_form_location":"","bundle_editable_in_cart":false,"bundle_sold_individually_context":"","bundle_item_grouping":"","bundle_min_size":"","bundle_max_size":"","bundle_price":[],"bundled_items":[],"bundle_sell_ids":[],"_links":{"self":[{"href":"https:\/\/paddleshifterz.com\/de\/wp-json\/wp\/v2\/product\/83467","targetHints":{"allow":["GET"]}}],"collection":[{"href":"https:\/\/paddleshifterz.com\/de\/wp-json\/wp\/v2\/product"}],"about":[{"href":"https:\/\/paddleshifterz.com\/de\/wp-json\/wp\/v2\/types\/product"}],"wp:featuredmedia":[{"embeddable":true,"href":"https:\/\/paddleshifterz.com\/de\/wp-json\/wp\/v2\/media\/84336"}],"wp:attachment":[{"href":"https:\/\/paddleshifterz.com\/de\/wp-json\/wp\/v2\/media?parent=83467"}],"wp:term":[{"taxonomy":"product_brand","embeddable":true,"href":"https:\/\/paddleshifterz.com\/de\/wp-json\/wp\/v2\/product_brand?post=83467"},{"taxonomy":"product_cat","embeddable":true,"href":"https:\/\/paddleshifterz.com\/de\/wp-json\/wp\/v2\/product_cat?post=83467"},{"taxonomy":"product_tag","embeddable":true,"href":"https:\/\/paddleshifterz.com\/de\/wp-json\/wp\/v2\/product_tag?post=83467"}],"curies":[{"name":"wp","href":"https:\/\/api.w.org\/{rel}","templated":true}]}}