{"id":83560,"date":"2024-08-21T09:04:36","date_gmt":"2024-08-21T08:04:36","guid":{"rendered":"https:\/\/paddleshifterz.com\/?post_type=product&#038;p=83560"},"modified":"2025-11-03T07:14:14","modified_gmt":"2025-11-03T06:14:14","slug":"oem-bmw-gloss-black-front-grille-51138078549","status":"publish","type":"product","link":"https:\/\/paddleshifterz.com\/de\/oem-bmw-gloss-black-front-grille-51138078549\/","title":{"rendered":"OEM BMW K\u00fchlergrill schwarz gl\u00e4nzend - 51138078549"},"content":{"rendered":"<p>OEM BMW M Performance Wabengitter schwarz gl\u00e4nzend f\u00fcr den BMW 4er G22 und G23.<\/p>\n<p>Part number: 51138078549<\/p>\n<p><strong>F\u00fcr Fahrzeuge mit:<\/strong><\/p>\n<ul>\n<li>Professioneller Fahrassistent: S5DFA = Nein<\/li>\n<li>Aktiver Tempomat+Stop&amp;Go-Funktion: S5DNA = Nein<\/li>\n<li>Einparkhilfe Plus: S7M9A = Ja<\/li>\n<\/ul>","protected":false},"excerpt":{"rendered":"<p>OEM BMW M Performance Wabengitter schwarz gl\u00e4nzend f\u00fcr den BMW 4er G22 und G23.<\/p>","protected":false},"featured_media":83561,"template":"","meta":{"bwfblock_default_font":""},"product_brand":[],"product_cat":[1113,1095],"product_tag":[],"class_list":{"0":"post-83560","1":"product","2":"type-product","3":"status-publish","4":"has-post-thumbnail","6":"product_cat-exterior","7":"product_cat-front-grilles","8":"product_shipping_class-shifterz","9":"pa_brand-bmw","10":"pa_product-type-oem-original-equipment-manufacturer","11":"pa_vehicles-bmw-g22","12":"pa_vehicles-bmw-g23","14":"first","15":"onbackorder","16":"taxable","17":"shipping-taxable","18":"purchasable","19":"product-type-simple"},"bundled_by":[],"bundle_stock_status":"onbackorder","bundle_stock_quantity":0,"bundle_virtual":false,"bundle_layout":"","bundle_add_to_cart_form_location":"","bundle_editable_in_cart":false,"bundle_sold_individually_context":"","bundle_item_grouping":"","bundle_min_size":"","bundle_max_size":"","bundle_price":[],"bundled_items":[],"bundle_sell_ids":[],"_links":{"self":[{"href":"https:\/\/paddleshifterz.com\/de\/wp-json\/wp\/v2\/product\/83560","targetHints":{"allow":["GET"]}}],"collection":[{"href":"https:\/\/paddleshifterz.com\/de\/wp-json\/wp\/v2\/product"}],"about":[{"href":"https:\/\/paddleshifterz.com\/de\/wp-json\/wp\/v2\/types\/product"}],"wp:featuredmedia":[{"embeddable":true,"href":"https:\/\/paddleshifterz.com\/de\/wp-json\/wp\/v2\/media\/83561"}],"wp:attachment":[{"href":"https:\/\/paddleshifterz.com\/de\/wp-json\/wp\/v2\/media?parent=83560"}],"wp:term":[{"taxonomy":"product_brand","embeddable":true,"href":"https:\/\/paddleshifterz.com\/de\/wp-json\/wp\/v2\/product_brand?post=83560"},{"taxonomy":"product_cat","embeddable":true,"href":"https:\/\/paddleshifterz.com\/de\/wp-json\/wp\/v2\/product_cat?post=83560"},{"taxonomy":"product_tag","embeddable":true,"href":"https:\/\/paddleshifterz.com\/de\/wp-json\/wp\/v2\/product_tag?post=83560"}],"curies":[{"name":"wp","href":"https:\/\/api.w.org\/{rel}","templated":true}]}}