{"id":83627,"date":"2024-08-24T20:36:52","date_gmt":"2024-08-24T19:36:52","guid":{"rendered":"https:\/\/paddleshifterz.com\/?post_type=product&#038;p=83627"},"modified":"2026-04-03T10:21:47","modified_gmt":"2026-04-03T09:21:47","slug":"oem-bmw-shadowline-grille-x2-m35i-51135a35bc0","status":"publish","type":"product","link":"https:\/\/paddleshifterz.com\/de\/oem-bmw-shadowline-grille-x2-m35i-51135a35bc0\/","title":{"rendered":"OEM BMW Shadow line Frontziergitter X2 M35iX \u2013 51135A35BC0"},"content":{"rendered":"<h2>Spezifikationen<\/h2>\n<ul>\n<li>Original BMW Produkt<\/li>\n<li>Shadow Line, schwarzer, gl\u00e4nzender K\u00fchlergrill mit ikonischer Gl\u00fchst\u00fctze<\/li>\n<li>Wird mit M-Logo geliefert<\/li>\n<li><a href=\"https:\/\/paddleshifterz.com\/de\/produkt\/oem-bmw-shadow-line-front-grille-trim-piece-x2-51135a38869\/\">Doesn&#8217;t come with front gloss black centre trim<\/a>\n<ul>\n<li>For vehicles with Driving Assistant Plus (S5ATA) \u00a0or Driving Assistant Professional (S5AUA) or Preparation Driving Assistant Plus (S9QVA) please <a href=\"https:\/\/paddleshifterz.com\/de\/oem-bmw-shadow-line-front-grille-trim-x2-66315a076d4\/\">visit this product<\/a><\/li>\n<\/ul>\n<\/li>\n<li>Doesn&#8217;t come with front gloss black camera cover\n<ul>\n<li><a href=\"https:\/\/paddleshifterz.com\/de\/produkt\/oem-bmw-shadow-line-front-grille-camera-piece-x2-51135a32b37\/\">F\u00fcr Fahrzeuge, die eine nach vorne gerichtete Kamera unterst\u00fctzen<\/a><\/li>\n<li><a href=\"https:\/\/paddleshifterz.com\/de\/produkt\/oem-bmw-shadow-line-front-grille-without-camera-x2-51135a32b36\/\">F\u00fcr Fahrzeuge ohne unterst\u00fctzende Frontkamera<\/a><\/li>\n<\/ul>\n<\/li>\n<li><strong><span style=\"color: #555555; font-size: 14.4px;\">Teilnummer<\/span><\/strong>\n<ul>\n<li>51135A35BC0<\/li>\n<\/ul>\n<\/li>\n<\/ul>\n<h2>Unboxing<\/h2>\n<p>Schauen Sie sich das Unboxing-Video unten an, um zu sehen, was sich in der Schachtel befindet, und um sich das Produkt vor dem Kauf genauer anzusehen.<\/p>\n<p><iframe loading=\"lazy\" title=\"YouTube-Video-Player\" src=\"https:\/\/www.youtube.com\/embed\/4a_e3nPoJCI\" width=\"560\" height=\"315\" frameborder=\"0\" allowfullscreen=\"allowfullscreen\"><span data-mce-type=\"bookmark\" style=\"display: inline-block; width: 0px; overflow: hidden; line-height: 0;\" class=\"mce_SELRES_start\"><\/span><\/iframe><\/p>\n<h2>Passende Fahrzeuge<\/h2>\n<ul>\n<li><a href=\"https:\/\/paddleshifterz.com\/de\/vehicles\/x-series-u10-x2\/\">BMW U10 X2<\/a><\/li>\n<\/ul>","protected":false},"excerpt":{"rendered":"<p>OEM BMW Shadow-line Frontgrill f\u00fcr den U10 X2 M35iX, mit dem M-Logo.<\/p>","protected":false},"featured_media":84762,"template":"","meta":{"bwfblock_default_font":""},"product_brand":[],"product_cat":[1113,1095],"product_tag":[],"class_list":{"0":"post-83627","1":"product","2":"type-product","3":"status-publish","4":"has-post-thumbnail","6":"product_cat-exterior","7":"product_cat-front-grilles","8":"product_shipping_class-shifterz","9":"pa_brand-bmw","10":"pa_product-type-oem-original-equipment-manufacturer","11":"pa_vehicles-x-series-u10-x2","13":"first","14":"onbackorder","15":"taxable","16":"shipping-taxable","17":"purchasable","18":"product-type-simple"},"bundled_by":[],"bundle_stock_status":"onbackorder","bundle_stock_quantity":-15,"bundle_virtual":false,"bundle_layout":"","bundle_add_to_cart_form_location":"","bundle_editable_in_cart":false,"bundle_sold_individually_context":"","bundle_item_grouping":"","bundle_min_size":"","bundle_max_size":"","bundle_price":[],"bundled_items":[],"bundle_sell_ids":[],"_links":{"self":[{"href":"https:\/\/paddleshifterz.com\/de\/wp-json\/wp\/v2\/product\/83627","targetHints":{"allow":["GET"]}}],"collection":[{"href":"https:\/\/paddleshifterz.com\/de\/wp-json\/wp\/v2\/product"}],"about":[{"href":"https:\/\/paddleshifterz.com\/de\/wp-json\/wp\/v2\/types\/product"}],"wp:featuredmedia":[{"embeddable":true,"href":"https:\/\/paddleshifterz.com\/de\/wp-json\/wp\/v2\/media\/84762"}],"wp:attachment":[{"href":"https:\/\/paddleshifterz.com\/de\/wp-json\/wp\/v2\/media?parent=83627"}],"wp:term":[{"taxonomy":"product_brand","embeddable":true,"href":"https:\/\/paddleshifterz.com\/de\/wp-json\/wp\/v2\/product_brand?post=83627"},{"taxonomy":"product_cat","embeddable":true,"href":"https:\/\/paddleshifterz.com\/de\/wp-json\/wp\/v2\/product_cat?post=83627"},{"taxonomy":"product_tag","embeddable":true,"href":"https:\/\/paddleshifterz.com\/de\/wp-json\/wp\/v2\/product_tag?post=83627"}],"curies":[{"name":"wp","href":"https:\/\/api.w.org\/{rel}","templated":true}]}}