{"id":83751,"date":"2024-08-29T13:46:15","date_gmt":"2024-08-29T12:46:15","guid":{"rendered":"https:\/\/paddleshifterz.com\/?post_type=product&#038;p=83751"},"modified":"2025-11-03T07:14:16","modified_gmt":"2025-11-03T06:14:16","slug":"oem-bmw-f90-m5-black-chrome-exhaust-tips-18108089390","status":"publish","type":"product","link":"https:\/\/paddleshifterz.com\/de\/oem-bmw-f90-m5-black-chrome-exhaust-tips-18108089390\/","title":{"rendered":"OEM BMW F90 M5 schwarze Auspuffendrohre - 18108089390"},"content":{"rendered":"","protected":false},"excerpt":{"rendered":"<p>Original BMW schwarz verchromte Auspuffendrohre f\u00fcr BMW F90 M5. Diese Auspuffspitzen sind f\u00fcr Fahrzeuge aus der Region China, f\u00fcr andere Regionen siehe bitte <a href=\"https:\/\/paddleshifterz.com\/de\/produkt\/bmw-f90-m5-exhaust-tip-set-black-chrome\/\">dieses Produkt hier<\/a>.<\/p>\n<p>Das Paket <strong>enth\u00e4lt 4x Endrohre.<\/strong><\/p>\n<p><strong>Teilenummer: 18108089390<\/strong><\/p>","protected":false},"featured_media":80570,"template":"","meta":{"bwfblock_default_font":""},"product_brand":[],"product_cat":[1101,1727],"product_tag":[],"class_list":{"0":"post-83751","1":"product","2":"type-product","3":"status-publish","4":"has-post-thumbnail","6":"product_cat-exhausts","7":"product_cat-performance","8":"product_shipping_class-shifterz","9":"pa_brand-bmw","10":"pa_product-type-oem-original-equipment-manufacturer","11":"pa_vehicles-bmw-f90-m5","13":"first","14":"onbackorder","15":"taxable","16":"shipping-taxable","17":"purchasable","18":"product-type-simple"},"bundled_by":[],"bundle_stock_status":"onbackorder","bundle_stock_quantity":0,"bundle_virtual":false,"bundle_layout":"","bundle_add_to_cart_form_location":"","bundle_editable_in_cart":false,"bundle_sold_individually_context":"","bundle_item_grouping":"","bundle_min_size":"","bundle_max_size":"","bundle_price":[],"bundled_items":[],"bundle_sell_ids":[],"_links":{"self":[{"href":"https:\/\/paddleshifterz.com\/de\/wp-json\/wp\/v2\/product\/83751","targetHints":{"allow":["GET"]}}],"collection":[{"href":"https:\/\/paddleshifterz.com\/de\/wp-json\/wp\/v2\/product"}],"about":[{"href":"https:\/\/paddleshifterz.com\/de\/wp-json\/wp\/v2\/types\/product"}],"wp:featuredmedia":[{"embeddable":true,"href":"https:\/\/paddleshifterz.com\/de\/wp-json\/wp\/v2\/media\/80570"}],"wp:attachment":[{"href":"https:\/\/paddleshifterz.com\/de\/wp-json\/wp\/v2\/media?parent=83751"}],"wp:term":[{"taxonomy":"product_brand","embeddable":true,"href":"https:\/\/paddleshifterz.com\/de\/wp-json\/wp\/v2\/product_brand?post=83751"},{"taxonomy":"product_cat","embeddable":true,"href":"https:\/\/paddleshifterz.com\/de\/wp-json\/wp\/v2\/product_cat?post=83751"},{"taxonomy":"product_tag","embeddable":true,"href":"https:\/\/paddleshifterz.com\/de\/wp-json\/wp\/v2\/product_tag?post=83751"}],"curies":[{"name":"wp","href":"https:\/\/api.w.org\/{rel}","templated":true}]}}