{"id":83837,"date":"2024-09-02T21:28:26","date_gmt":"2024-09-02T20:28:26","guid":{"rendered":"https:\/\/paddleshifterz.com\/?post_type=product&#038;p=83837"},"modified":"2025-12-08T07:39:36","modified_gmt":"2025-12-08T06:39:36","slug":"modular-carbon-fiber-paddle-shifters-for-f-g-series-and-supra","status":"publish","type":"product","link":"https:\/\/paddleshifterz.com\/de\/modular-carbon-fiber-paddle-shifters-for-f-g-series-and-supra\/","title":{"rendered":"Modulare Carbon Schaltwippen f\u00fcr die G-Serie und Supra"},"content":{"rendered":"<p>Ein Satz PaddleShifterz gl\u00e4nzende Kohlefaser Schaltwippen mit mattschwarzem Aluminium eloxiertem Geh\u00e4use f\u00fcr die G-Serie Lenkrad. Sie sind ein kompletter Ersatz f\u00fcr Ihre OEM-Schalthebel in Ihrem Fahrzeug. In gl\u00e4nzender Karbonfaser gefertigt, heben sie das Aussehen des Innenraums Ihres Fahrzeugs auf das n\u00e4chste Level.<\/p>\n<p>Bei der Entwicklung dieser Carbonfaser-Schaltwippen haben wir drei Dinge im Auge behalten:<\/p>\n<ul>\n<li>Sie <strong>musste umwerfend aussehen<\/strong>Da Sie viel Zeit hinter Ihrem Lenkrad verbringen, m\u00fcssen sie gut aussehen.<\/li>\n<li><strong>Ergonomie<\/strong>Denn sie sollen nicht nur gut aussehen, sondern auch wie erwartet funktionieren. Wir haben sie so konzipiert, dass sie besser funktionieren als die OEM-Schalthebel, egal wo Sie sie verwenden.<\/li>\n<li>Unsere Schaltwippen sind so konzipiert, dass sie <strong>die Standard-Schalthebel ersetzen<\/strong> in Ihrem BMW, mit der Option, sie mit unserem magnetischen Upgrade-Kit zu verbessern. Dieses Upgrade wandelt sie in magnetische Schaltwippen um, die Magnete f\u00fcr den Gangwechsel nutzen und ein pr\u00e4ziseres und reaktionsschnelleres Schaltungserlebnis bieten. Genau wie in einem echten Rennwagen.<\/li>\n<\/ul>\n<h2>Schaltwippen aus Carbon<\/h2>\n<div>Unsere Kohlefaser-Schaltwippen werden in Deutschland aus demselben Kohlefasermaterial hergestellt, das BMW f\u00fcr die Herstellung seiner Standard- und M-Performance-Teile f\u00fcr die G-Serie (wie den G87 M2) verwendet. Diese Schaltwippen verwenden ein 2\u00d72-Geflecht, das in 45 Grad abgewinkelt ist, um den perfekten Look zu erzielen und gleichzeitig das Gesamtgewicht der Schaltwippen auf ein Minimum zu reduzieren. Diese Schaltwippen bieten ein leichtes und dennoch haltbares Gef\u00fchl f\u00fcr ein optimales Fahrerlebnis. Mit diesen Schaltwippen konnten wir die gleiche Verarbeitung und Qualit\u00e4t erreichen, wie sie BMW mit seinen M Performance Teilen in trockener oder strukturierter Kohlefaserausf\u00fchrung anbietet.<\/div>\n<h2>Direkter Ersatz<\/h2>\n<div>Diese Kohlefaser Schaltwippen sind so konzipiert, dass sie perfekt in die BMW G-Serie und Toyota Supra passen und eine verbesserte Leistung und ein stilvolles Upgrade bieten. Unsere Schalthebel sind 1 zu 1 Ersatz f\u00fcr Ihre urspr\u00fcngliche G-Serie BMW Schaltwippen, daher kein zus\u00e4tzliches Zubeh\u00f6r, keine Kleber oder Schrauben erforderlich sind. Sie m\u00fcssen nur den alten Satz ausbauen und die neuen einbauen. Sie finden unsere <a href=\"https:\/\/paddleshifterz.com\/de\/install\/\">Installationsanleitung Video hier.<\/a><\/div>\n<div>\n<h2>Austauschbare Schaltplatten<\/h2>\n<div>Wir haben diese Schaltwippen so konzipiert, dass die Schaltplatten selbst austauschbar sind. Sie sind mit 2 Schrauben an dem mattschwarz eloxierten Aluminiumgeh\u00e4use befestigt, die alten Schaltplatten k\u00f6nnen herausgeschoben und ersetzt werden.<\/div>\n<\/div>\n<h2>Passende Fahrzeuge<\/h2>\n<p>Diese Schaltwippen passen in die folgenden Modelle:<\/p>\n<ul>\n<li>BMW 1er (2019+, F40)<\/li>\n<li>BMW 2er (ab 2020, F44, G42)<\/li>\n<li>BMW 3er (ab 2018, G20, G21)<\/li>\n<li>BMW 4er (ab 2020, G22, G23, G26)<\/li>\n<li>BMW 5er (2017+, G30, G31)<\/li>\n<li>BMW 7er (ab 2015, G11, G12)<\/li>\n<li>BMW 8er (ab 2018, G14, G15, G16)<\/li>\n<li>BMW M2 G87<\/li>\n<li>BMW M3 Wettbewerb (2021+, G80, G81)<\/li>\n<li>BMW M4 Wettbewerb (2021+, G82, G83)<\/li>\n<li>BMW M5\/M5 Wettbewerb (2017+, F90)<\/li>\n<li>BMW M8 Competition (2018+, F91, F92, F93)<\/li>\n<li>BMW X3\/X3M Wettbewerb (2017+, G01, F97)<\/li>\n<li>BMW X4\/X4M Wettbewerb (2018+, G02, F98)<\/li>\n<li>BMW X5\/X5M Wettbewerb (2019+, G05, F95)<\/li>\n<li>BMW X6\/X6M Wettbewerb (2019+, G06, F96)<\/li>\n<li>BMW X7 (2019+, G07)<\/li>\n<li>BMW Z4 G29<\/li>\n<li>Toyota Supra A9X (MK5)<\/li>\n<\/ul>\n<p>Sehen Sie sich unser komplettes Carbon <a href=\"https:\/\/paddleshifterz.com\/de\/produkt\/carbon-fiber-paddle-shifters-for-f-g-series\/\">Schaltwippen hier<\/a>.<\/p>","protected":false},"excerpt":{"rendered":"<p>Dies ist ein Satz von PaddleShifterz Carbonfaser Schaltwippen, die f\u00fcr die G-Serie Lenkrad entwickelt wurden. Sie sind ein vollst\u00e4ndiger Ersatz f\u00fcr Ihre OEM-Schalthebel in Ihrem Fahrzeug. Fertig in Glanz oder strukturierte Kohlefaser erh\u00f6ht das Aussehen Ihres Fahrzeugs Innenraum auf die n\u00e4chste Stufe.<\/p>","protected":false},"featured_media":83972,"template":"","meta":{"bwfblock_default_font":""},"product_brand":[],"product_cat":[433],"product_tag":[],"class_list":{"0":"post-83837","1":"product","2":"type-product","3":"status-publish","4":"has-post-thumbnail","6":"product_cat-paddle-shifters","7":"product_shipping_class-shifterz","8":"pa_brand-paddleshifterz","9":"pa_product-type-aftermarket","10":"pa_vehicles-bmw-f40","11":"pa_vehicles-bmw-f44","12":"pa_vehicles-bmw-f90-m5","13":"pa_vehicles-bmw-m8-f91-f92-f93","14":"pa_vehicles-bmw-f95-x5m","15":"pa_vehicles-bmw-f96-x6m","16":"pa_vehicles-bmw-f97-x3m","17":"pa_vehicles-bmw-f98-x4m","18":"pa_vehicles-bmw-g01-x3","19":"pa_vehicles-bmw-g02-x4","20":"pa_vehicles-bmw-g05-x5","21":"pa_vehicles-bmw-x6-g06","22":"pa_vehicles-bmw-g07-x7","23":"pa_vehicles-bmw-g07-x7-lci","24":"pa_vehicles-bmw-g09-xm","25":"pa_vehicles-bmw-g11-g12","26":"pa_vehicles-bmw-g14-g15-g16","27":"pa_vehicles-bmw-g20","28":"pa_vehicles-bmw-g21","29":"pa_vehicles-bmw-g22","30":"pa_vehicles-bmw-g23","31":"pa_vehicles-bmw-g26-grancoupe","32":"pa_vehicles-bmw-z4-g29","33":"pa_vehicles-bmw-g30","34":"pa_vehicles-bmw-g31","35":"pa_vehicles-bmw-g32","36":"pa_vehicles-bmw-g42","37":"pa_vehicles-bmw-g80-m3","38":"pa_vehicles-bmw-g81-m3-touring","39":"pa_vehicles-bmw-g82-m4-csl","40":"pa_vehicles-bmw-g82-m4","41":"pa_vehicles-bmw-g83-m4","42":"pa_vehicles-bmw-g87-m2","43":"pa_vehicles-supra-a90-a91","45":"first","46":"instock","47":"taxable","48":"shipping-taxable","49":"purchasable","50":"product-type-variable","51":"has-default-attributes"},"bundled_by":["83999"],"bundle_stock_status":"instock","bundle_stock_quantity":null,"bundle_virtual":false,"bundle_layout":"","bundle_add_to_cart_form_location":"","bundle_editable_in_cart":false,"bundle_sold_individually_context":"","bundle_item_grouping":"","bundle_min_size":"","bundle_max_size":"","bundle_price":[],"bundled_items":[],"bundle_sell_ids":[],"_links":{"self":[{"href":"https:\/\/paddleshifterz.com\/de\/wp-json\/wp\/v2\/product\/83837","targetHints":{"allow":["GET"]}}],"collection":[{"href":"https:\/\/paddleshifterz.com\/de\/wp-json\/wp\/v2\/product"}],"about":[{"href":"https:\/\/paddleshifterz.com\/de\/wp-json\/wp\/v2\/types\/product"}],"wp:featuredmedia":[{"embeddable":true,"href":"https:\/\/paddleshifterz.com\/de\/wp-json\/wp\/v2\/media\/83972"}],"wp:attachment":[{"href":"https:\/\/paddleshifterz.com\/de\/wp-json\/wp\/v2\/media?parent=83837"}],"wp:term":[{"taxonomy":"product_brand","embeddable":true,"href":"https:\/\/paddleshifterz.com\/de\/wp-json\/wp\/v2\/product_brand?post=83837"},{"taxonomy":"product_cat","embeddable":true,"href":"https:\/\/paddleshifterz.com\/de\/wp-json\/wp\/v2\/product_cat?post=83837"},{"taxonomy":"product_tag","embeddable":true,"href":"https:\/\/paddleshifterz.com\/de\/wp-json\/wp\/v2\/product_tag?post=83837"}],"curies":[{"name":"wp","href":"https:\/\/api.w.org\/{rel}","templated":true}]}}