{"id":83999,"date":"2024-09-08T10:29:11","date_gmt":"2024-09-08T09:29:11","guid":{"rendered":"https:\/\/paddleshifterz.com\/?post_type=product&#038;p=83999"},"modified":"2026-01-01T10:07:32","modified_gmt":"2026-01-01T09:07:32","slug":"magnetic-carbon-fiber-paddle-shifters-for-bmw-g-supra","status":"publish","type":"product","link":"https:\/\/paddleshifterz.com\/de\/magnetic-carbon-fiber-paddle-shifters-for-bmw-g-supra\/","title":{"rendered":"Magnetische Carbon Schaltwippen f\u00fcr BMW GX und Supra"},"content":{"rendered":"<p>Dies ist ein Satz PaddleShifterz gl\u00e4nzend oder strukturierte Kohlefaser Schaltwippen mit mattschwarzem Aluminium eloxiert Geh\u00e4use f\u00fcr die G-Serie Lenkrad. Sie sind ein vollst\u00e4ndiger Ersatz f\u00fcr Ihre OEM-Schalthebel in Ihrem Fahrzeug. Sie sind aus gl\u00e4nzender Kohlefaser gefertigt und heben den Look Ihres Fahrzeugs auf die n\u00e4chste Stufe. Erleben Sie Ihren BMW wie nie zuvor. Unsere magnetischen Schalthebel wurden entwickelt, um Ihnen das volle Rennwagenerlebnis zu bieten, mit verbessertem Schaltgef\u00fchl und sofortigem Feedback ohne Kompromisse.<\/p>\n<h2>Schaltwippen aus Carbon<\/h2>\n<div>Unsere Kohlefaser-Schaltwippen werden in Deutschland aus demselben Kohlefasermaterial hergestellt, das BMW f\u00fcr die Herstellung seiner Standard- und M-Performance-Teile f\u00fcr die G-Serie (wie den G87 M2) verwendet. Diese Schaltwippen verwenden ein 2\u00d72-Geflecht, das in 45 Grad abgewinkelt ist, um den perfekten Look zu erzielen und gleichzeitig das Gesamtgewicht der Schaltwippen auf ein Minimum zu reduzieren. Diese Schaltwippen bieten ein leichtes und dennoch haltbares Gef\u00fchl f\u00fcr ein optimales Fahrerlebnis. Mit diesen Schaltwippen konnten wir die gleiche Verarbeitung und Qualit\u00e4t erreichen, wie sie BMW mit seinen M Performance Teilen in trockener oder strukturierter Kohlefaserausf\u00fchrung anbietet.<\/div>\n<h2>Spezifikationen<\/h2>\n<ul>\n<li><strong>OEM+ Aussehen:<\/strong> Da Sie viel Zeit hinter Ihrem Lenkrad verbringen, m\u00fcssen diese Schalthebel gut aussehen.<\/li>\n<li><strong>Ergonomie:<\/strong> Sie m\u00fcssen gut aussehen, aber auch wie erwartet funktionieren. Wir haben sie so konzipiert, dass sie besser funktionieren als die OEM-Schalthebel, egal wo Sie sie verwenden.<\/li>\n<li><strong>Verbessertes taktiles Feedback:<\/strong> Erleben Sie das befriedigende Klickger\u00e4usch des magnetischen Widerstands, das f\u00fcr ein angenehmeres und pr\u00e4ziseres Schaltungserlebnis sorgt.<\/li>\n<li><strong>Motorsport Technologie:<\/strong> Integriert fortschrittliche Magnettechnologie, die im professionellen Motorsport eingesetzt wird, und sorgt so f\u00fcr \u00fcberragende Leistung Ihrer Schaltwippen.<\/li>\n<li><strong>Plug-and-Play-Installation:<\/strong> Entwickelt f\u00fcr eine nahtlose Integration in Ihr Fahrzeug. Entfernen Sie einfach Ihre aktuellen Schaltwippen inklusive Elektronik und installieren Sie Ihre brandneuen magnetischen Schaltwippen.<\/li>\n<li><strong>Auswechselbare Schaltteller: <\/strong>Wir haben diese Schaltwippen so konstruiert, dass die Schaltteller ausgetauscht werden k\u00f6nnen.<\/li>\n<li><strong>Langlebigkeit und Verl\u00e4sslichkeit:<\/strong> Gefertigt aus hochwertigen Materialien, die einer harten Beanspruchung standhalten und eine lange Lebensdauer gew\u00e4hrleisten.<\/li>\n<\/ul>\n<h2>Was ist inbegriffen?<\/h2>\n<ul>\n<li>Komplett montierter Schaltwippensatz, einbaufertig<\/li>\n<li>2x Schaltwippen (links und rechts)<\/li>\n<li>3 mm dicke gl\u00e4nzende oder strukturierte Kohlefaser (2\u00d72-Gewebe)<\/li>\n<li>+\/- Zeichen werden mit einer CNC-Maschine ausgeschnitten<\/li>\n<li>Mattschwarzes, eloxiertes Aluminiumgeh\u00e4use<\/li>\n<li>Hergestellt in Deutschland<\/li>\n<li>Entworfen von PaddleShifterz<\/li>\n<\/ul>\n<h2>Direkter Ersatz<\/h2>\n<div>Diese Kohlefaser Schaltwippen sind so konzipiert, dass sie perfekt in die BMW G-Serie und Toyota Supra passen und eine verbesserte Leistung und ein stilvolles Upgrade bieten. Unsere Schalthebel sind 1 zu 1 Ersatz f\u00fcr Ihre urspr\u00fcngliche G-Serie BMW Schaltwippen, daher kein zus\u00e4tzliches Zubeh\u00f6r, keine Kleber oder Schrauben erforderlich sind. Sie m\u00fcssen nur den alten Satz ausbauen und die neuen einbauen. Sie finden unsere <a href=\"https:\/\/paddleshifterz.com\/de\/install-paddle-shifter-in-your-car\/\">Installationsanleitung Video hier.<\/a><\/div>\n<div>\n<h2>Austauschbare Schaltplatten<\/h2>\n<div>Wir haben diese Schaltwippen so konzipiert, dass die Schaltplatten selbst austauschbar sind. Sie sind mit 2 Schrauben an dem mattschwarz eloxierten Aluminiumgeh\u00e4use befestigt, die alten Schaltplatten k\u00f6nnen herausgeschoben und ersetzt werden.<\/div>\n<\/div>\n<h2>Passende Fahrzeuge<\/h2>\n<p>Diese Schaltwippen passen in die folgenden Modelle:<\/p>\n<ul>\n<li>BMW 1er (2019+, F40)<\/li>\n<li>BMW 2er (ab 2020, F44, G42)<\/li>\n<li>BMW 3er (ab 2018, G20, G21)<\/li>\n<li>BMW 4er (ab 2020, G22, G23, G26)<\/li>\n<li>BMW 5er (2017+, G30, G31)<\/li>\n<li>BMW 7er (ab 2015, G11, G12)<\/li>\n<li>BMW 8er (ab 2018, G14, G15, G16)<\/li>\n<li><a href=\"https:\/\/paddleshifterz.com\/de\/vehicles\/bmw-g87-m2\/\">BMW M2 G87<\/a><\/li>\n<li>BMW M3 Wettbewerb (2021+, G80, G81)<\/li>\n<li>BMW M4 Wettbewerb (2021+, G82, G83)<\/li>\n<li>BMW M5\/M5 Wettbewerb (2017+, F90)<\/li>\n<li>BMW M8 Competition (2018+, F91, F92, F93)<\/li>\n<li>BMW X3\/X3M Wettbewerb (2017+, G01, F97)<\/li>\n<li>BMW X4\/X4M Wettbewerb (2018+, G02, F98)\n<ul>\n<li><a href=\"https:\/\/paddleshifterz.com\/de\/fitting-our-new-shifters-into-a-bmw-f98-x4m-competition\/\">Hier erfahren Sie, wie Sie diese Schaltwippen in Ihren F98 X4M einbauen k\u00f6nnen<\/a><\/li>\n<\/ul>\n<\/li>\n<li>BMW X5\/X5M Wettbewerb (2019+, G05, F95)<\/li>\n<li>BMW X6\/X6M Wettbewerb (2019+, G06, F96)<\/li>\n<li>BMW X7 (2019+, G07)<\/li>\n<li>BMW Z4 G29<\/li>\n<li>Toyota Supra A9X (MK5)<\/li>\n<\/ul>\n<p>Sehen Sie sich unser komplettes Carbon <a href=\"https:\/\/paddleshifterz.com\/de\/carbon-fiber-paddle-shifters-for-f-g-series\/\">Schaltwippen hier<\/a><\/p>","protected":false},"excerpt":{"rendered":"<p>Dies ist ein Satz von PaddleShifterz magnetischen Glanz und strukturierte Carbon Schaltwippen f\u00fcr die G-Serie Lenkrad. Sie sind ein vollst\u00e4ndiger Ersatz f\u00fcr Ihre OEM-Schaltwippen in Ihrem BMW oder Supra. Verf\u00fcgbar in gl\u00e4nzend oder strukturierte Carbon.<\/p>","protected":false},"featured_media":84006,"template":"","meta":{"bwfblock_default_font":""},"product_brand":[],"product_cat":[1216,433],"product_tag":[],"class_list":{"0":"post-83999","1":"product","2":"type-product","3":"status-publish","4":"has-post-thumbnail","6":"product_cat-magnetic-paddle-shifters","7":"product_cat-paddle-shifters","8":"product_shipping_class-shifterz","9":"pa_brand-paddleshifterz","10":"pa_product-type-aftermarket","11":"pa_vehicles-bmw-f40","12":"pa_vehicles-bmw-f44","13":"pa_vehicles-bmw-f90-m5","14":"pa_vehicles-bmw-m8-f91-f92-f93","15":"pa_vehicles-bmw-f95-x5m","16":"pa_vehicles-bmw-f96-x6m","17":"pa_vehicles-bmw-f97-x3m","18":"pa_vehicles-bmw-f98-x4m","19":"pa_vehicles-bmw-g01-x3","20":"pa_vehicles-bmw-g02-x4","21":"pa_vehicles-bmw-g05-x5","22":"pa_vehicles-bmw-x6-g06","23":"pa_vehicles-bmw-g07-x7","24":"pa_vehicles-bmw-g07-x7-lci","25":"pa_vehicles-bmw-g09-xm","26":"pa_vehicles-bmw-g11-g12","27":"pa_vehicles-bmw-g14-g15-g16","28":"pa_vehicles-bmw-g20","29":"pa_vehicles-bmw-g21","30":"pa_vehicles-bmw-g22","31":"pa_vehicles-bmw-g23","32":"pa_vehicles-bmw-g26-grancoupe","33":"pa_vehicles-bmw-z4-g29","34":"pa_vehicles-bmw-g30","35":"pa_vehicles-bmw-g31","36":"pa_vehicles-bmw-g32","37":"pa_vehicles-bmw-g42","38":"pa_vehicles-bmw-g80-m3","39":"pa_vehicles-bmw-g81-m3-touring","40":"pa_vehicles-bmw-g82-m4-csl","41":"pa_vehicles-bmw-g82-m4","42":"pa_vehicles-bmw-g83-m4","43":"pa_vehicles-bmw-g87-m2","44":"pa_vehicles-supra-a90-a91","46":"first","47":"instock","48":"sold-individually","49":"taxable","50":"shipping-taxable","51":"purchasable","52":"product-type-bundle"},"bundled_by":[],"bundle_stock_status":"insufficientstock","bundle_stock_quantity":0,"bundle_virtual":false,"bundle_layout":"default","bundle_add_to_cart_form_location":"default","bundle_editable_in_cart":true,"bundle_sold_individually_context":"product","bundle_item_grouping":"parent","bundle_min_size":"","bundle_max_size":"","bundle_price":{"price":{"min":{"incl_tax":"827","excl_tax":"694.95"},"max":{"incl_tax":"827","excl_tax":"694.95"}},"regular_price":{"min":{"incl_tax":"827","excl_tax":"694.95"},"max":{"incl_tax":"827","excl_tax":"694.95"}}},"bundled_items":[{"bundled_item_id":89,"product_id":83837,"menu_order":0,"quantity_min":1,"quantity_max":1,"quantity_default":1,"priced_individually":true,"shipped_individually":false,"override_title":false,"title":"Modulare Carbon Schaltwippen f\u00fcr die G-Serie und Supra","override_description":true,"description":"","optional":false,"hide_thumbnail":true,"discount":"","override_variations":false,"allowed_variations":[],"override_default_variation_attributes":false,"default_variation_attributes":[],"single_product_visibility":"visible","cart_visibility":"visible","order_visibility":"visible","single_product_price_visibility":"visible","cart_price_visibility":"visible","order_price_visibility":"visible","stock_status":"in_stock"},{"bundled_item_id":90,"product_id":82314,"menu_order":1,"quantity_min":1,"quantity_max":1,"quantity_default":1,"priced_individually":true,"shipped_individually":false,"override_title":false,"title":"Magnetisches Upgrade-Kit f\u00fcr BMW, Toyota und MINI","override_description":true,"description":"","optional":false,"hide_thumbnail":true,"discount":"","override_variations":false,"allowed_variations":[],"override_default_variation_attributes":false,"default_variation_attributes":[],"single_product_visibility":"visible","cart_visibility":"visible","order_visibility":"visible","single_product_price_visibility":"visible","cart_price_visibility":"visible","order_price_visibility":"visible","stock_status":"out_of_stock"}],"bundle_sell_ids":[],"_links":{"self":[{"href":"https:\/\/paddleshifterz.com\/de\/wp-json\/wp\/v2\/product\/83999","targetHints":{"allow":["GET"]}}],"collection":[{"href":"https:\/\/paddleshifterz.com\/de\/wp-json\/wp\/v2\/product"}],"about":[{"href":"https:\/\/paddleshifterz.com\/de\/wp-json\/wp\/v2\/types\/product"}],"wp:featuredmedia":[{"embeddable":true,"href":"https:\/\/paddleshifterz.com\/de\/wp-json\/wp\/v2\/media\/84006"}],"wp:attachment":[{"href":"https:\/\/paddleshifterz.com\/de\/wp-json\/wp\/v2\/media?parent=83999"}],"wp:term":[{"taxonomy":"product_brand","embeddable":true,"href":"https:\/\/paddleshifterz.com\/de\/wp-json\/wp\/v2\/product_brand?post=83999"},{"taxonomy":"product_cat","embeddable":true,"href":"https:\/\/paddleshifterz.com\/de\/wp-json\/wp\/v2\/product_cat?post=83999"},{"taxonomy":"product_tag","embeddable":true,"href":"https:\/\/paddleshifterz.com\/de\/wp-json\/wp\/v2\/product_tag?post=83999"}],"curies":[{"name":"wp","href":"https:\/\/api.w.org\/{rel}","templated":true}]}}