{"id":84139,"date":"2024-09-18T21:16:12","date_gmt":"2024-09-18T20:16:12","guid":{"rendered":"https:\/\/paddleshifterz.com\/?post_type=product&#038;p=84139"},"modified":"2025-12-08T07:39:20","modified_gmt":"2025-12-08T06:39:20","slug":"oem-bmw-uv-c-disinfection-light-kit-63315a56991","status":"publish","type":"product","link":"https:\/\/paddleshifterz.com\/de\/oem-bmw-uv-c-disinfection-light-kit-63315a56991\/","title":{"rendered":"OEM BMW UV-C Desinfektionslampen-Bausatz - 63315A56991"},"content":{"rendered":"<p>OEM BMW UVC-Licht zur Desinfektion des Fahrzeuginnenraums. Die Vorteile der BMW UV-C Entkeimungsleuchte auf einen Blick:<\/p>\n<ul>\n<li>UVC-Licht eliminiert automatisch und effizient Viren, Bakterien, Keime und Pilze im Fahrzeug (wirksam gegen verschiedene St\u00e4mme von Coronaviren, einschlie\u00dflich neuer Mutationen wie Delta).<\/li>\n<li>Desinfiziert bis zu 99,9 Prozent im beleuchteten Bereich.<\/li>\n<li>Sichere Reinigung durch automatische, umweltfreundliche und geruchsneutrale Innendesinfektion.<\/li>\n<li>Lichteffekte zur Visualisierung des Desinfektionsprozesses.<\/li>\n<li>Zus\u00e4tzliche Warnt\u00f6ne vor und w\u00e4hrend des Betriebs zeigen an, dass das Ger\u00e4t in Betrieb genommen wird.<\/li>\n<li>Lange Nutzungsdauer.<\/li>\n<li>Die Powerbank ist damit unabh\u00e4ngig von der Betriebszeit der USB-C-Buchsen im Parkmodus des Fahrzeugs.<\/li>\n<li>Geeignet f\u00fcr alle Fahrzeuge.<\/li>\n<\/ul>\n<h3><strong>Lieferumfang<\/strong><\/h3>\n<ul>\n<li>1x UV-C-Desinfektionsleuchte<\/li>\n<li>1x Powerbank<\/li>\n<li>1x Halter f\u00fcr Innenspiegel<\/li>\n<li>1x Lichtkabel<\/li>\n<li>1x magnetische Halteplatte<\/li>\n<li>1x USB-Ladekabel f\u00fcr Powerbank<\/li>\n<\/ul>\n<p>Teilenummer: 63315A56991<\/p>","protected":false},"excerpt":{"rendered":"<p>OEM BMW UVC-Licht zur Desinfektion des Fahrzeuginnenraums.<\/p>\n<p>SKU: 63315A56991<\/p>","protected":false},"featured_media":84154,"template":"","meta":{"bwfblock_default_font":""},"product_brand":[],"product_cat":[593],"product_tag":[],"class_list":{"0":"post-84139","1":"product","2":"type-product","3":"status-publish","4":"has-post-thumbnail","6":"product_cat-interior","7":"product_shipping_class-shifterz","8":"pa_brand-bmw","9":"pa_product-type-oem-original-equipment-manufacturer","10":"pa_vehicles-3-series-e36","11":"pa_vehicles-3-series-e46","12":"pa_vehicles-3-series-e90","13":"pa_vehicles-3-series-e91","14":"pa_vehicles-3-series-e92","15":"pa_vehicles-e90-m3","16":"pa_vehicles-bmw-f06-f12-f13","17":"pa_vehicles-bmw-m6-f06-f12-f13","18":"pa_vehicles-bmw-f07-gt","19":"pa_vehicles-bmw-m5-f10","20":"pa_vehicles-bmw-f10-f11","21":"pa_vehicles-bmw-f15-x5","22":"pa_vehicles-bmw-f16-x6","23":"pa_vehicles-bmw-f20-f21","24":"pa_vehicles-bmw-f22-f23","25":"pa_vehicles-bmw-f25-x3","26":"pa_vehicles-bmw-f26-x4","27":"pa_vehicles-bmw-f30","28":"pa_vehicles-bmw-f31","29":"pa_vehicles-bmw-f32","30":"pa_vehicles-bmw-f33","31":"pa_vehicles-bmw-f34","32":"pa_vehicles-bmw-f36","33":"pa_vehicles-bmw-f39-x2","34":"pa_vehicles-bmw-f40","35":"pa_vehicles-bmw-f44","36":"pa_vehicles-bmw-f45","37":"pa_vehicles-bmw-f46","38":"pa_vehicles-bmw-f47-x2","39":"pa_vehicles-bmw-f48-x1","40":"pa_vehicles-bmw-f70","41":"pa_vehicles-bmw-f80-m3","42":"pa_vehicles-bmw-f82-m4","43":"pa_vehicles-4-series-f83-m4","44":"pa_vehicles-bmw-f85-x5m","45":"pa_vehicles-bmw-f86-x6m","46":"pa_vehicles-bmw-f87-m2","47":"pa_vehicles-bmw-f90-m5","48":"pa_vehicles-bmw-m8-f91-f92-f93","49":"pa_vehicles-bmw-f95-x5m","50":"pa_vehicles-bmw-f96-x6m","51":"pa_vehicles-bmw-f97-x3m","52":"pa_vehicles-bmw-f98-x4m","53":"pa_vehicles-bmw-g01-x3","54":"pa_vehicles-bmw-g02-x4","55":"pa_vehicles-bmw-g05-x5","56":"pa_vehicles-bmw-x6-g06","57":"pa_vehicles-bmw-g07-x7","58":"pa_vehicles-bmw-g07-x7-lci","59":"pa_vehicles-bmw-g09-xm","60":"pa_vehicles-bmw-g11-g12","61":"pa_vehicles-bmw-g14-g15-g16","62":"pa_vehicles-bmw-g20","63":"pa_vehicles-bmw-g21","64":"pa_vehicles-bmw-g22","65":"pa_vehicles-bmw-g23","66":"pa_vehicles-bmw-g26-grancoupe","67":"pa_vehicles-bmw-z4-g29","68":"pa_vehicles-bmw-g30","69":"pa_vehicles-bmw-g31","70":"pa_vehicles-bmw-g32","71":"pa_vehicles-bmw-g42","72":"pa_vehicles-bmw-g45-x3","73":"pa_vehicles-bmw-g60","74":"pa_vehicles-bmw-g61","75":"pa_vehicles-bmw-g80-m3","76":"pa_vehicles-bmw-g81-m3-touring","77":"pa_vehicles-bmw-g82-m4-csl","78":"pa_vehicles-bmw-g82-m4","79":"pa_vehicles-bmw-g83-m4","80":"pa_vehicles-bmw-g87-m2","81":"pa_vehicles-bmw-g90-m5","82":"pa_vehicles-bmw-i4-g26","83":"pa_vehicles-bmw-i8","84":"pa_vehicles-bmw-ix","85":"pa_vehicles-x-series-u10-x2","86":"pa_vehicles-bmw-u11-x1","87":"pa_vehicles-hyundai-i20n","88":"pa_vehicles-hyundai-i30n","89":"pa_vehicles-mini-f54","90":"pa_vehicles-mini-f55","91":"pa_vehicles-mini-f56","92":"pa_vehicles-mini-f56-gp3","93":"pa_vehicles-mini-f57","94":"pa_vehicles-mini-f60-countryman","95":"pa_vehicles-supra-a90-a91","97":"first","98":"onbackorder","99":"taxable","100":"shipping-taxable","101":"purchasable","102":"product-type-simple"},"bundled_by":[],"bundle_stock_status":"onbackorder","bundle_stock_quantity":-6,"bundle_virtual":false,"bundle_layout":"","bundle_add_to_cart_form_location":"","bundle_editable_in_cart":false,"bundle_sold_individually_context":"","bundle_item_grouping":"","bundle_min_size":"","bundle_max_size":"","bundle_price":[],"bundled_items":[],"bundle_sell_ids":[],"_links":{"self":[{"href":"https:\/\/paddleshifterz.com\/de\/wp-json\/wp\/v2\/product\/84139","targetHints":{"allow":["GET"]}}],"collection":[{"href":"https:\/\/paddleshifterz.com\/de\/wp-json\/wp\/v2\/product"}],"about":[{"href":"https:\/\/paddleshifterz.com\/de\/wp-json\/wp\/v2\/types\/product"}],"wp:featuredmedia":[{"embeddable":true,"href":"https:\/\/paddleshifterz.com\/de\/wp-json\/wp\/v2\/media\/84154"}],"wp:attachment":[{"href":"https:\/\/paddleshifterz.com\/de\/wp-json\/wp\/v2\/media?parent=84139"}],"wp:term":[{"taxonomy":"product_brand","embeddable":true,"href":"https:\/\/paddleshifterz.com\/de\/wp-json\/wp\/v2\/product_brand?post=84139"},{"taxonomy":"product_cat","embeddable":true,"href":"https:\/\/paddleshifterz.com\/de\/wp-json\/wp\/v2\/product_cat?post=84139"},{"taxonomy":"product_tag","embeddable":true,"href":"https:\/\/paddleshifterz.com\/de\/wp-json\/wp\/v2\/product_tag?post=84139"}],"curies":[{"name":"wp","href":"https:\/\/api.w.org\/{rel}","templated":true}]}}