{"id":84574,"date":"2024-10-04T05:59:34","date_gmt":"2024-10-04T04:59:34","guid":{"rendered":"https:\/\/paddleshifterz.com\/?post_type=product&#038;p=84574"},"modified":"2025-11-03T07:14:22","modified_gmt":"2025-11-03T06:14:22","slug":"oem-bmw-engine-bay-front-strut-brace-51617456115","status":"publish","type":"product","link":"https:\/\/paddleshifterz.com\/de\/oem-bmw-engine-bay-front-strut-brace-51617456115\/","title":{"rendered":"OEM BMW Motorraum Vordere Federbeinbr\u00fccke - 51617456115"},"content":{"rendered":"<h2>Passende Fahrzeuge<\/h2>\n<ul>\n<li>BMW G22<\/li>\n<li>BMW G23<\/li>\n<li>BMW G26<\/li>\n<li>BMW G26 i4<\/li>\n<\/ul>","protected":false},"excerpt":{"rendered":"<p>Original BMW Motorraumstrebe vorne f\u00fcr BMW Modelle.<\/p>\n<p>Teil wird gezeigt mit <strong>Nummer 1<\/strong> auf dem Bild. Enth\u00e4lt nur ein St\u00fcck, normalerweise w\u00fcrden Sie 2 St\u00fcck ben\u00f6tigen.<\/p>","protected":false},"featured_media":86737,"template":"","meta":{"bwfblock_default_font":""},"product_brand":[],"product_cat":[1308,1727],"product_tag":[],"class_list":{"0":"post-84574","1":"product","2":"type-product","3":"status-publish","4":"has-post-thumbnail","6":"product_cat-engine-bay","7":"product_cat-performance","8":"product_shipping_class-shifterz","9":"pa_brand-bmw","10":"pa_product-type-oem-original-equipment-manufacturer","11":"pa_vehicles-bmw-g22","12":"pa_vehicles-bmw-g23","13":"pa_vehicles-bmw-g26-grancoupe","14":"pa_vehicles-bmw-i4-g26","16":"first","17":"onbackorder","18":"taxable","19":"shipping-taxable","20":"purchasable","21":"product-type-simple"},"bundled_by":[],"bundle_stock_status":"onbackorder","bundle_stock_quantity":-4,"bundle_virtual":false,"bundle_layout":"","bundle_add_to_cart_form_location":"","bundle_editable_in_cart":false,"bundle_sold_individually_context":"","bundle_item_grouping":"","bundle_min_size":"","bundle_max_size":"","bundle_price":[],"bundled_items":[],"bundle_sell_ids":[],"_links":{"self":[{"href":"https:\/\/paddleshifterz.com\/de\/wp-json\/wp\/v2\/product\/84574","targetHints":{"allow":["GET"]}}],"collection":[{"href":"https:\/\/paddleshifterz.com\/de\/wp-json\/wp\/v2\/product"}],"about":[{"href":"https:\/\/paddleshifterz.com\/de\/wp-json\/wp\/v2\/types\/product"}],"wp:featuredmedia":[{"embeddable":true,"href":"https:\/\/paddleshifterz.com\/de\/wp-json\/wp\/v2\/media\/86737"}],"wp:attachment":[{"href":"https:\/\/paddleshifterz.com\/de\/wp-json\/wp\/v2\/media?parent=84574"}],"wp:term":[{"taxonomy":"product_brand","embeddable":true,"href":"https:\/\/paddleshifterz.com\/de\/wp-json\/wp\/v2\/product_brand?post=84574"},{"taxonomy":"product_cat","embeddable":true,"href":"https:\/\/paddleshifterz.com\/de\/wp-json\/wp\/v2\/product_cat?post=84574"},{"taxonomy":"product_tag","embeddable":true,"href":"https:\/\/paddleshifterz.com\/de\/wp-json\/wp\/v2\/product_tag?post=84574"}],"curies":[{"name":"wp","href":"https:\/\/api.w.org\/{rel}","templated":true}]}}