{"id":84782,"date":"2024-10-10T19:46:18","date_gmt":"2024-10-10T18:46:18","guid":{"rendered":"https:\/\/paddleshifterz.com\/?post_type=product&#038;p=84782"},"modified":"2026-04-05T12:35:10","modified_gmt":"2026-04-05T11:35:10","slug":"oem-bmw-lci-gloss-carbon-fiber-interior-trim-kit-curved-display","status":"publish","type":"product","link":"https:\/\/paddleshifterz.com\/de\/oem-bmw-lci-gloss-carbon-fiber-interior-trim-kit-curved-display\/","title":{"rendered":"OEM BMW LCI Gloss carbon fiber interior trim kit"},"content":{"rendered":"<h2>Spezifikationen<\/h2>\n<ul>\n<li>For vehicles with the new LCI (2024\/2025+) big, curved display with new air vent style.<\/li>\n<li>BMW-Originalteile<\/li>\n<li><strong>For vehicles with automatic transmission.<\/strong><\/li>\n<li>Erh\u00e4ltlich f\u00fcr Fahrzeuge mit Links- und Rechtslenkung.<\/li>\n<li>Enth\u00e4lt alle Kohlefaser-Innenteile, die f\u00fcr die Nachr\u00fcstung des Kohlefaser-Kits in Ihrem Fahrzeug ben\u00f6tigt werden<\/li>\n<li>Plug-and-Play-Bausatz, keine aufgeklebten Teile<\/li>\n<\/ul>","protected":false},"excerpt":{"rendered":"<p>Ein kompletter Satz echter BMW Kohlefaser-Innenraumverkleidungen f\u00fcr Fahrzeuge mit dem gebogenen Display, LCI-Modelle mit den neuen L\u00fcftungsd\u00fcsen. Das Paket beinhaltet die gl\u00e4nzenden Kohlefaser-Mittelkonsolen (3 St\u00fcck) und die gl\u00e4nzende Kohlefaser-Armaturenbrettverkleidung.<\/p>","protected":false},"featured_media":102395,"template":"","meta":{"bwfblock_default_font":""},"product_brand":[],"product_cat":[593],"product_tag":[],"class_list":{"0":"post-84782","1":"product","2":"type-product","3":"status-publish","4":"has-post-thumbnail","6":"product_cat-interior","7":"product_shipping_class-shifterz","8":"pa_brand-bmw","9":"pa_product-type-oem-original-equipment-manufacturer","10":"pa_vehicles-bmw-g20","11":"pa_vehicles-bmw-g21","12":"pa_vehicles-bmw-g22","13":"pa_vehicles-bmw-g23","14":"pa_vehicles-bmw-g26-grancoupe","15":"pa_vehicles-bmw-g42","16":"pa_vehicles-bmw-g80-m3","17":"pa_vehicles-bmw-g81-m3-touring","18":"pa_vehicles-bmw-g82-m4-csl","19":"pa_vehicles-bmw-g82-m4","20":"pa_vehicles-bmw-g83-m4","21":"pa_vehicles-bmw-g87-m2","22":"pa_vehicles-bmw-i4-g26","24":"first","25":"onbackorder","26":"taxable","27":"shipping-taxable","28":"purchasable","29":"product-type-bundle"},"bundled_by":[],"bundle_stock_status":"instock","bundle_stock_quantity":"","bundle_virtual":false,"bundle_layout":"default","bundle_add_to_cart_form_location":"default","bundle_editable_in_cart":false,"bundle_sold_individually_context":"product","bundle_item_grouping":"parent","bundle_min_size":"","bundle_max_size":"","bundle_price":{"price":{"min":{"incl_tax":"1427","excl_tax":"1199.15"},"max":{"incl_tax":"1476","excl_tax":"1240.33"}},"regular_price":{"min":{"incl_tax":"1427","excl_tax":"1199.15"},"max":{"incl_tax":"1476","excl_tax":"1240.33"}}},"bundled_items":[{"bundled_item_id":119,"product_id":82959,"menu_order":0,"quantity_min":1,"quantity_max":1,"quantity_default":1,"priced_individually":true,"shipped_individually":false,"override_title":true,"title":"LCI Gloss carbon fiber dashboard trim","override_description":true,"description":"","optional":false,"hide_thumbnail":true,"discount":"","override_variations":false,"allowed_variations":[],"override_default_variation_attributes":false,"default_variation_attributes":[],"single_product_visibility":"visible","cart_visibility":"visible","order_visibility":"visible","single_product_price_visibility":"visible","cart_price_visibility":"visible","order_price_visibility":"visible","stock_status":"on_backorder"},{"bundled_item_id":120,"product_id":71841,"menu_order":1,"quantity_min":1,"quantity_max":1,"quantity_default":1,"priced_individually":true,"shipped_individually":false,"override_title":true,"title":"Mittelkonsolenverkleidung aus gl\u00e4nzender Kohlefaser","override_description":true,"description":"","optional":false,"hide_thumbnail":true,"discount":"","override_variations":false,"allowed_variations":[],"override_default_variation_attributes":false,"default_variation_attributes":[],"single_product_visibility":"visible","cart_visibility":"visible","order_visibility":"visible","single_product_price_visibility":"visible","cart_price_visibility":"visible","order_price_visibility":"visible","stock_status":"on_backorder"},{"bundled_item_id":121,"product_id":71837,"menu_order":2,"quantity_min":1,"quantity_max":1,"quantity_default":1,"priced_individually":true,"shipped_individually":false,"override_title":true,"title":"Becherhalterabdeckung aus gl\u00e4nzender Kohlefaser","override_description":true,"description":"","optional":false,"hide_thumbnail":true,"discount":"","override_variations":false,"allowed_variations":[],"override_default_variation_attributes":false,"default_variation_attributes":[],"single_product_visibility":"visible","cart_visibility":"visible","order_visibility":"visible","single_product_price_visibility":"visible","cart_price_visibility":"visible","order_price_visibility":"visible","stock_status":"on_backorder"},{"bundled_item_id":122,"product_id":71845,"menu_order":3,"quantity_min":1,"quantity_max":1,"quantity_default":1,"priced_individually":true,"shipped_individually":false,"override_title":true,"title":"Schwarz gl\u00e4nzende Mittelkonsolenverkleidung - kleines St\u00fcck","override_description":true,"description":"","optional":true,"hide_thumbnail":true,"discount":"","override_variations":false,"allowed_variations":[],"override_default_variation_attributes":false,"default_variation_attributes":[],"single_product_visibility":"visible","cart_visibility":"visible","order_visibility":"visible","single_product_price_visibility":"visible","cart_price_visibility":"visible","order_price_visibility":"visible","stock_status":"on_backorder"}],"bundle_sell_ids":[],"_links":{"self":[{"href":"https:\/\/paddleshifterz.com\/de\/wp-json\/wp\/v2\/product\/84782","targetHints":{"allow":["GET"]}}],"collection":[{"href":"https:\/\/paddleshifterz.com\/de\/wp-json\/wp\/v2\/product"}],"about":[{"href":"https:\/\/paddleshifterz.com\/de\/wp-json\/wp\/v2\/types\/product"}],"wp:featuredmedia":[{"embeddable":true,"href":"https:\/\/paddleshifterz.com\/de\/wp-json\/wp\/v2\/media\/102395"}],"wp:attachment":[{"href":"https:\/\/paddleshifterz.com\/de\/wp-json\/wp\/v2\/media?parent=84782"}],"wp:term":[{"taxonomy":"product_brand","embeddable":true,"href":"https:\/\/paddleshifterz.com\/de\/wp-json\/wp\/v2\/product_brand?post=84782"},{"taxonomy":"product_cat","embeddable":true,"href":"https:\/\/paddleshifterz.com\/de\/wp-json\/wp\/v2\/product_cat?post=84782"},{"taxonomy":"product_tag","embeddable":true,"href":"https:\/\/paddleshifterz.com\/de\/wp-json\/wp\/v2\/product_tag?post=84782"}],"curies":[{"name":"wp","href":"https:\/\/api.w.org\/{rel}","templated":true}]}}