{"id":84783,"date":"2024-10-10T19:53:16","date_gmt":"2024-10-10T18:53:16","guid":{"rendered":"https:\/\/paddleshifterz.com\/?post_type=product&#038;p=84783"},"modified":"2025-11-03T07:14:24","modified_gmt":"2025-11-03T06:14:24","slug":"oem-bmw-shadow-line-front-grille-camera-piece-x2-51135a32b37","status":"publish","type":"product","link":"https:\/\/paddleshifterz.com\/de\/oem-bmw-shadow-line-front-grille-camera-piece-x2-51135a32b37\/","title":{"rendered":"OEM BMW Shadowline front grille camera trim X2 &#8211; 51135A32B37"},"content":{"rendered":"<h2>Spezifikationen<\/h2>\n<ul>\n<li>Original BMW Produkt<\/li>\n<li>Shadow Line, gl\u00e4nzend schwarze K\u00fchlergrill-Mittelverkleidung mit der Kamera\u00f6ffnung f\u00fcr <a href=\"https:\/\/paddleshifterz.com\/de\/produkt\/oem-bmw-shadowline-grille-x2-m35i-51135a35bc0\/\">der Shadow-Line-K\u00fchlergrill des M35iX<\/a><\/li>\n<li><strong><span style=\"color: #555555; font-size: 14.4px;\">Teilnummer<\/span><\/strong>\n<ul>\n<li>51135A32B37<\/li>\n<\/ul>\n<\/li>\n<\/ul>\n<h2>Passende Fahrzeuge<\/h2>\n<ul>\n<li><a href=\"https:\/\/paddleshifterz.com\/de\/vehicles\/x-series-u10-x2\/\">BMW U10 X2<\/a><\/li>\n<\/ul>","protected":false},"excerpt":{"rendered":"<p>OEM BMW Shadow-line Frontgrill gl\u00e4nzend schwarzes Mittelst\u00fcck mit Halterung f\u00fcr Frontkamera, f\u00fcr den U10 X2 M35iX.<\/p>","protected":false},"featured_media":84785,"template":"","meta":{"bwfblock_default_font":""},"product_brand":[],"product_cat":[1113,1095],"product_tag":[],"class_list":{"0":"post-84783","1":"product","2":"type-product","3":"status-publish","4":"has-post-thumbnail","6":"product_cat-exterior","7":"product_cat-front-grilles","8":"product_shipping_class-shifterz","9":"pa_brand-bmw","10":"pa_product-type-oem-original-equipment-manufacturer","11":"pa_vehicles-x-series-u10-x2","13":"first","14":"onbackorder","15":"taxable","16":"shipping-taxable","17":"purchasable","18":"product-type-simple"},"bundled_by":[],"bundle_stock_status":"onbackorder","bundle_stock_quantity":0,"bundle_virtual":false,"bundle_layout":"","bundle_add_to_cart_form_location":"","bundle_editable_in_cart":false,"bundle_sold_individually_context":"","bundle_item_grouping":"","bundle_min_size":"","bundle_max_size":"","bundle_price":[],"bundled_items":[],"bundle_sell_ids":[],"_links":{"self":[{"href":"https:\/\/paddleshifterz.com\/de\/wp-json\/wp\/v2\/product\/84783","targetHints":{"allow":["GET"]}}],"collection":[{"href":"https:\/\/paddleshifterz.com\/de\/wp-json\/wp\/v2\/product"}],"about":[{"href":"https:\/\/paddleshifterz.com\/de\/wp-json\/wp\/v2\/types\/product"}],"wp:featuredmedia":[{"embeddable":true,"href":"https:\/\/paddleshifterz.com\/de\/wp-json\/wp\/v2\/media\/84785"}],"wp:attachment":[{"href":"https:\/\/paddleshifterz.com\/de\/wp-json\/wp\/v2\/media?parent=84783"}],"wp:term":[{"taxonomy":"product_brand","embeddable":true,"href":"https:\/\/paddleshifterz.com\/de\/wp-json\/wp\/v2\/product_brand?post=84783"},{"taxonomy":"product_cat","embeddable":true,"href":"https:\/\/paddleshifterz.com\/de\/wp-json\/wp\/v2\/product_cat?post=84783"},{"taxonomy":"product_tag","embeddable":true,"href":"https:\/\/paddleshifterz.com\/de\/wp-json\/wp\/v2\/product_tag?post=84783"}],"curies":[{"name":"wp","href":"https:\/\/api.w.org\/{rel}","templated":true}]}}