{"id":84951,"date":"2024-10-16T08:27:27","date_gmt":"2024-10-16T07:27:27","guid":{"rendered":"https:\/\/paddleshifterz.com\/?post_type=product&#038;p=84951"},"modified":"2025-12-08T07:39:20","modified_gmt":"2025-12-08T06:39:20","slug":"oem-bmw-m-carbon-fiber-rear-spoiler-g90-m5-51627908985","status":"publish","type":"product","link":"https:\/\/paddleshifterz.com\/de\/oem-bmw-m-carbon-fiber-rear-spoiler-g90-m5-51627908985\/","title":{"rendered":"OEM BMW M Carbon Heckspoiler G90 M5 \u2013 51627908985"},"content":{"rendered":"<p>F\u00fcr die Montage empfehlen wir das Original BMW Klebeband f\u00fcr eine perfekte Passform und Leistung zu erhalten. Original BMW Klebeband-Set f\u00fcr Heckspoiler (SKU: 51627908986)<\/p>","protected":false},"excerpt":{"rendered":"<p>Original BMW M Kohlefaser Heckspoiler f\u00fcr den neuen BMW G90 M5, Artikelnummer: 51627908985<\/p>","protected":false},"featured_media":84952,"template":"","meta":{"bwfblock_default_font":""},"product_brand":[],"product_cat":[1211],"product_tag":[],"class_list":{"0":"post-84951","1":"product","2":"type-product","3":"status-publish","4":"has-post-thumbnail","6":"product_cat-carbon-fibre-rear-spoiler","7":"product_shipping_class-shifterz","8":"pa_brand-bmw","9":"pa_product-type-oem-original-equipment-manufacturer","10":"pa_vehicles-bmw-g90-m5","12":"first","13":"onbackorder","14":"taxable","15":"shipping-taxable","16":"purchasable","17":"product-type-simple"},"bundled_by":[],"bundle_stock_status":"onbackorder","bundle_stock_quantity":0,"bundle_virtual":false,"bundle_layout":"","bundle_add_to_cart_form_location":"","bundle_editable_in_cart":false,"bundle_sold_individually_context":"","bundle_item_grouping":"","bundle_min_size":"","bundle_max_size":"","bundle_price":[],"bundled_items":[],"bundle_sell_ids":[],"_links":{"self":[{"href":"https:\/\/paddleshifterz.com\/de\/wp-json\/wp\/v2\/product\/84951","targetHints":{"allow":["GET"]}}],"collection":[{"href":"https:\/\/paddleshifterz.com\/de\/wp-json\/wp\/v2\/product"}],"about":[{"href":"https:\/\/paddleshifterz.com\/de\/wp-json\/wp\/v2\/types\/product"}],"wp:featuredmedia":[{"embeddable":true,"href":"https:\/\/paddleshifterz.com\/de\/wp-json\/wp\/v2\/media\/84952"}],"wp:attachment":[{"href":"https:\/\/paddleshifterz.com\/de\/wp-json\/wp\/v2\/media?parent=84951"}],"wp:term":[{"taxonomy":"product_brand","embeddable":true,"href":"https:\/\/paddleshifterz.com\/de\/wp-json\/wp\/v2\/product_brand?post=84951"},{"taxonomy":"product_cat","embeddable":true,"href":"https:\/\/paddleshifterz.com\/de\/wp-json\/wp\/v2\/product_cat?post=84951"},{"taxonomy":"product_tag","embeddable":true,"href":"https:\/\/paddleshifterz.com\/de\/wp-json\/wp\/v2\/product_tag?post=84951"}],"curies":[{"name":"wp","href":"https:\/\/api.w.org\/{rel}","templated":true}]}}