{"id":85360,"date":"2024-10-25T13:50:10","date_gmt":"2024-10-25T12:50:10","guid":{"rendered":"https:\/\/paddleshifterz.com\/?post_type=product&#038;p=85360"},"modified":"2026-03-30T08:21:50","modified_gmt":"2026-03-30T07:21:50","slug":"oem-bmw-g87-m2-door-sill-with-m2-logo-51478082008","status":"publish","type":"product","link":"https:\/\/paddleshifterz.com\/de\/oem-bmw-g87-m2-door-sill-with-m2-logo-51478082008\/","title":{"rendered":"OEM BMW G87 M2 T\u00fcrschweller mit M2 Logo - 51478082008"},"content":{"rendered":"","protected":false},"excerpt":{"rendered":"<p>Original BMW Einstiegsleisten f\u00fcr BMW G87 M2, mit M2-Logo. Kommt mit Stiften, um die Verkleidung zu installieren, enth\u00e4lt nur ein Produkt. Identisch f\u00fcr linke und rechte Seite.<\/p>\n<p>SKU: 51478082008<\/p>","protected":false},"featured_media":85361,"template":"","meta":{"bwfblock_default_font":""},"product_brand":[],"product_cat":[593],"product_tag":[],"class_list":{"0":"post-85360","1":"product","2":"type-product","3":"status-publish","4":"has-post-thumbnail","6":"product_cat-interior","7":"product_shipping_class-shifterz","8":"pa_brand-bmw","9":"pa_product-type-oem-original-equipment-manufacturer","10":"pa_vehicles-bmw-g87-m2","12":"first","13":"onbackorder","14":"taxable","15":"shipping-taxable","16":"purchasable","17":"product-type-simple"},"bundled_by":[],"bundle_stock_status":"onbackorder","bundle_stock_quantity":-3,"bundle_virtual":false,"bundle_layout":"","bundle_add_to_cart_form_location":"","bundle_editable_in_cart":false,"bundle_sold_individually_context":"","bundle_item_grouping":"","bundle_min_size":"","bundle_max_size":"","bundle_price":[],"bundled_items":[],"bundle_sell_ids":[],"_links":{"self":[{"href":"https:\/\/paddleshifterz.com\/de\/wp-json\/wp\/v2\/product\/85360","targetHints":{"allow":["GET"]}}],"collection":[{"href":"https:\/\/paddleshifterz.com\/de\/wp-json\/wp\/v2\/product"}],"about":[{"href":"https:\/\/paddleshifterz.com\/de\/wp-json\/wp\/v2\/types\/product"}],"wp:featuredmedia":[{"embeddable":true,"href":"https:\/\/paddleshifterz.com\/de\/wp-json\/wp\/v2\/media\/85361"}],"wp:attachment":[{"href":"https:\/\/paddleshifterz.com\/de\/wp-json\/wp\/v2\/media?parent=85360"}],"wp:term":[{"taxonomy":"product_brand","embeddable":true,"href":"https:\/\/paddleshifterz.com\/de\/wp-json\/wp\/v2\/product_brand?post=85360"},{"taxonomy":"product_cat","embeddable":true,"href":"https:\/\/paddleshifterz.com\/de\/wp-json\/wp\/v2\/product_cat?post=85360"},{"taxonomy":"product_tag","embeddable":true,"href":"https:\/\/paddleshifterz.com\/de\/wp-json\/wp\/v2\/product_tag?post=85360"}],"curies":[{"name":"wp","href":"https:\/\/api.w.org\/{rel}","templated":true}]}}