{"id":85596,"date":"2024-11-05T07:49:06","date_gmt":"2024-11-05T06:49:06","guid":{"rendered":"https:\/\/paddleshifterz.com\/?post_type=product&#038;p=85596"},"modified":"2026-02-13T16:20:39","modified_gmt":"2026-02-13T15:20:39","slug":"oem-bmw-g87-m2-adaptive-led-headlights-eu-spec","status":"publish","type":"product","link":"https:\/\/paddleshifterz.com\/de\/oem-bmw-g87-m2-adaptive-led-headlights-eu-spec\/","title":{"rendered":"OEM BMW G87 M2 Adaptive LED-Scheinwerfer EU-Spez."},"content":{"rendered":"<h2>Spezifikationen<\/h2>\n<p>F\u00fcr Fahrzeuge mit:<\/p>\n<ul>\n<li>Nationale Version Japan\n<ul>\n<li>L807A = Nein<\/li>\n<\/ul>\n<\/li>\n<li>Nationale Version China\n<ul>\n<li>L8AAA = Nein<\/li>\n<\/ul>\n<\/li>\n<li><strong>BMW INDIVIDUAL LIGHTS SHADOW LINE<\/strong>\n<ul>\n<li><strong>S3MFA = Ja<\/strong><\/li>\n<\/ul>\n<\/li>\n<li><strong>Adaptives LED-Scheinwerferlicht<\/strong>\n<ul>\n<li><strong>S552A = Ja<\/strong><\/li>\n<\/ul>\n<\/li>\n<li>L\u00e4nderkontrolle Hongkong\/Macao 04142\n<ul>\n<li>S8LHA = Nein<\/li>\n<\/ul>\n<\/li>\n<\/ul>\n<p>Enth\u00e4lt alle ben\u00f6tigten Module. Neue Module k\u00f6nnen sein <a href=\"https:\/\/paddleshifterz.com\/de\/produkt\/oem-bmw-control-unit-front-light-electronics-63115a0afb0\/\">finden Sie hier.<\/a><\/p>","protected":false},"excerpt":{"rendered":"<p>Original BMW G87 M2 Adaptive LED-Scheinwerfer f\u00fcr EU-Fahrzeuge (passend f\u00fcr Links- und Rechtslenker). Linke und rechte Seite k\u00f6nnen separat bestellt werden.<\/p>","protected":false},"featured_media":85595,"template":"","meta":{"bwfblock_default_font":""},"product_brand":[],"product_cat":[1113,1094],"product_tag":[],"class_list":{"0":"post-85596","1":"product","2":"type-product","3":"status-publish","4":"has-post-thumbnail","6":"product_cat-exterior","7":"product_cat-headlights-taillights","8":"product_shipping_class-shifterz","9":"pa_brand-bmw","10":"pa_product-type-oem-original-equipment-manufacturer","11":"pa_vehicles-bmw-g87-m2","13":"first","14":"onbackorder","15":"taxable","16":"shipping-taxable","17":"purchasable","18":"product-type-variable"},"bundled_by":[],"bundle_stock_status":"onbackorder","bundle_stock_quantity":null,"bundle_virtual":false,"bundle_layout":"","bundle_add_to_cart_form_location":"","bundle_editable_in_cart":false,"bundle_sold_individually_context":"","bundle_item_grouping":"","bundle_min_size":"","bundle_max_size":"","bundle_price":[],"bundled_items":[],"bundle_sell_ids":[],"_links":{"self":[{"href":"https:\/\/paddleshifterz.com\/de\/wp-json\/wp\/v2\/product\/85596","targetHints":{"allow":["GET"]}}],"collection":[{"href":"https:\/\/paddleshifterz.com\/de\/wp-json\/wp\/v2\/product"}],"about":[{"href":"https:\/\/paddleshifterz.com\/de\/wp-json\/wp\/v2\/types\/product"}],"wp:featuredmedia":[{"embeddable":true,"href":"https:\/\/paddleshifterz.com\/de\/wp-json\/wp\/v2\/media\/85595"}],"wp:attachment":[{"href":"https:\/\/paddleshifterz.com\/de\/wp-json\/wp\/v2\/media?parent=85596"}],"wp:term":[{"taxonomy":"product_brand","embeddable":true,"href":"https:\/\/paddleshifterz.com\/de\/wp-json\/wp\/v2\/product_brand?post=85596"},{"taxonomy":"product_cat","embeddable":true,"href":"https:\/\/paddleshifterz.com\/de\/wp-json\/wp\/v2\/product_cat?post=85596"},{"taxonomy":"product_tag","embeddable":true,"href":"https:\/\/paddleshifterz.com\/de\/wp-json\/wp\/v2\/product_tag?post=85596"}],"curies":[{"name":"wp","href":"https:\/\/api.w.org\/{rel}","templated":true}]}}