{"id":85889,"date":"2024-11-17T12:24:58","date_gmt":"2024-11-17T11:24:58","guid":{"rendered":"https:\/\/paddleshifterz.com\/?post_type=product&#038;p=85889"},"modified":"2026-03-17T13:58:55","modified_gmt":"2026-03-17T12:58:55","slug":"oem-bmw-lci-fresh-air-grille-driver-side-g2x-g8x","status":"publish","type":"product","link":"https:\/\/paddleshifterz.com\/de\/oem-bmw-lci-fresh-air-grille-driver-side-g2x-g8x\/","title":{"rendered":"OEM BMW LCI Frischluftgrill Fahrerseite G2X, G8X"},"content":{"rendered":"<p><strong>This product can only be fitted to vehicles with the new LCI dashboard trim and <a href=\"https:\/\/paddleshifterz.com\/de\/produkt\/oem-bmw-lci-fresh-air-grille-drivers-side-cover-g2x-g8x\/\">the driver&#8217;s side cover<\/a>.<\/strong><\/p>","protected":false},"excerpt":{"rendered":"<p>Original BMW fresh air grille driver&#8217;s side for LCI interior trims. Available in 2 versions:<\/p>\n<ul>\n<li>Steuerelemente f\u00fcr Galvanikanwendungen: Ja oder Nein (S4U0A)*<\/li>\n<\/ul>\n<p>*Bei BMW-Fahrzeugen ist der Optionscode <b>S4U0A<\/b> bezieht sich auf die <b>Galvanische Applikation auf Bedienelementen<\/b>. Diese Funktion verbessert die \u00c4sthetik des Innenraums, indem verschiedene Bedienelemente, wie Tasten und Kn\u00f6pfe, mit einer Metalloberfl\u00e4che versehen werden, die ein hochwertiges und edles Erscheinungsbild bietet. Bei dem Galvanisierungsverfahren wird eine d\u00fcnne Metallschicht auf die Oberfl\u00e4che dieser Elemente aufgebracht, was zu einer dauerhaften und optisch ansprechenden Oberfl\u00e4che f\u00fchrt.<\/p>","protected":false},"featured_media":86089,"template":"","meta":{"bwfblock_default_font":""},"product_brand":[],"product_cat":[593],"product_tag":[],"class_list":{"0":"post-85889","1":"product","2":"type-product","3":"status-publish","4":"has-post-thumbnail","6":"product_cat-interior","7":"product_shipping_class-shifterz","8":"pa_brand-bmw","9":"pa_product-type-oem-original-equipment-manufacturer","10":"pa_vehicles-bmw-g20","11":"pa_vehicles-bmw-g21","12":"pa_vehicles-bmw-g22","13":"pa_vehicles-bmw-g23","14":"pa_vehicles-bmw-g26-grancoupe","15":"pa_vehicles-bmw-g80-m3","16":"pa_vehicles-bmw-g81-m3-touring","17":"pa_vehicles-bmw-g82-m4","18":"pa_vehicles-bmw-g83-m4","19":"pa_vehicles-bmw-g87-m2","21":"first","22":"onbackorder","23":"taxable","24":"shipping-taxable","25":"purchasable","26":"product-type-variable"},"bundled_by":[],"bundle_stock_status":"onbackorder","bundle_stock_quantity":null,"bundle_virtual":false,"bundle_layout":"","bundle_add_to_cart_form_location":"","bundle_editable_in_cart":false,"bundle_sold_individually_context":"","bundle_item_grouping":"","bundle_min_size":"","bundle_max_size":"","bundle_price":[],"bundled_items":[],"bundle_sell_ids":[],"_links":{"self":[{"href":"https:\/\/paddleshifterz.com\/de\/wp-json\/wp\/v2\/product\/85889","targetHints":{"allow":["GET"]}}],"collection":[{"href":"https:\/\/paddleshifterz.com\/de\/wp-json\/wp\/v2\/product"}],"about":[{"href":"https:\/\/paddleshifterz.com\/de\/wp-json\/wp\/v2\/types\/product"}],"wp:featuredmedia":[{"embeddable":true,"href":"https:\/\/paddleshifterz.com\/de\/wp-json\/wp\/v2\/media\/86089"}],"wp:attachment":[{"href":"https:\/\/paddleshifterz.com\/de\/wp-json\/wp\/v2\/media?parent=85889"}],"wp:term":[{"taxonomy":"product_brand","embeddable":true,"href":"https:\/\/paddleshifterz.com\/de\/wp-json\/wp\/v2\/product_brand?post=85889"},{"taxonomy":"product_cat","embeddable":true,"href":"https:\/\/paddleshifterz.com\/de\/wp-json\/wp\/v2\/product_cat?post=85889"},{"taxonomy":"product_tag","embeddable":true,"href":"https:\/\/paddleshifterz.com\/de\/wp-json\/wp\/v2\/product_tag?post=85889"}],"curies":[{"name":"wp","href":"https:\/\/api.w.org\/{rel}","templated":true}]}}