{"id":86775,"date":"2024-12-09T16:32:22","date_gmt":"2024-12-09T15:32:22","guid":{"rendered":"https:\/\/paddleshifterz.com\/?post_type=product&#038;p=86775"},"modified":"2026-03-28T18:50:17","modified_gmt":"2026-03-28T17:50:17","slug":"oem-bmw-g22-g23-shadowline-front-grille-lci","status":"publish","type":"product","link":"https:\/\/paddleshifterz.com\/de\/oem-bmw-g22-g23-shadowline-front-grille-lci\/","title":{"rendered":"OEM BMW G22, G23 ShadowLine Frontziergitter LCI"},"content":{"rendered":"<p>F\u00fcr Fahrzeuge mit Driving Assistant Professional empfehlen wir den Erwerb von <a href=\"https:\/\/paddleshifterz.com\/de\/produkt\/oem-bmw-lci-grille-center-trim-cover-66319500096\/\">die neue LCI-H\u00fclle.<\/a><\/p>\n<p>F\u00fcr Fahrzeuge mit aktiver Geschwindigkeitsregelung+Stop&amp;Go-Funktion empfehlen wir die Anschaffung von <a href=\"https:\/\/paddleshifterz.com\/de\/produkt\/oem-bmw-lci-grille-center-trim-cover-51118738602\/\">die neue LCI-H\u00fclle.<\/a><\/p>","protected":false},"excerpt":{"rendered":"<p>OEM BMW LCI Shadowline K\u00fchlergrill f\u00fcr BMW 4er G22 und G23 mit folgenden Eigenschaften:<\/p>\n<p><strong>F\u00fcr Fahrzeuge mit:<\/strong><\/p>\n<ul>\n<li>Driving assistant professional:\n<ul>\n<li><strong>S5AUA = Ja oder Nein<\/strong><\/li>\n<\/ul>\n<\/li>\n<li>Aktiver Tempomat mit Stop&amp;Go-Funktion:\n<ul>\n<li><strong>S5DFA = Ja oder Nein<\/strong><\/li>\n<\/ul>\n<\/li>\n<li>Parking assistance system Plus:\n<ul>\n<li><strong>S5DNA = Ja oder Nein<\/strong><\/li>\n<\/ul>\n<\/li>\n<\/ul>\n<p>New license plate holder is needed for this grille, for EU spec vehicles, please find the <a href=\"https:\/\/paddleshifterz.com\/de\/oem-bmw-g22-g23-lci-eu-license-plate-holder-51137887367\/\">plate holder here.<\/a><\/p>\n<p>Wenn Sie sich nicht sicher sind, w\u00e4hlen Sie bitte die richtige Version anhand der Spezifikationen Ihres Fahrzeugs aus, <a href=\"https:\/\/paddleshifterz.com\/de\/contact\/\">Senden Sie uns eine E-Mail<\/a> und wir schicken Ihnen das passende Produkt f\u00fcr Ihr Fahrzeug.<\/p>\n<p><em>Wird mit einer blauen Schutzfolie auf dem Gitter geliefert, um es vor Kratzern beim Versand zu sch\u00fctzen. Die Bilder k\u00f6nnen je nach ausgew\u00e4hltem Merkmal abweichen.<\/em><\/p>","protected":false},"featured_media":97251,"template":"","meta":{"bwfblock_default_font":""},"product_brand":[],"product_cat":[1113,1095],"product_tag":[],"class_list":{"0":"post-86775","1":"product","2":"type-product","3":"status-publish","4":"has-post-thumbnail","6":"product_cat-exterior","7":"product_cat-front-grilles","8":"product_shipping_class-shifterz","9":"pa_brand-bmw","10":"pa_product-type-oem-original-equipment-manufacturer","11":"pa_vehicles-bmw-g22","12":"pa_vehicles-bmw-g23","14":"first","15":"onbackorder","16":"taxable","17":"shipping-taxable","18":"purchasable","19":"product-type-variable"},"bundled_by":[],"bundle_stock_status":"onbackorder","bundle_stock_quantity":null,"bundle_virtual":false,"bundle_layout":"","bundle_add_to_cart_form_location":"","bundle_editable_in_cart":false,"bundle_sold_individually_context":"","bundle_item_grouping":"","bundle_min_size":"","bundle_max_size":"","bundle_price":[],"bundled_items":[],"bundle_sell_ids":[],"_links":{"self":[{"href":"https:\/\/paddleshifterz.com\/de\/wp-json\/wp\/v2\/product\/86775","targetHints":{"allow":["GET"]}}],"collection":[{"href":"https:\/\/paddleshifterz.com\/de\/wp-json\/wp\/v2\/product"}],"about":[{"href":"https:\/\/paddleshifterz.com\/de\/wp-json\/wp\/v2\/types\/product"}],"wp:featuredmedia":[{"embeddable":true,"href":"https:\/\/paddleshifterz.com\/de\/wp-json\/wp\/v2\/media\/97251"}],"wp:attachment":[{"href":"https:\/\/paddleshifterz.com\/de\/wp-json\/wp\/v2\/media?parent=86775"}],"wp:term":[{"taxonomy":"product_brand","embeddable":true,"href":"https:\/\/paddleshifterz.com\/de\/wp-json\/wp\/v2\/product_brand?post=86775"},{"taxonomy":"product_cat","embeddable":true,"href":"https:\/\/paddleshifterz.com\/de\/wp-json\/wp\/v2\/product_cat?post=86775"},{"taxonomy":"product_tag","embeddable":true,"href":"https:\/\/paddleshifterz.com\/de\/wp-json\/wp\/v2\/product_tag?post=86775"}],"curies":[{"name":"wp","href":"https:\/\/api.w.org\/{rel}","templated":true}]}}