{"id":86865,"date":"2024-12-12T20:26:01","date_gmt":"2024-12-12T19:26:01","guid":{"rendered":"https:\/\/paddleshifterz.com\/?post_type=product&#038;p=86865"},"modified":"2025-12-08T07:39:20","modified_gmt":"2025-12-08T06:39:20","slug":"indiv-carbon-fiber-front-grilles-for-bmw-g87-m2","status":"publish","type":"product","link":"https:\/\/paddleshifterz.com\/de\/indiv-carbon-fiber-front-grilles-for-bmw-g87-m2\/","title":{"rendered":"INDIV Carbon Grille f\u00fcr BMW G87 M2"},"content":{"rendered":"<h2>Verwandeln Sie die vordere Sto\u00dfstange Ihres <a href=\"https:\/\/paddleshifterz.com\/de\/vehicles\/bmw-g87-m2\/\">BMW G87 M2<\/a><\/h2>\n<p>Upgrade your BMW G87 M2 with INDIV&#8217;s carbon fiber front grilles. The fit of the <a href=\"https:\/\/indiv-c.com\" target=\"_blank\" rel=\"noopener\">INDIV<\/a> products is as close to OEM as possible, much superior than any other products in the current market. The two grilles are mounted to the front bumper just like the original gloss black grilles.<\/p>\n<p>Mit <a href=\"https:\/\/indiv-c.com\" target=\"_blank\" rel=\"noopener\">INDIV<\/a> Eingangsprodukt wird der BMW G87 M2 einen besser aussehenden dreidimensionalen Sto\u00dff\u00e4nger haben.<\/p>\n<h2>Spezifikationen<\/h2>\n<ul>\n<li>2\u00d72 Kohlefasergeflecht (gleiche Gr\u00f6\u00dfe, Richtung und Muster der Kohlefaser wie OEM)<\/li>\n<li>Gleiche Kohlefaserqualit\u00e4t wie OEM<\/li>\n<li>Hergestellt aus vorimpr\u00e4gnierter Kohlefaser im Autoklaven<\/li>\n<li>Front bumper needs to be removed to be able to install the grilles<\/li>\n<\/ul>\n<p>Brauchen Sie noch mehr Goodies f\u00fcr Ihre M2? Sehen Sie sich unseren Beitrag \u00fcber <a href=\"https:\/\/paddleshifterz.com\/de\/enhance-your-bmw-g87-m2-with-m-performance-parts\/\">die besten M Performance-Teile f\u00fcr Ihren G87.<\/a><\/p>","protected":false},"excerpt":{"rendered":"<p>Verwandeln Sie die vordere Sto\u00dfstange Ihres <a href=\"https:\/\/paddleshifterz.com\/de\/vehicles\/bmw-g87-m2\/\">BMW G87 M2<\/a> with a set of INDIV carbon fiber front grilles.<\/p>","protected":false},"featured_media":86868,"template":"","meta":{"bwfblock_default_font":""},"product_brand":[],"product_cat":[1113,1317],"product_tag":[],"class_list":{"0":"post-86865","1":"product","2":"type-product","3":"status-publish","4":"has-post-thumbnail","6":"product_cat-exterior","7":"product_cat-front-bumper-and-accessories","8":"product_shipping_class-shifterz","9":"pa_brand-indiv","10":"pa_product-type-aftermarket","11":"pa_vehicles-bmw-g87-m2","13":"first","14":"instock","15":"taxable","16":"shipping-taxable","17":"purchasable","18":"product-type-simple"},"bundled_by":[],"bundle_stock_status":"instock","bundle_stock_quantity":1,"bundle_virtual":false,"bundle_layout":"","bundle_add_to_cart_form_location":"","bundle_editable_in_cart":false,"bundle_sold_individually_context":"","bundle_item_grouping":"","bundle_min_size":"","bundle_max_size":"","bundle_price":[],"bundled_items":[],"bundle_sell_ids":[],"_links":{"self":[{"href":"https:\/\/paddleshifterz.com\/de\/wp-json\/wp\/v2\/product\/86865","targetHints":{"allow":["GET"]}}],"collection":[{"href":"https:\/\/paddleshifterz.com\/de\/wp-json\/wp\/v2\/product"}],"about":[{"href":"https:\/\/paddleshifterz.com\/de\/wp-json\/wp\/v2\/types\/product"}],"wp:featuredmedia":[{"embeddable":true,"href":"https:\/\/paddleshifterz.com\/de\/wp-json\/wp\/v2\/media\/86868"}],"wp:attachment":[{"href":"https:\/\/paddleshifterz.com\/de\/wp-json\/wp\/v2\/media?parent=86865"}],"wp:term":[{"taxonomy":"product_brand","embeddable":true,"href":"https:\/\/paddleshifterz.com\/de\/wp-json\/wp\/v2\/product_brand?post=86865"},{"taxonomy":"product_cat","embeddable":true,"href":"https:\/\/paddleshifterz.com\/de\/wp-json\/wp\/v2\/product_cat?post=86865"},{"taxonomy":"product_tag","embeddable":true,"href":"https:\/\/paddleshifterz.com\/de\/wp-json\/wp\/v2\/product_tag?post=86865"}],"curies":[{"name":"wp","href":"https:\/\/api.w.org\/{rel}","templated":true}]}}