{"id":96202,"date":"2025-01-06T19:54:36","date_gmt":"2025-01-06T18:54:36","guid":{"rendered":"https:\/\/paddleshifterz.com\/?post_type=product&#038;p=96202"},"modified":"2025-12-08T07:39:21","modified_gmt":"2025-12-08T06:39:21","slug":"mini-jcw-hood-air-inlet-3x-carbon-fiber-f-series-51142353346","status":"publish","type":"product","link":"https:\/\/paddleshifterz.com\/de\/mini-jcw-hood-air-inlet-3x-carbon-fiber-f-series-51142353346\/","title":{"rendered":"MINI JCW Hood Air inlet 3x Carbon F Series &#8211; 51142353346"},"content":{"rendered":"<p>Die Vorteile der John Cooper Works Lufteinlassabdeckung Motorhaube Carbon auf einen Blick:<\/p>\n<ul>\n<li>Carbon-Bauteil, in aufwendiger Handarbeit gefertigt.<\/li>\n<li>Mehrfach lackiert und hochglanzpoliert.<\/li>\n<li>Perfekt auf das Design und die Geometrie des Fahrzeugs abgestimmt.<\/li>\n<li>Geeignet f\u00fcr andere John Cooper Works Komponenten.<\/li>\n<li>Einfache Installation durch Verwendung des Serienclips.<\/li>\n<\/ul>","protected":false},"excerpt":{"rendered":"<div class=\"css-vurnku\">\n<div class=\"css-irr8no\" data-testid=\"accordion-default\">Echte Rennsportbegeisterung. Das John Cooper Works Lufteinlassblech ist aus hochwertigem, klar beschichtetem Carbon gefertigt. F\u00fcr einen ultimativen und unverwechselbaren Auftritt an der Fahrzeugfront. Erh\u00e4ltlich f\u00fcr den MINI 3-T\u00fcrer (Bj. ab 2014), 5-T\u00fcrer (Bj. ab 2014), Cabrio (Bj. ab 2016), Clubman (Bj. ab 2015), Countryman (Bj. ab 2017).<\/div>\n<div data-testid=\"accordion-default\">SKU: 51142353346<\/div>\n<\/div>","protected":false},"featured_media":96203,"template":"","meta":{"bwfblock_default_font":""},"product_brand":[],"product_cat":[1113],"product_tag":[],"class_list":{"0":"post-96202","1":"product","2":"type-product","3":"status-publish","4":"has-post-thumbnail","6":"product_cat-exterior","7":"product_shipping_class-shifterz","8":"pa_brand-mini","9":"pa_brand-mini-jcw","10":"pa_product-type-oem-original-equipment-manufacturer","11":"pa_vehicles-mini-f54","12":"pa_vehicles-mini-f55","13":"pa_vehicles-mini-f56","14":"pa_vehicles-mini-f56-gp3","15":"pa_vehicles-mini-f57","17":"first","18":"onbackorder","19":"taxable","20":"shipping-taxable","21":"purchasable","22":"product-type-simple"},"bundled_by":[],"bundle_stock_status":"onbackorder","bundle_stock_quantity":-2,"bundle_virtual":false,"bundle_layout":"","bundle_add_to_cart_form_location":"","bundle_editable_in_cart":false,"bundle_sold_individually_context":"","bundle_item_grouping":"","bundle_min_size":"","bundle_max_size":"","bundle_price":[],"bundled_items":[],"bundle_sell_ids":[],"_links":{"self":[{"href":"https:\/\/paddleshifterz.com\/de\/wp-json\/wp\/v2\/product\/96202","targetHints":{"allow":["GET"]}}],"collection":[{"href":"https:\/\/paddleshifterz.com\/de\/wp-json\/wp\/v2\/product"}],"about":[{"href":"https:\/\/paddleshifterz.com\/de\/wp-json\/wp\/v2\/types\/product"}],"wp:featuredmedia":[{"embeddable":true,"href":"https:\/\/paddleshifterz.com\/de\/wp-json\/wp\/v2\/media\/96203"}],"wp:attachment":[{"href":"https:\/\/paddleshifterz.com\/de\/wp-json\/wp\/v2\/media?parent=96202"}],"wp:term":[{"taxonomy":"product_brand","embeddable":true,"href":"https:\/\/paddleshifterz.com\/de\/wp-json\/wp\/v2\/product_brand?post=96202"},{"taxonomy":"product_cat","embeddable":true,"href":"https:\/\/paddleshifterz.com\/de\/wp-json\/wp\/v2\/product_cat?post=96202"},{"taxonomy":"product_tag","embeddable":true,"href":"https:\/\/paddleshifterz.com\/de\/wp-json\/wp\/v2\/product_tag?post=96202"}],"curies":[{"name":"wp","href":"https:\/\/api.w.org\/{rel}","templated":true}]}}