{"id":96215,"date":"2025-01-07T15:45:48","date_gmt":"2025-01-07T14:45:48","guid":{"rendered":"https:\/\/paddleshifterz.com\/?post_type=product&#038;p=96215"},"modified":"2026-02-13T07:13:22","modified_gmt":"2026-02-13T06:13:22","slug":"oem-bmw-carbon-fiber-f87-m2-center-console","status":"publish","type":"product","link":"https:\/\/paddleshifterz.com\/de\/oem-bmw-carbon-fiber-f87-m2-center-console\/","title":{"rendered":"OEM BMW Kohlefaser F87 M2 Mittelkonsole"},"content":{"rendered":"<h2>Spezifikationen<\/h2>\n<ul>\n<li>Original BMW Produkt<\/li>\n<li>trockene\/strukturierte Kohlefaseroberfl\u00e4che<\/li>\n<li>erh\u00e4ltlich f\u00fcr Fahrzeuge mit Links- und Rechtslenkung<\/li>\n<li>Erh\u00e4ltlich f\u00fcr Cabrio-\/Cabrio-Modelle (F23 Cabriolet, F22 Coup\u00e9 M240i und ix Modelle und einige F87 Competition M2 Varianten)<\/li>\n<\/ul>","protected":false},"excerpt":{"rendered":"<p>Spezifikationen Original BMW Produkt Trocken-\/Struktur-Carbonfaser-Lackierung erh\u00e4ltlich f\u00fcr Links- und Rechtslenker Erh\u00e4ltlich f\u00fcr Cabrio-\/Cabrio-Modelle (F23 Cabriolet, F22 Coup\u00e9 M240i und ix Modelle und einige F87 Competition M2 Varianten)<\/p>","protected":false},"featured_media":97149,"template":"","meta":{"bwfblock_default_font":""},"product_brand":[],"product_cat":[593],"product_tag":[],"class_list":{"0":"post-96215","1":"product","2":"type-product","3":"status-publish","4":"has-post-thumbnail","6":"product_cat-interior","7":"product_shipping_class-shifterz","8":"pa_brand-bmw","9":"pa_product-type-oem-original-equipment-manufacturer","10":"pa_vehicles-bmw-f20-f21","11":"pa_vehicles-bmw-f22-f23","12":"pa_vehicles-bmw-f87-m2","14":"first","15":"onbackorder","16":"taxable","17":"shipping-taxable","18":"purchasable","19":"product-type-variable"},"bundled_by":[],"bundle_stock_status":"onbackorder","bundle_stock_quantity":null,"bundle_virtual":false,"bundle_layout":"","bundle_add_to_cart_form_location":"","bundle_editable_in_cart":false,"bundle_sold_individually_context":"","bundle_item_grouping":"","bundle_min_size":"","bundle_max_size":"","bundle_price":[],"bundled_items":[],"bundle_sell_ids":[],"_links":{"self":[{"href":"https:\/\/paddleshifterz.com\/de\/wp-json\/wp\/v2\/product\/96215","targetHints":{"allow":["GET"]}}],"collection":[{"href":"https:\/\/paddleshifterz.com\/de\/wp-json\/wp\/v2\/product"}],"about":[{"href":"https:\/\/paddleshifterz.com\/de\/wp-json\/wp\/v2\/types\/product"}],"wp:featuredmedia":[{"embeddable":true,"href":"https:\/\/paddleshifterz.com\/de\/wp-json\/wp\/v2\/media\/97149"}],"wp:attachment":[{"href":"https:\/\/paddleshifterz.com\/de\/wp-json\/wp\/v2\/media?parent=96215"}],"wp:term":[{"taxonomy":"product_brand","embeddable":true,"href":"https:\/\/paddleshifterz.com\/de\/wp-json\/wp\/v2\/product_brand?post=96215"},{"taxonomy":"product_cat","embeddable":true,"href":"https:\/\/paddleshifterz.com\/de\/wp-json\/wp\/v2\/product_cat?post=96215"},{"taxonomy":"product_tag","embeddable":true,"href":"https:\/\/paddleshifterz.com\/de\/wp-json\/wp\/v2\/product_tag?post=96215"}],"curies":[{"name":"wp","href":"https:\/\/api.w.org\/{rel}","templated":true}]}}