{"id":96659,"date":"2025-01-27T08:07:31","date_gmt":"2025-01-27T07:07:31","guid":{"rendered":"https:\/\/paddleshifterz.com\/?post_type=product&#038;p=96659"},"modified":"2025-11-03T07:14:47","modified_gmt":"2025-11-03T06:14:47","slug":"oem-bmw-all-weather-floor-mats-x3-rhd-51472450513","status":"publish","type":"product","link":"https:\/\/paddleshifterz.com\/de\/oem-bmw-all-weather-floor-mats-x3-rhd-51472450513\/","title":{"rendered":"OEM BMW Allwetter-Fu\u00dfmatten X3 RHD - 51472450513"},"content":{"rendered":"<h2>Spezifikationen<\/h2>\n<p>Die Vorteile der BMW Allwetter-Fu\u00dfmatten (vorne und hinten) auf einen Blick:<\/p>\n<ul>\n<li>Attraktives Design, farblich perfekt auf das Ger\u00e4t abgestimmt.<\/li>\n<li>X3-Eins\u00e4tze, die den sportlichen Look unterstreichen.<\/li>\n<li>Wasserdicht, langlebig und leicht zu reinigen.<\/li>\n<li>Sichere Befestigung mit Klettverschluss-Elementen auf der R\u00fcckseite.<\/li>\n<li>Passend f\u00fcr: BMW G01 X3 und F97 X3M<\/li>\n<li><strong>Nur f\u00fcr Fahrzeuge mit Rechtslenkung<\/strong><\/li>\n<\/ul>\n<h2>Lieferumfang<\/h2>\n<ul>\n<li>Fu\u00dfmatten vorne und hinten, 2-teilig<\/li>\n<li>Informationen zur Montage.<\/li>\n<\/ul>","protected":false},"excerpt":{"rendered":"<p>Die passgenauen, strapazierf\u00e4higen BMW Allwetter-Fu\u00dfmatten mit erh\u00f6htem Rand und elegantem Design sch\u00fctzen den vorderen und hinteren Fu\u00dfraum vor N\u00e4sse und Schmutz.<br \/>\nSie sind in Schwarz gehalten und haben einen schwarzen X3-Einsatz.<\/p>\n<p>Geeignet f\u00fcr:<\/p>\n<ul>\n<li>F97 X3M Rechtslenker<\/li>\n<li>G08 iX3 Rechtslenker<\/li>\n<\/ul>","protected":false},"featured_media":96660,"template":"","meta":{"bwfblock_default_font":""},"product_brand":[],"product_cat":[1115,593],"product_tag":[],"class_list":{"0":"post-96659","1":"product","2":"type-product","3":"status-publish","4":"has-post-thumbnail","6":"product_cat-floor-mats","7":"product_cat-interior","8":"product_shipping_class-shifterz","9":"pa_brand-bmw","10":"pa_product-type-oem-original-equipment-manufacturer","11":"pa_vehicles-bmw-f97-x3m","12":"pa_vehicles-bmw-g08-ix3","14":"first","15":"outofstock","16":"taxable","17":"shipping-taxable","18":"purchasable","19":"product-type-simple"},"bundled_by":[],"bundle_stock_status":"outofstock","bundle_stock_quantity":0,"bundle_virtual":false,"bundle_layout":"","bundle_add_to_cart_form_location":"","bundle_editable_in_cart":false,"bundle_sold_individually_context":"","bundle_item_grouping":"","bundle_min_size":"","bundle_max_size":"","bundle_price":[],"bundled_items":[],"bundle_sell_ids":[],"_links":{"self":[{"href":"https:\/\/paddleshifterz.com\/de\/wp-json\/wp\/v2\/product\/96659","targetHints":{"allow":["GET"]}}],"collection":[{"href":"https:\/\/paddleshifterz.com\/de\/wp-json\/wp\/v2\/product"}],"about":[{"href":"https:\/\/paddleshifterz.com\/de\/wp-json\/wp\/v2\/types\/product"}],"wp:featuredmedia":[{"embeddable":true,"href":"https:\/\/paddleshifterz.com\/de\/wp-json\/wp\/v2\/media\/96660"}],"wp:attachment":[{"href":"https:\/\/paddleshifterz.com\/de\/wp-json\/wp\/v2\/media?parent=96659"}],"wp:term":[{"taxonomy":"product_brand","embeddable":true,"href":"https:\/\/paddleshifterz.com\/de\/wp-json\/wp\/v2\/product_brand?post=96659"},{"taxonomy":"product_cat","embeddable":true,"href":"https:\/\/paddleshifterz.com\/de\/wp-json\/wp\/v2\/product_cat?post=96659"},{"taxonomy":"product_tag","embeddable":true,"href":"https:\/\/paddleshifterz.com\/de\/wp-json\/wp\/v2\/product_tag?post=96659"}],"curies":[{"name":"wp","href":"https:\/\/api.w.org\/{rel}","templated":true}]}}