{"id":97441,"date":"2025-02-28T19:14:02","date_gmt":"2025-02-28T18:14:02","guid":{"rendered":"https:\/\/paddleshifterz.com\/?post_type=product&#038;p=97441"},"modified":"2025-12-08T07:39:21","modified_gmt":"2025-12-08T06:39:21","slug":"oem-bmw-g82-gt4-m4-air-deflectors-canards-kit-front-bumper","status":"publish","type":"product","link":"https:\/\/paddleshifterz.com\/de\/oem-bmw-g82-gt4-m4-air-deflectors-canards-kit-front-bumper\/","title":{"rendered":"OEM BMW G82 GT4 M4 Windabweiser, Spoiler-Kit, Sto\u00dfstange"},"content":{"rendered":"","protected":false},"excerpt":{"rendered":"<p>Original BMW M Motorsport Windabweiser f\u00fcr die vordere Sto\u00dfstange des BMW G82 M4 GT4 Rennwagens.<\/p>\n<p><strong>Das Kit enth\u00e4lt:<\/strong><\/p>\n<ul>\n<li>1x 51 62 8 446 503<\/li>\n<li>1x 51 62 8 446 504<\/li>\n<li>1x 51 62 8 446 505<\/li>\n<li>1x 51 62 8 446 506<\/li>\n<li>12x 41 00 8 435 996<\/li>\n<\/ul>","protected":false},"featured_media":97462,"template":"","meta":{"bwfblock_default_font":""},"product_brand":[],"product_cat":[1113],"product_tag":[],"class_list":{"0":"post-97441","1":"product","2":"type-product","3":"status-publish","4":"has-post-thumbnail","6":"product_cat-exterior","7":"product_shipping_class-shifterz","8":"pa_brand-bmw","9":"pa_brand-bmw-m-motorsport","10":"pa_product-type-oem-original-equipment-manufacturer","11":"pa_vehicles-bmw-g82-m4-csl","12":"pa_vehicles-bmw-g82-m4","13":"pa_vehicles-bmw-g83-m4","15":"first","16":"onbackorder","17":"taxable","18":"shipping-taxable","19":"purchasable","20":"product-type-simple"},"bundled_by":[],"bundle_stock_status":"onbackorder","bundle_stock_quantity":-1,"bundle_virtual":false,"bundle_layout":"","bundle_add_to_cart_form_location":"","bundle_editable_in_cart":false,"bundle_sold_individually_context":"","bundle_item_grouping":"","bundle_min_size":"","bundle_max_size":"","bundle_price":[],"bundled_items":[],"bundle_sell_ids":[],"_links":{"self":[{"href":"https:\/\/paddleshifterz.com\/de\/wp-json\/wp\/v2\/product\/97441","targetHints":{"allow":["GET"]}}],"collection":[{"href":"https:\/\/paddleshifterz.com\/de\/wp-json\/wp\/v2\/product"}],"about":[{"href":"https:\/\/paddleshifterz.com\/de\/wp-json\/wp\/v2\/types\/product"}],"wp:featuredmedia":[{"embeddable":true,"href":"https:\/\/paddleshifterz.com\/de\/wp-json\/wp\/v2\/media\/97462"}],"wp:attachment":[{"href":"https:\/\/paddleshifterz.com\/de\/wp-json\/wp\/v2\/media?parent=97441"}],"wp:term":[{"taxonomy":"product_brand","embeddable":true,"href":"https:\/\/paddleshifterz.com\/de\/wp-json\/wp\/v2\/product_brand?post=97441"},{"taxonomy":"product_cat","embeddable":true,"href":"https:\/\/paddleshifterz.com\/de\/wp-json\/wp\/v2\/product_cat?post=97441"},{"taxonomy":"product_tag","embeddable":true,"href":"https:\/\/paddleshifterz.com\/de\/wp-json\/wp\/v2\/product_tag?post=97441"}],"curies":[{"name":"wp","href":"https:\/\/api.w.org\/{rel}","templated":true}]}}