{"id":97543,"date":"2025-03-03T16:10:17","date_gmt":"2025-03-03T15:10:17","guid":{"rendered":"https:\/\/paddleshifterz.com\/?post_type=product&#038;p=97543"},"modified":"2025-10-24T07:42:50","modified_gmt":"2025-10-24T06:42:50","slug":"oem-bmw-f87-m2-cs-alcantara-handbrake-cover-with-red-stitching-34428745587-34428745588","status":"publish","type":"product","link":"https:\/\/paddleshifterz.com\/de\/oem-bmw-f87-m2-cs-alcantara-handbrake-cover-with-red-stitching-34428745587-34428745588\/","title":{"rendered":"OEM BMW F87 M2 CS Alcantara Handbremsbezug rot gen\u00e4ht"},"content":{"rendered":"","protected":false},"excerpt":{"rendered":"<p>Original BMW F87 M2 CS Alcantara Handbremsbezug mit roten N\u00e4hten, erh\u00e4ltlich f\u00fcr Links- und Rechtslenker.<\/p>\n<p>SKU: 34428745587 (LHD), 34428745588 (RHD)<\/p>\n<p><em>Haftungsausschluss: kann nur an M2 CS Fahrzeuge mit der Kohlefaser-Mittelkonsole montiert werden.<\/em><\/p>","protected":false},"featured_media":0,"template":"","meta":{"bwfblock_default_font":""},"product_brand":[],"product_cat":[593],"product_tag":[],"class_list":{"0":"post-97543","1":"product","2":"type-product","3":"status-publish","5":"product_cat-interior","6":"product_shipping_class-shifterz","7":"pa_brand-bmw","8":"pa_product-type-oem-original-equipment-manufacturer","9":"pa_vehicles-bmw-f87-m2","11":"first","12":"outofstock","13":"taxable","14":"shipping-taxable","15":"purchasable","16":"product-type-variable"},"bundled_by":[],"bundle_stock_status":"outofstock","bundle_stock_quantity":null,"bundle_virtual":false,"bundle_layout":"","bundle_add_to_cart_form_location":"","bundle_editable_in_cart":false,"bundle_sold_individually_context":"","bundle_item_grouping":"","bundle_min_size":"","bundle_max_size":"","bundle_price":[],"bundled_items":[],"bundle_sell_ids":[],"_links":{"self":[{"href":"https:\/\/paddleshifterz.com\/de\/wp-json\/wp\/v2\/product\/97543","targetHints":{"allow":["GET"]}}],"collection":[{"href":"https:\/\/paddleshifterz.com\/de\/wp-json\/wp\/v2\/product"}],"about":[{"href":"https:\/\/paddleshifterz.com\/de\/wp-json\/wp\/v2\/types\/product"}],"wp:attachment":[{"href":"https:\/\/paddleshifterz.com\/de\/wp-json\/wp\/v2\/media?parent=97543"}],"wp:term":[{"taxonomy":"product_brand","embeddable":true,"href":"https:\/\/paddleshifterz.com\/de\/wp-json\/wp\/v2\/product_brand?post=97543"},{"taxonomy":"product_cat","embeddable":true,"href":"https:\/\/paddleshifterz.com\/de\/wp-json\/wp\/v2\/product_cat?post=97543"},{"taxonomy":"product_tag","embeddable":true,"href":"https:\/\/paddleshifterz.com\/de\/wp-json\/wp\/v2\/product_tag?post=97543"}],"curies":[{"name":"wp","href":"https:\/\/api.w.org\/{rel}","templated":true}]}}