{"id":97736,"date":"2025-03-13T11:36:43","date_gmt":"2025-03-13T10:36:43","guid":{"rendered":"https:\/\/paddleshifterz.com\/?post_type=product&#038;p=97736"},"modified":"2026-03-27T23:07:01","modified_gmt":"2026-03-27T22:07:01","slug":"aluminium-paddle-shifters-for-f-g-series-and-supra-silver","status":"publish","type":"product","link":"https:\/\/paddleshifterz.com\/de\/aluminium-paddle-shifters-for-f-g-series-and-supra-silver\/","title":{"rendered":"Aluminium Schaltwippen f\u00fcr F\/G Serie und Supra - Silber"},"content":{"rendered":"<h2>Spezifikationen<\/h2>\n<ul>\n<li>Aluminium T-6061<\/li>\n<li>Eloxierte silberne Oberfl\u00e4che, mattschwarze Basisoberfl\u00e4che mit PS-Logo<\/li>\n<li>CNC-gefr\u00e4ste Plus- und Minuszeichen<\/li>\n<li>Perfekte Anpassung an die silberne Originalverkleidung in Ihrem BMW<\/li>\n<li><a href=\"https:\/\/paddleshifterz.com\/de\/paddle-shifters\/?filter_vehicles=bmw-g87-m2&amp;filter_vehicle-compatibility=bmw&amp;filter_material=carbon-fiber\">Carbon Version separat hier erh\u00e4ltlich<\/a><\/li>\n<\/ul>\n<h2>Passende Fahrzeuge<\/h2>\n<ul>\n<li>BMW 1er (2019+, F40)<\/li>\n<li>BMW 2er (ab 2020, F44, G42)<\/li>\n<li>BMW 3er (ab 2018, G20, G21)<\/li>\n<li>BMW 4er (ab 2020, G22, G23, G26)<\/li>\n<li>BMW 5er (2017+, G30, G31)<\/li>\n<li>BMW 7er (ab 2015, G11, G12)<\/li>\n<li>BMW 8er (ab 2018, G14, G15, G16)<\/li>\n<li>BMW M2 G87<\/li>\n<li>BMW M3 (2021+, G80, G81)<\/li>\n<li>BMW M4 (2021+, G82, G83)<\/li>\n<li>BMW M5 (2017+, F90)<\/li>\n<li>BMW M8 (2018+, F91, F92, F93)<\/li>\n<li>BMW X3\/X3M (2017+, G01, F97)<\/li>\n<li>BMW X4\/X4M (2018+, G02, F98)<\/li>\n<li>BMW X5\/X5M (2019+, G05, F95)<\/li>\n<li>BMW X6\/X6M (2019+, G06, F96)<\/li>\n<li>BMW X7 (2019+, G07)<\/li>\n<li>BMW Z4 G29<\/li>\n<li>Toyota Supra A9X (MK5)<\/li>\n<\/ul>\n<h2>Einrichtung<\/h2>\n<p>Diese Schaltwippen k\u00f6nnen innerhalb weniger Minuten in Ihren BMW oder Toyota Supra eingebaut werden. Hier finden Sie unser Einbauvideo:<\/p>\n<p><iframe loading=\"lazy\" title=\"YouTube-Video-Player\" src=\"https:\/\/www.youtube.com\/embed\/9M3e1T5IK-Q\" width=\"560\" height=\"315\" frameborder=\"0\" allowfullscreen=\"allowfullscreen\"><span data-mce-type=\"bookmark\" style=\"display: inline-block; width: 0px; overflow: hidden; line-height: 0;\" class=\"mce_SELRES_start\"><\/span><\/iframe><\/p>","protected":false},"excerpt":{"rendered":"<p>Ein Satz von PaddleShifterz Aluminium Silber Schaltwippen f\u00fcr die G-Serie Lenkr\u00e4der. Sie sind ein vollwertiger Ersatz f\u00fcr Ihre OEM-Schalthebel in Ihrem Fahrzeug. Fertig in eloxiertem Silber erh\u00f6ht das Aussehen Ihres Fahrzeugs Innenraum auf die n\u00e4chste Stufe.<\/p>","protected":false},"featured_media":97878,"template":"","meta":{"bwfblock_default_font":""},"product_brand":[],"product_cat":[433],"product_tag":[],"class_list":{"0":"post-97736","1":"product","2":"type-product","3":"status-publish","4":"has-post-thumbnail","6":"product_cat-paddle-shifters","7":"product_shipping_class-shifterz","8":"pa_brand-paddleshifterz","9":"pa_product-type-aftermarket","10":"pa_vehicles-bmw-f40","11":"pa_vehicles-bmw-f44","12":"pa_vehicles-bmw-f90-m5","13":"pa_vehicles-bmw-m8-f91-f92-f93","14":"pa_vehicles-bmw-f95-x5m","15":"pa_vehicles-bmw-f96-x6m","16":"pa_vehicles-bmw-f97-x3m","17":"pa_vehicles-bmw-f98-x4m","18":"pa_vehicles-bmw-g01-x3","19":"pa_vehicles-bmw-g02-x4","20":"pa_vehicles-bmw-g05-x5","21":"pa_vehicles-bmw-x6-g06","22":"pa_vehicles-bmw-g07-x7","23":"pa_vehicles-bmw-g07-x7-lci","24":"pa_vehicles-bmw-g09-xm","25":"pa_vehicles-bmw-g11-g12","26":"pa_vehicles-bmw-g14-g15-g16","27":"pa_vehicles-bmw-g20","28":"pa_vehicles-bmw-g21","29":"pa_vehicles-bmw-g22","30":"pa_vehicles-bmw-g23","31":"pa_vehicles-bmw-g26-grancoupe","32":"pa_vehicles-bmw-z4-g29","33":"pa_vehicles-bmw-g30","34":"pa_vehicles-bmw-g31","35":"pa_vehicles-bmw-g32","36":"pa_vehicles-bmw-g42","37":"pa_vehicles-bmw-g80-m3","38":"pa_vehicles-bmw-g81-m3-touring","39":"pa_vehicles-bmw-g82-m4-csl","40":"pa_vehicles-bmw-g82-m4","41":"pa_vehicles-bmw-g83-m4","42":"pa_vehicles-bmw-g87-m2","43":"pa_vehicles-supra-a90-a91","45":"first","46":"instock","47":"featured","48":"taxable","49":"shipping-taxable","50":"purchasable","51":"product-type-simple"},"bundled_by":["100339"],"bundle_stock_status":"instock","bundle_stock_quantity":19,"bundle_virtual":false,"bundle_layout":"","bundle_add_to_cart_form_location":"","bundle_editable_in_cart":false,"bundle_sold_individually_context":"","bundle_item_grouping":"","bundle_min_size":"","bundle_max_size":"","bundle_price":[],"bundled_items":[],"bundle_sell_ids":[],"_links":{"self":[{"href":"https:\/\/paddleshifterz.com\/de\/wp-json\/wp\/v2\/product\/97736","targetHints":{"allow":["GET"]}}],"collection":[{"href":"https:\/\/paddleshifterz.com\/de\/wp-json\/wp\/v2\/product"}],"about":[{"href":"https:\/\/paddleshifterz.com\/de\/wp-json\/wp\/v2\/types\/product"}],"wp:featuredmedia":[{"embeddable":true,"href":"https:\/\/paddleshifterz.com\/de\/wp-json\/wp\/v2\/media\/97878"}],"wp:attachment":[{"href":"https:\/\/paddleshifterz.com\/de\/wp-json\/wp\/v2\/media?parent=97736"}],"wp:term":[{"taxonomy":"product_brand","embeddable":true,"href":"https:\/\/paddleshifterz.com\/de\/wp-json\/wp\/v2\/product_brand?post=97736"},{"taxonomy":"product_cat","embeddable":true,"href":"https:\/\/paddleshifterz.com\/de\/wp-json\/wp\/v2\/product_cat?post=97736"},{"taxonomy":"product_tag","embeddable":true,"href":"https:\/\/paddleshifterz.com\/de\/wp-json\/wp\/v2\/product_tag?post=97736"}],"curies":[{"name":"wp","href":"https:\/\/api.w.org\/{rel}","templated":true}]}}