{"id":98116,"date":"2025-03-30T19:45:56","date_gmt":"2025-03-30T18:45:56","guid":{"rendered":"https:\/\/paddleshifterz.com\/?post_type=product&#038;p=98116"},"modified":"2026-02-10T15:36:50","modified_gmt":"2026-02-10T14:36:50","slug":"full-carbon-fiber-rear-wing-for-g87-m2-by-faserschmiede","status":"publish","type":"product","link":"https:\/\/paddleshifterz.com\/de\/full-carbon-fiber-rear-wing-for-g87-m2-by-faserschmiede\/","title":{"rendered":"Competition Carbon Heckfl\u00fcgel f\u00fcr BMW G87 M2"},"content":{"rendered":"<h2>Spezifikationen<\/h2>\n<ul>\n<li><strong>Material:<\/strong> 100% Vorimpr\u00e4gnierte Kohlenstofffaser (im Autoklaven geh\u00e4rtet)<\/li>\n<li><strong>Weben:<\/strong> 2\u00d72 Twill (passend zu OEM M Performance Parts)<\/li>\n<li><strong>Konstruktion:<\/strong> Keine Kunststoffeinlagen oder Glasfaserf\u00fcller - reine Kohlefaserkonstruktion<\/li>\n<li><strong>Beenden:<\/strong> Hochgl\u00e4nzender UV-best\u00e4ndiger Klarlack<\/li>\n<li><strong>Herstellung:<\/strong> Hergestellt in Deutschland von Faserschmiede GmbH<\/li>\n<\/ul>\n<h2>Passende Fahrzeuge<\/h2>\n<p>Dieser Kohlefaserfl\u00fcgel, Spoiler, passt zu folgenden BMW Modellen:<\/p>\n<ul>\n<li><a href=\"https:\/\/paddleshifterz.com\/de\/vehicles\/bmw-g87-m2\/\">BMW G87 M2<\/a><\/li>\n<li>BMW G42 2er-Serie<\/li>\n<\/ul>\n<h2>Lieferung<\/h2>\n<p>Was Sie im Paket erhalten<\/p>\n<ul>\n<li>1x Kohlefaserfl\u00fcgel<\/li>\n<li>4x Schrauben<\/li>\n<li>Schablone(n) zum Schneiden und Bohren<\/li>\n<li>2x Kohlefaser unter Platten<\/li>\n<li>2x Unterlegscheiben<\/li>\n<\/ul>\n<h2>Einrichtung<\/h2>\n<p>Der Kohlefaser-Heckfl\u00fcgel wird mit Hilfe von <strong>zwei Schrauben pro Seite<\/strong>Die Befestigung erfolgt von der Unterseite des Kofferraumdeckels aus. F\u00fcr zus\u00e4tzliche strukturelle Integrit\u00e4t ist jede Seite mit speziell angefertigten Kohlefaser-Tr\u00e4gerplatten verst\u00e4rkt, um einen sicheren und stabilen Sitz zu gew\u00e4hrleisten. F\u00fcr zus\u00e4tzliche Sicherheit empfehlen wir die Verwendung einer kleinen Portion Loctite Red auf den Schrauben.<\/p>\n<h2>Zus\u00e4tzliche Informationen<\/h2>\n<p><strong>In Deutschland, \u00d6sterreich, der Schweiz, Luxemburg und Belgien (T\u00dcV):<\/strong> Wenn nicht anders angegeben, handelt es sich um ein Motorsport-\/Exportteil. Der Einsatz im \u00f6ffentlichen Stra\u00dfenverkehr ist nur nach Einzelfallgenehmigung zul\u00e4ssig, die in der Verantwortung des Kunden liegt. Ein Materialgutachten wird mit dem Produkt ausgeliefert oder bei Bedarf per E-Mail zugesandt.<\/p>\n<h2>Alternative von M Performance<\/h2>\n<p>BMW bietet auch einen Kohlefaser-Heckfl\u00fcgel (M Performance) an, der an den G87 M2 montiert werden kann, Sie <a href=\"https:\/\/paddleshifterz.com\/de\/oem-bmw-m-performance-g87-m2-gloss-carbon-fiber-flow-through-spoiler-51625a63c65\/\">finden Sie hier.<\/a> (SKU: 51625A63C65)<\/p>","protected":false},"excerpt":{"rendered":"<p>Speziell f\u00fcr den BMW G87 M2 und G42 entwickelter Fl\u00fcgel aus vorimpr\u00e4gnierter Kohlefaser. Dieser Vollkohlefaser-Heckfl\u00fcgel wird in Deutschland von der Faserschmiede GmbH hergestellt. Gebaut aus motorsporttauglicher, vorimpr\u00e4gnierter Kohlefaser und im Autoklaven geh\u00e4rtet, bietet er eine perfekte Mischung aus Form, Funktion und aggressivem Styling - ohne Kunststoffeinlagen oder Kompromisse. Passgenau, ultraleicht und f\u00fcr diejenigen gemacht, die beste Qualit\u00e4t und Leistung verlangen.<\/p>","protected":false},"featured_media":98885,"template":"","meta":{"bwfblock_default_font":""},"product_brand":[],"product_cat":[1113,1211],"product_tag":[],"class_list":{"0":"post-98116","1":"product","2":"type-product","3":"status-publish","4":"has-post-thumbnail","6":"product_cat-exterior","7":"product_cat-carbon-fibre-rear-spoiler","8":"product_shipping_class-shifterz","9":"pa_brand-faserschmiede-gmbh","10":"pa_product-type-aftermarket","11":"pa_vehicles-bmw-g42","12":"pa_vehicles-bmw-g87-m2","14":"first","15":"onbackorder","16":"sale","17":"featured","18":"taxable","19":"shipping-taxable","20":"purchasable","21":"product-type-simple"},"bundled_by":[],"bundle_stock_status":"onbackorder","bundle_stock_quantity":0,"bundle_virtual":false,"bundle_layout":"","bundle_add_to_cart_form_location":"","bundle_editable_in_cart":false,"bundle_sold_individually_context":"","bundle_item_grouping":"","bundle_min_size":"","bundle_max_size":"","bundle_price":[],"bundled_items":[],"bundle_sell_ids":[],"_links":{"self":[{"href":"https:\/\/paddleshifterz.com\/de\/wp-json\/wp\/v2\/product\/98116","targetHints":{"allow":["GET"]}}],"collection":[{"href":"https:\/\/paddleshifterz.com\/de\/wp-json\/wp\/v2\/product"}],"about":[{"href":"https:\/\/paddleshifterz.com\/de\/wp-json\/wp\/v2\/types\/product"}],"wp:featuredmedia":[{"embeddable":true,"href":"https:\/\/paddleshifterz.com\/de\/wp-json\/wp\/v2\/media\/98885"}],"wp:attachment":[{"href":"https:\/\/paddleshifterz.com\/de\/wp-json\/wp\/v2\/media?parent=98116"}],"wp:term":[{"taxonomy":"product_brand","embeddable":true,"href":"https:\/\/paddleshifterz.com\/de\/wp-json\/wp\/v2\/product_brand?post=98116"},{"taxonomy":"product_cat","embeddable":true,"href":"https:\/\/paddleshifterz.com\/de\/wp-json\/wp\/v2\/product_cat?post=98116"},{"taxonomy":"product_tag","embeddable":true,"href":"https:\/\/paddleshifterz.com\/de\/wp-json\/wp\/v2\/product_tag?post=98116"}],"curies":[{"name":"wp","href":"https:\/\/api.w.org\/{rel}","templated":true}]}}