{"id":98203,"date":"2025-04-01T09:10:47","date_gmt":"2025-04-01T08:10:47","guid":{"rendered":"https:\/\/paddleshifterz.com\/?post_type=product&#038;p=98203"},"modified":"2026-03-09T21:10:39","modified_gmt":"2026-03-09T20:10:39","slug":"aluminium-paddle-shifters-for-bmw-f-series-silver","status":"publish","type":"product","link":"https:\/\/paddleshifterz.com\/de\/aluminium-paddle-shifters-for-bmw-f-series-silver\/","title":{"rendered":"Aluminium Schaltwippen f\u00fcr BMW F-Serie - Silber"},"content":{"rendered":"<h2>Verbessern Sie Ihr Fahrerlebnis mit Aluminium-Schaltwippen<\/h2>\n<p>Bringen Sie Ihre BMW auf das n\u00e4chste Level mit diesen Aluminium Paddle Shiftern, die f\u00fcr ultimative Leistung und Stil entwickelt wurden. CNC-gefr\u00e4st aus hochwertigem <b>Aluminium<\/b>bieten diese Schaltwippen eine <b>Rennsport-inspiriert<\/b> und bietet gleichzeitig einen eleganten, hochwertigen Look f\u00fcr Ihr Interieur.<\/p>\n<h2>Wesentliche Merkmale<\/h2>\n<ul>\n<li><b>Hochwertige Aluminiumkonstruktion<\/b>: Hergestellt aus dem Luftfahrtwerkstoff T-6061.<\/li>\n<li><b>Perfekte Passform f\u00fcr BMW F-Serie<\/b>: Speziell entwickelt f\u00fcr eine breite Palette von <b>BMW F-Serie Modelle<\/b>, einschlie\u00dflich der <b>F30, F32, F80 und F82.<\/b> Diese Schaltwippen sind ein direkter Ersatz f\u00fcr die serienm\u00e4\u00dfigen Schaltwippen.<\/li>\n<li><b>Ethnie-inspiriertes Design<\/b>: Diese Schaltwippen verleihen dem Interieur Ihres BMW einen leistungsorientierten, aggressiven Look und verleihen ihm einen <b>motorsportlicher Vorsprung<\/b><\/li>\n<li><strong>Vergr\u00f6\u00dferte Fl\u00e4che: <\/strong>Wir haben die Schaltwippen vergr\u00f6\u00dfert und sie n\u00e4her an die Au\u00dfenkante gebracht.<\/li>\n<\/ul>\n<h2>Perfekte Passform f\u00fcr Ihren F-Serie BMW<\/h2>\n<p>Diese Schaltwippen sind so konstruiert, dass sie perfekt auf BMW F Series Modelle passen und einen nahtlosen Einbau gew\u00e4hrleisten. Kompatible Modelle umfassen:<\/p>\n<ul>\n<li>BMW F20 2er Reihe<\/li>\n<li><a href=\"https:\/\/paddleshifterz.com\/de\/vehicles\/bmw-f30\/\">BMW F30 3er Reihe<\/a><\/li>\n<li>BMW F32 4er Reihe<\/li>\n<li><a href=\"https:\/\/paddleshifterz.com\/de\/vehicles\/bmw-f80-m3\/\">BMW F80 M3<\/a><\/li>\n<li>BMW F82 M4<\/li>\n<li>Eine vollst\u00e4ndige Liste der Fahrzeuge finden Sie in unseren Zusatzinformationen &gt; Fahrzeuge<\/li>\n<\/ul>\n<p>Wenn Sie sich \u00fcber die Kompatibilit\u00e4t mit Ihrem spezifischen BMW Modell nicht sicher sind, k\u00f6nnen Sie sich gerne an uns wenden.<\/p>\n<h2>Einfache Installation<\/h2>\n<p>Der Einbau dieser Aluminium-Schaltwippen ist ein einfacher Prozess. Sie sind ein direkter Ersatz f\u00fcr Ihre Original-Schaltwippen, so dass f\u00fcr eine schnelle und unkomplizierte Upgrade ohne zus\u00e4tzliche \u00c4nderungen erforderlich. Wir haben eine einfach zu folgen, Schritt f\u00fcr Schritt Video-Tutorial in einem BMW F30 erstellt, k\u00f6nnen Sie sehen <a href=\"https:\/\/paddleshifterz.com\/de\/install-paddle-shifter-in-your-car\/\">Sehen Sie sich die Anleitung hier an<\/a>.<\/p>\n<h2>Warum bei PaddleShifterz kaufen?<\/h2>\n<p>Bei PaddleShifterz bieten wir nur Teile in Premium-Qualit\u00e4t an, die den hohen Anspr\u00fcchen eines BMW-Enthusiasten gerecht werden. Unsere Carbonfaser- und Aluminium-Schaltwippen bieten sowohl Leistung als auch Stil und sorgen daf\u00fcr, dass Ihr BMW auf der Stra\u00dfe oder der Rennstrecke hervorsticht.<\/p>\n<ul>\n<li>OEM-Qualit\u00e4t\n<ul>\n<li>Wir verwenden nur hochwertige Materialien zur Herstellung unserer Schalthebel<\/li>\n<\/ul>\n<\/li>\n<li>Schneller Versand und zuverl\u00e4ssige Kundenbetreuung\n<ul>\n<li>Wir versenden weltweit mit FedEx und DHL<\/li>\n<\/ul>\n<\/li>\n<li>Fachwissen und Unterst\u00fctzung bei Einbau und Installation\n<ul>\n<li>Fragen zum Einbau und zu den Spezifikationen, <a href=\"https:\/\/paddleshifterz.com\/de\/contact\/\">Sie k\u00f6nnen sich gerne an uns wenden<\/a>.<\/li>\n<\/ul>\n<\/li>\n<\/ul>\n<p>R\u00fcsten Sie Ihren BMW F Series mit diesen Aluminium-Paddle Shiftern auf und genie\u00dfen Sie ein reaktionsschnelleres, leistungsorientiertes Fahrerlebnis. Kaufen Sie jetzt bei PaddleShifterz und bringen Sie Ihren Innenraum auf das n\u00e4chste Level!<\/p>","protected":false},"excerpt":{"rendered":"<p>Bringen Sie Ihr Interieur Spiel auf die n\u00e4chste Stufe mit unseren Aluminium Schaltwippen in silberner Farbe. Unsere Schalthebel sind 1-1 Ersatz f\u00fcr Ihre originalen E\/F Serie BMW Schaltwippen, so dass kein zus\u00e4tzliches Zubeh\u00f6r, kein Kleber oder Schraube erforderlich ist. Sie nehmen einfach den alten Satz heraus und setzen die neuen ein.<\/p>","protected":false},"featured_media":98311,"template":"","meta":{"bwfblock_default_font":""},"product_brand":[],"product_cat":[433],"product_tag":[],"class_list":{"0":"post-98203","1":"product","2":"type-product","3":"status-publish","4":"has-post-thumbnail","6":"product_cat-paddle-shifters","7":"product_shipping_class-shifterz","8":"pa_brand-paddleshifterz","9":"pa_product-type-aftermarket","10":"pa_vehicles-bmw-f06-f12-f13","11":"pa_vehicles-bmw-m6-f06-f12-f13","12":"pa_vehicles-bmw-f07-gt","13":"pa_vehicles-bmw-m5-f10","14":"pa_vehicles-bmw-f10-f11","15":"pa_vehicles-bmw-f15-x5","16":"pa_vehicles-bmw-f16-x6","17":"pa_vehicles-bmw-f20-f21","18":"pa_vehicles-bmw-f22-f23","19":"pa_vehicles-bmw-f25-x3","20":"pa_vehicles-bmw-f26-x4","21":"pa_vehicles-bmw-f30","22":"pa_vehicles-bmw-f31","23":"pa_vehicles-bmw-f32","24":"pa_vehicles-bmw-f33","25":"pa_vehicles-bmw-f34","26":"pa_vehicles-bmw-f36","27":"pa_vehicles-bmw-f39-x2","28":"pa_vehicles-bmw-f45","29":"pa_vehicles-bmw-f46","30":"pa_vehicles-bmw-f47-x2","31":"pa_vehicles-bmw-f48-x1","32":"pa_vehicles-bmw-f80-m3","33":"pa_vehicles-bmw-f82-m4","34":"pa_vehicles-4-series-f83-m4","35":"pa_vehicles-bmw-f85-x5m","36":"pa_vehicles-bmw-f86-x6m","37":"pa_vehicles-bmw-f87-m2","38":"pa_vehicles-bmw-i8","40":"first","41":"instock","42":"featured","43":"taxable","44":"shipping-taxable","45":"purchasable","46":"product-type-simple"},"bundled_by":[],"bundle_stock_status":"instock","bundle_stock_quantity":7,"bundle_virtual":false,"bundle_layout":"","bundle_add_to_cart_form_location":"","bundle_editable_in_cart":false,"bundle_sold_individually_context":"","bundle_item_grouping":"","bundle_min_size":"","bundle_max_size":"","bundle_price":[],"bundled_items":[],"bundle_sell_ids":[],"_links":{"self":[{"href":"https:\/\/paddleshifterz.com\/de\/wp-json\/wp\/v2\/product\/98203","targetHints":{"allow":["GET"]}}],"collection":[{"href":"https:\/\/paddleshifterz.com\/de\/wp-json\/wp\/v2\/product"}],"about":[{"href":"https:\/\/paddleshifterz.com\/de\/wp-json\/wp\/v2\/types\/product"}],"wp:featuredmedia":[{"embeddable":true,"href":"https:\/\/paddleshifterz.com\/de\/wp-json\/wp\/v2\/media\/98311"}],"wp:attachment":[{"href":"https:\/\/paddleshifterz.com\/de\/wp-json\/wp\/v2\/media?parent=98203"}],"wp:term":[{"taxonomy":"product_brand","embeddable":true,"href":"https:\/\/paddleshifterz.com\/de\/wp-json\/wp\/v2\/product_brand?post=98203"},{"taxonomy":"product_cat","embeddable":true,"href":"https:\/\/paddleshifterz.com\/de\/wp-json\/wp\/v2\/product_cat?post=98203"},{"taxonomy":"product_tag","embeddable":true,"href":"https:\/\/paddleshifterz.com\/de\/wp-json\/wp\/v2\/product_tag?post=98203"}],"curies":[{"name":"wp","href":"https:\/\/api.w.org\/{rel}","templated":true}]}}