{"id":98439,"date":"2025-04-09T08:51:37","date_gmt":"2025-04-09T07:51:37","guid":{"rendered":"https:\/\/paddleshifterz.com\/?post_type=product&#038;p=98439"},"modified":"2026-02-18T06:42:28","modified_gmt":"2026-02-18T05:42:28","slug":"oem-bmw-m-front-grille-trim-g9x-m5-51135a3d547-51135a3d546","status":"publish","type":"product","link":"https:\/\/paddleshifterz.com\/de\/oem-bmw-m-front-grille-trim-g9x-m5-51135a3d547-51135a3d546\/","title":{"rendered":"OEM BMW M K\u00fchlergrillblende G9X M5 - 51135A3D547-51135A3D546"},"content":{"rendered":"","protected":false},"excerpt":{"rendered":"<p>Genuine BMW M shadowline front grille trim for vehicles <strong>mit Unterst\u00fctzung f\u00fcr ikonisches Gl\u00fchen (S3DPA) und ohne<\/strong>f\u00fcr BMW G90 und G99 M5 Modelle. Produkt enth\u00e4lt nur die kleine Trimmung in der Mitte des K\u00fchlergrills, f\u00fcr den K\u00fchlergrill <a href=\"https:\/\/paddleshifterz.com\/de\/oem-bmw-m-front-grille-iconic-glow-g9x-m5-51135a185a5\/\">Bitte w\u00e4hlen Sie dieses Produkt<\/a>.<\/p>\n<p>Arrives with a protective wrap.<\/p>\n<p>SKU: 51135A3D546 (chrome middle section), 51135A3D547 (black\/shadowline middle section)<\/p>","protected":false},"featured_media":98717,"template":"","meta":{"bwfblock_default_font":""},"product_brand":[],"product_cat":[1095,1113],"product_tag":[],"class_list":{"0":"post-98439","1":"product","2":"type-product","3":"status-publish","4":"has-post-thumbnail","6":"product_cat-front-grilles","7":"product_cat-exterior","8":"product_shipping_class-shifterz","9":"pa_brand-bmw","10":"pa_product-type-oem-original-equipment-manufacturer","11":"pa_vehicles-bmw-g90-m5","12":"pa_vehicles-bmw-g99-m5","14":"first","15":"instock","16":"taxable","17":"shipping-taxable","18":"purchasable","19":"product-type-variable","20":"has-default-attributes"},"bundled_by":[],"bundle_stock_status":"instock","bundle_stock_quantity":null,"bundle_virtual":false,"bundle_layout":"","bundle_add_to_cart_form_location":"","bundle_editable_in_cart":false,"bundle_sold_individually_context":"","bundle_item_grouping":"","bundle_min_size":"","bundle_max_size":"","bundle_price":[],"bundled_items":[],"bundle_sell_ids":[],"_links":{"self":[{"href":"https:\/\/paddleshifterz.com\/de\/wp-json\/wp\/v2\/product\/98439","targetHints":{"allow":["GET"]}}],"collection":[{"href":"https:\/\/paddleshifterz.com\/de\/wp-json\/wp\/v2\/product"}],"about":[{"href":"https:\/\/paddleshifterz.com\/de\/wp-json\/wp\/v2\/types\/product"}],"wp:featuredmedia":[{"embeddable":true,"href":"https:\/\/paddleshifterz.com\/de\/wp-json\/wp\/v2\/media\/98717"}],"wp:attachment":[{"href":"https:\/\/paddleshifterz.com\/de\/wp-json\/wp\/v2\/media?parent=98439"}],"wp:term":[{"taxonomy":"product_brand","embeddable":true,"href":"https:\/\/paddleshifterz.com\/de\/wp-json\/wp\/v2\/product_brand?post=98439"},{"taxonomy":"product_cat","embeddable":true,"href":"https:\/\/paddleshifterz.com\/de\/wp-json\/wp\/v2\/product_cat?post=98439"},{"taxonomy":"product_tag","embeddable":true,"href":"https:\/\/paddleshifterz.com\/de\/wp-json\/wp\/v2\/product_tag?post=98439"}],"curies":[{"name":"wp","href":"https:\/\/api.w.org\/{rel}","templated":true}]}}