{"id":101541,"date":"2025-09-15T12:27:42","date_gmt":"2025-09-15T11:27:42","guid":{"rendered":"https:\/\/paddleshifterz.com\/?page_id=101541"},"modified":"2026-03-26T14:15:48","modified_gmt":"2026-03-26T13:15:48","slug":"all-brands","status":"publish","type":"page","link":"https:\/\/paddleshifterz.com\/fr\/all-brands\/","title":{"rendered":"Genuine and Aftermarket parts for your vehicle"},"content":{"rendered":"<div id=\"text-3581475456\" class=\"text\">\n\t\t\n\n<h1 class=\"p1\">Acheter par marque<\/h1>\n<p>Toutes les pi\u00e8ces d'origine et de rechange que nous proposons sont regroup\u00e9es dans une belle collection, class\u00e9es par marques.<\/p>\n\t\t\n<style>\n#text-3581475456 {\n  text-align: center;\n}\n<\/style>\n\t<\/div>\n\t\n<div class=\"row row-collapse\"  id=\"row-1498938172\">\n\n\n\t<div id=\"col-1095410206\" class=\"col small-12 large-12\"  >\n\t\t\t\t<div class=\"col-inner\"  >\n\t\t\t\n\t\t\t\n\n\n  <div class=\"banner has-hover brand_banner\" id=\"banner-863140010\">\n          <div class=\"banner-inner fill\">\n        <div class=\"banner-bg fill\" >\n            <img loading=\"lazy\" decoding=\"async\" width=\"1980\" height=\"1020\" src=\"https:\/\/paddleshifterz.com\/wp-content\/uploads\/2023\/07\/PaddleShifterz-Top-10-products-you-need-for-your-G81-M3-Touring.jpg\" class=\"bg attachment-large size-large\" alt=\"\" \/>                        <div class=\"overlay\"><\/div>            \n                    <\/div>\n\t\t\n        <div class=\"banner-layers container\">\n            <a class=\"fill\" href=\"https:\/\/paddleshifterz.com\/fr\/shop\/?filter_brand=bmw\" aria-label=\"BMW parts\"><div class=\"fill banner-link\"><\/div><\/a>            \n\n   <div id=\"text-box-178570539\" class=\"text-box banner-layer x5 md-x5 lg-x5 y50 md-y50 lg-y50 res-text\">\n                                <div class=\"text-box-content text dark\">\n              \n              <div class=\"text-inner text-left\">\n                  \n\n<h2 class=\"uppercase\"><strong>BMW<\/strong><\/h2>\n<p>Genuine parts from BMW AG<\/p>\n<a href=\"https:\/\/paddleshifterz.com\/fr\/shop\/?filter_brand=bmw\" class=\"button secondary\" >\n\t\t<span>Acheter maintenant<\/span>\n\t<i class=\"icon-angle-right\" aria-hidden=\"true\"><\/i><\/a>\n\n\n\n              <\/div>\n           <\/div>\n                            \n<style>\n#text-box-178570539 {\n  width: 60%;\n}\n#text-box-178570539 .text-box-content {\n  font-size: 100%;\n}\n@media (min-width:550px) {\n  #text-box-178570539 {\n    width: 40%;\n  }\n}\n<\/style>\n    <\/div>\n \n\n        <\/div>\n      <\/div>\n\n            \n<style>\n#banner-863140010 {\n  padding-top: 300px;\n}\n#banner-863140010 .overlay {\n  background-color: rgba(0, 0, 0, 0.31);\n}\n#banner-863140010 .banner-bg img {\n  object-position: 53% 48%;\n}\n<\/style>\n  <\/div>\n\n\n\n  <div class=\"banner has-hover brand_banner\" id=\"banner-670437513\">\n          <div class=\"banner-inner fill\">\n        <div class=\"banner-bg fill\" >\n            <img loading=\"lazy\" decoding=\"async\" width=\"1024\" height=\"683\" src=\"https:\/\/paddleshifterz.com\/wp-content\/uploads\/2025\/09\/BMW-Motorsport-BMW-M4-GT4.jpg\" class=\"bg attachment-large size-large\" alt=\"\" \/>                        <div class=\"overlay\"><\/div>            \n                    <\/div>\n\t\t\n        <div class=\"banner-layers container\">\n            <a class=\"fill\" href=\"https:\/\/paddleshifterz.com\/fr\/shop\/?filter_brand=bmw-m-motorsport\/\" aria-label=\"BMW Motorsport\"><div class=\"fill banner-link\"><\/div><\/a>            \n\n   <div id=\"text-box-1430617497\" class=\"text-box banner-layer x5 md-x5 lg-x5 y50 md-y50 lg-y50 res-text\">\n                                <div class=\"text-box-content text dark\">\n              \n              <div class=\"text-inner text-left\">\n                  \n\n<h2 class=\"uppercase\"><strong>BMW Motorsport<\/strong><\/h2>\n<p>Genuine parts from BMW Motorsport<\/p>\n<a href=\"https:\/\/paddleshifterz.com\/fr\/shop\/?filter_brand=bmw-m-motorsport\/\" class=\"button secondary\" >\n\t\t<span>Acheter maintenant<\/span>\n\t<i class=\"icon-angle-right\" aria-hidden=\"true\"><\/i><\/a>\n\n\n\n              <\/div>\n           <\/div>\n                            \n<style>\n#text-box-1430617497 {\n  width: 60%;\n}\n#text-box-1430617497 .text-box-content {\n  font-size: 100%;\n}\n@media (min-width:550px) {\n  #text-box-1430617497 {\n    width: 47%;\n  }\n}\n<\/style>\n    <\/div>\n \n\n        <\/div>\n      <\/div>\n\n            \n<style>\n#banner-670437513 {\n  padding-top: 300px;\n}\n#banner-670437513 .overlay {\n  background-color: rgba(0, 0, 0, 0.31);\n}\n#banner-670437513 .banner-bg img {\n  object-position: 55% 61%;\n}\n<\/style>\n  <\/div>\n\n\n\n  <div class=\"banner has-hover brand_banner\" id=\"banner-2012387794\">\n          <div class=\"banner-inner fill\">\n        <div class=\"banner-bg fill\" >\n            <img loading=\"lazy\" decoding=\"async\" width=\"2000\" height=\"2000\" src=\"https:\/\/paddleshifterz.com\/wp-content\/uploads\/2021\/11\/PaddleShifterz-Original-BMW-M-Performance-Armrest-Alcantara-51165A5D595-2.jpg\" class=\"bg attachment-large size-large\" alt=\"Original BMW M Performance Armrest Alcantara 51165A5D595 side shot\" \/>                        <div class=\"overlay\"><\/div>            \n                    <\/div>\n\t\t\n        <div class=\"banner-layers container\">\n            <a class=\"fill\" href=\"https:\/\/paddleshifterz.com\/fr\/shop\/?filter_brand=m-performance\/\" aria-label=\"BMW M Performance\"><div class=\"fill banner-link\"><\/div><\/a>            \n\n   <div id=\"text-box-1943942295\" class=\"text-box banner-layer x5 md-x5 lg-x5 y50 md-y50 lg-y50 res-text\">\n                                <div class=\"text-box-content text dark\">\n              \n              <div class=\"text-inner text-left\">\n                  \n\n<h2 class=\"uppercase\"><strong>BMW M Performance<\/strong><\/h2>\n<p>Genuine parts from BMW M performance.<\/p>\n<a href=\"https:\/\/paddleshifterz.com\/fr\/shop\/?filter_brand=m-performance\/\" class=\"button secondary\" >\n\t\t<span>Acheter maintenant<\/span>\n\t<i class=\"icon-angle-right\" aria-hidden=\"true\"><\/i><\/a>\n\n\n\n              <\/div>\n           <\/div>\n                            \n<style>\n#text-box-1943942295 {\n  width: 60%;\n}\n#text-box-1943942295 .text-box-content {\n  font-size: 100%;\n}\n@media (min-width:550px) {\n  #text-box-1943942295 {\n    width: 47%;\n  }\n}\n<\/style>\n    <\/div>\n \n\n        <\/div>\n      <\/div>\n\n            \n<style>\n#banner-2012387794 {\n  padding-top: 300px;\n}\n#banner-2012387794 .overlay {\n  background-color: rgba(0, 0, 0, 0.31);\n}\n#banner-2012387794 .banner-bg img {\n  object-position: 67% 54%;\n}\n<\/style>\n  <\/div>\n\n\n\n  <div class=\"banner has-hover brand_banner\" id=\"banner-514130945\">\n          <div class=\"banner-inner fill\">\n        <div class=\"banner-bg fill\" >\n            <img loading=\"lazy\" decoding=\"async\" width=\"2000\" height=\"2000\" src=\"https:\/\/paddleshifterz.com\/wp-content\/uploads\/2022\/04\/PaddleShifterz-Faserschmiede-prepreg-carbon-fiber-M3-M4-CS-GTS-hood-grill-2.jpg\" class=\"bg attachment-large size-large\" alt=\"Faserschmiede carbon fiber parts made in Germany\" \/>                        <div class=\"overlay\"><\/div>            \n                    <\/div>\n\t\t\n        <div class=\"banner-layers container\">\n            <a class=\"fill\" href=\"https:\/\/paddleshifterz.com\/fr\/shop\/?filter_brand=faserschmiede-gmbh\/\" aria-label=\"Faserschmiede GmbH Parts\"><div class=\"fill banner-link\"><\/div><\/a>            \n\n   <div id=\"text-box-651414576\" class=\"text-box banner-layer x5 md-x5 lg-x5 y50 md-y50 lg-y50 res-text\">\n                                <div class=\"text-box-content text dark\">\n              \n              <div class=\"text-inner text-left\">\n                  \n\n<h2 class=\"uppercase\"><strong>Faserschmiede GMBH<\/strong><\/h2>\n<p>Aftermarket parts from Faserschmiede GmbH<\/p>\n<a href=\"https:\/\/paddleshifterz.com\/fr\/shop\/?filter_brand=faserschmiede-gmbh\/\" class=\"button secondary\" >\n\t\t<span>Acheter maintenant<\/span>\n\t<i class=\"icon-angle-right\" aria-hidden=\"true\"><\/i><\/a>\n\n\n\n              <\/div>\n           <\/div>\n                            \n<style>\n#text-box-651414576 {\n  width: 60%;\n}\n#text-box-651414576 .text-box-content {\n  font-size: 100%;\n}\n@media (min-width:550px) {\n  #text-box-651414576 {\n    width: 47%;\n  }\n}\n<\/style>\n    <\/div>\n \n\n        <\/div>\n      <\/div>\n\n            \n<style>\n#banner-514130945 {\n  padding-top: 300px;\n}\n#banner-514130945 .overlay {\n  background-color: rgba(0, 0, 0, 0.31);\n}\n#banner-514130945 .banner-bg img {\n  object-position: 58% 66%;\n}\n<\/style>\n  <\/div>\n\n\n\n  <div class=\"banner has-hover brand_banner\" id=\"banner-421629325\">\n          <div class=\"banner-inner fill\">\n        <div class=\"banner-bg fill\" >\n            <img loading=\"lazy\" decoding=\"async\" width=\"2000\" height=\"2000\" src=\"https:\/\/paddleshifterz.com\/wp-content\/uploads\/2024\/12\/PaddleShifterz-INDIV-Carbon-fiber-front-grilles-for-BMW-G87-M2-12.jpg\" class=\"bg attachment-large size-large\" alt=\"Side, far shot of INDIV Carbon fiber front grilles for BMW G87 M2\" \/>                        <div class=\"overlay\"><\/div>            \n                    <\/div>\n\t\t\n        <div class=\"banner-layers container\">\n            <div class=\"fill banner-link\"><\/div>            \n\n   <div id=\"text-box-9030220\" class=\"text-box banner-layer x5 md-x5 lg-x5 y50 md-y50 lg-y50 res-text\">\n                                <div class=\"text-box-content text dark\">\n              \n              <div class=\"text-inner text-left\">\n                  \n\n<h2 class=\"uppercase\"><strong>INDIV<\/strong><\/h2>\n<p>Aftermarket parts from INDIV<\/p>\n<a href=\"https:\/\/paddleshifterz.com\/fr\/shop\/?filter_brand=indiv\/\" class=\"button secondary\" >\n\t\t<span>Acheter maintenant<\/span>\n\t<i class=\"icon-angle-right\" aria-hidden=\"true\"><\/i><\/a>\n\n\n\n              <\/div>\n           <\/div>\n                            \n<style>\n#text-box-9030220 {\n  width: 60%;\n}\n#text-box-9030220 .text-box-content {\n  font-size: 100%;\n}\n@media (min-width:550px) {\n  #text-box-9030220 {\n    width: 40%;\n  }\n}\n<\/style>\n    <\/div>\n \n\n        <\/div>\n      <\/div>\n\n            \n<style>\n#banner-421629325 {\n  padding-top: 300px;\n}\n#banner-421629325 .overlay {\n  background-color: rgba(0, 0, 0, 0.31);\n}\n#banner-421629325 .banner-bg img {\n  object-position: 39% 61%;\n}\n<\/style>\n  <\/div>\n\n\n\n  <div class=\"banner has-hover brand_banner\" id=\"banner-537168215\">\n          <div class=\"banner-inner fill\">\n        <div class=\"banner-bg fill\" >\n            <img loading=\"lazy\" decoding=\"async\" width=\"2000\" height=\"2000\" src=\"https:\/\/paddleshifterz.com\/wp-content\/uploads\/2025\/07\/PaddleShifterz-KW-Coilover-suspension-V3-inox-incl.-deactivation-for-electronic-dampers-RWD.webp\" class=\"bg attachment-large size-large\" alt=\"KW Coilover suspension V3 inox (incl. deactivation for electronic dampers) - RWD\" \/>                        <div class=\"overlay\"><\/div>            \n                    <\/div>\n\t\t\n        <div class=\"banner-layers container\">\n            <a class=\"fill\" href=\"https:\/\/paddleshifterz.com\/fr\/shop\/?filter_brand=kw-automotive\" aria-label=\"KW Automotive GmbH Parts\"><div class=\"fill banner-link\"><\/div><\/a>            \n\n   <div id=\"text-box-1054694061\" class=\"text-box banner-layer x5 md-x5 lg-x5 y50 md-y50 lg-y50 res-text\">\n                                <div class=\"text-box-content text dark\">\n              \n              <div class=\"text-inner text-left\">\n                  \n\n<h2 class=\"uppercase\"><strong>KW Automotive GmbH<\/strong><\/h2>\n<p>Aftermarket parts from KW Automotive GmbH<\/p>\n<a href=\"https:\/\/paddleshifterz.com\/fr\/shop\/?filter_brand=kw-automotive\" class=\"button secondary\" >\n\t\t<span>Acheter maintenant<\/span>\n\t<i class=\"icon-angle-right\" aria-hidden=\"true\"><\/i><\/a>\n\n\n\n              <\/div>\n           <\/div>\n                            \n<style>\n#text-box-1054694061 {\n  width: 60%;\n}\n#text-box-1054694061 .text-box-content {\n  font-size: 100%;\n}\n@media (min-width:550px) {\n  #text-box-1054694061 {\n    width: 47%;\n  }\n}\n<\/style>\n    <\/div>\n \n\n        <\/div>\n      <\/div>\n\n            \n<style>\n#banner-537168215 {\n  padding-top: 300px;\n}\n#banner-537168215 .overlay {\n  background-color: rgba(0, 0, 0, 0.31);\n}\n#banner-537168215 .banner-bg img {\n  object-position: 59% 33%;\n}\n<\/style>\n  <\/div>\n\n\n\n  <div class=\"banner has-hover brand_banner\" id=\"banner-1646948420\">\n          <div class=\"banner-inner fill\">\n        <div class=\"banner-bg fill\" >\n            <img loading=\"lazy\" decoding=\"async\" width=\"2000\" height=\"2000\" src=\"https:\/\/paddleshifterz.com\/wp-content\/uploads\/2022\/09\/Michelin-Pilot-Alpin-5-27535-R19-100V-BMW-Winter-tire-85455A137F7.jpg\" class=\"bg attachment-large size-large\" alt=\"Michelin Pilot Alpin 5 275:35 R19 100V *BMW* Winter tire - 85455A137F7\" \/>                        <div class=\"overlay\"><\/div>            \n                    <\/div>\n\t\t\n        <div class=\"banner-layers container\">\n            <a class=\"fill\" href=\"https:\/\/paddleshifterz.com\/fr\/shop\/?filter_brand=michelin\/\" aria-label=\"Michelin products\"><div class=\"fill banner-link\"><\/div><\/a>            \n\n   <div id=\"text-box-553480753\" class=\"text-box banner-layer x5 md-x5 lg-x5 y50 md-y50 lg-y50 res-text\">\n                                <div class=\"text-box-content text dark\">\n              \n              <div class=\"text-inner text-left\">\n                  \n\n<h2 class=\"uppercase\"><strong>Michelin<\/strong><\/h2>\n<p>Tires and accessories from Michelin<\/p>\n<a href=\"https:\/\/paddleshifterz.com\/fr\/shop\/?filter_brand=michelin\/\" class=\"button secondary\" >\n\t\t<span>Acheter maintenant<\/span>\n\t<i class=\"icon-angle-right\" aria-hidden=\"true\"><\/i><\/a>\n\n\n\n              <\/div>\n           <\/div>\n                            \n<style>\n#text-box-553480753 {\n  width: 60%;\n}\n#text-box-553480753 .text-box-content {\n  font-size: 100%;\n}\n@media (min-width:550px) {\n  #text-box-553480753 {\n    width: 40%;\n  }\n}\n<\/style>\n    <\/div>\n \n\n        <\/div>\n      <\/div>\n\n            \n<style>\n#banner-1646948420 {\n  padding-top: 300px;\n}\n#banner-1646948420 .overlay {\n  background-color: rgba(0, 0, 0, 0.31);\n}\n#banner-1646948420 .banner-bg img {\n  object-position: 73% 38%;\n}\n<\/style>\n  <\/div>\n\n\n\n  <div class=\"banner has-hover brand_banner\" id=\"banner-765676849\">\n          <div class=\"banner-inner fill\">\n        <div class=\"banner-bg fill\" >\n            <img loading=\"lazy\" decoding=\"async\" width=\"1024\" height=\"683\" src=\"https:\/\/paddleshifterz.com\/wp-content\/uploads\/2025\/09\/mini-countryman-side-photo.webp\" class=\"bg attachment-large size-large\" alt=\"mini countryman side shot\" \/>                        <div class=\"overlay\"><\/div>            \n                    <\/div>\n\t\t\n        <div class=\"banner-layers container\">\n            <a class=\"fill\" href=\"https:\/\/paddleshifterz.com\/fr\/shop\/?filter_brand=mini\" aria-label=\"MINI parts\"><div class=\"fill banner-link\"><\/div><\/a>            \n\n   <div id=\"text-box-1070167940\" class=\"text-box banner-layer x5 md-x5 lg-x5 y50 md-y50 lg-y50 res-text\">\n                                <div class=\"text-box-content text dark\">\n              \n              <div class=\"text-inner text-left\">\n                  \n\n<h2 class=\"uppercase\"><strong>MINI<\/strong><\/h2>\n<p>Genuine parts from MINI.<\/p>\n<a href=\"https:\/\/paddleshifterz.com\/fr\/shop\/?filter_brand=mini\" class=\"button secondary\" >\n\t\t<span>Acheter maintenant<\/span>\n\t<i class=\"icon-angle-right\" aria-hidden=\"true\"><\/i><\/a>\n\n\n\n              <\/div>\n           <\/div>\n                            \n<style>\n#text-box-1070167940 {\n  width: 60%;\n}\n#text-box-1070167940 .text-box-content {\n  font-size: 100%;\n}\n@media (min-width:550px) {\n  #text-box-1070167940 {\n    width: 40%;\n  }\n}\n<\/style>\n    <\/div>\n \n\n        <\/div>\n      <\/div>\n\n            \n<style>\n#banner-765676849 {\n  padding-top: 300px;\n}\n#banner-765676849 .overlay {\n  background-color: rgba(0, 0, 0, 0.31);\n}\n#banner-765676849 .banner-bg img {\n  object-position: 58% 55%;\n}\n<\/style>\n  <\/div>\n\n\n\n  <div class=\"banner has-hover brand_banner\" id=\"banner-434269161\">\n          <div class=\"banner-inner fill\">\n        <div class=\"banner-bg fill\" >\n            <img loading=\"lazy\" decoding=\"async\" width=\"1000\" height=\"250\" src=\"https:\/\/paddleshifterz.com\/wp-content\/uploads\/2025\/09\/PaddleShifterz-MINI-JCW-Cooper.webp\" class=\"bg attachment-large size-large\" alt=\"PaddleShifterz MINI JCW Cooper\" \/>                        <div class=\"overlay\"><\/div>            \n                    <\/div>\n\t\t\n        <div class=\"banner-layers container\">\n            <a class=\"fill\" href=\"https:\/\/paddleshifterz.com\/fr\/shop\/?filter_brand=mini-jcw\/\" aria-label=\"MINI JCW Parts\"><div class=\"fill banner-link\"><\/div><\/a>            \n\n   <div id=\"text-box-24814076\" class=\"text-box banner-layer x5 md-x5 lg-x5 y50 md-y50 lg-y50 res-text\">\n                                <div class=\"text-box-content text dark\">\n              \n              <div class=\"text-inner text-left\">\n                  \n\n<h2 class=\"uppercase\"><strong>MINI JCW<\/strong><\/h2>\n<p>Genuine parts from MINI JCW.<\/p>\n<a href=\"https:\/\/paddleshifterz.com\/fr\/shop\/?filter_brand=mini-jcw\/\" class=\"button secondary\" >\n\t\t<span>Acheter maintenant<\/span>\n\t<i class=\"icon-angle-right\" aria-hidden=\"true\"><\/i><\/a>\n\n\n\n              <\/div>\n           <\/div>\n                            \n<style>\n#text-box-24814076 {\n  width: 60%;\n}\n#text-box-24814076 .text-box-content {\n  font-size: 100%;\n}\n@media (min-width:550px) {\n  #text-box-24814076 {\n    width: 40%;\n  }\n}\n<\/style>\n    <\/div>\n \n\n        <\/div>\n      <\/div>\n\n            \n<style>\n#banner-434269161 {\n  padding-top: 300px;\n}\n#banner-434269161 .overlay {\n  background-color: rgba(0, 0, 0, 0.31);\n}\n<\/style>\n  <\/div>\n\n\n\n  <div class=\"banner has-hover brand_banner\" id=\"banner-952114486\">\n          <div class=\"banner-inner fill\">\n        <div class=\"banner-bg fill\" >\n            <img loading=\"lazy\" decoding=\"async\" width=\"1000\" height=\"250\" src=\"https:\/\/paddleshifterz.com\/wp-content\/uploads\/2025\/09\/PaddleShifterz-BMW-G87-M2-in-toronto-red-with-carbon-parts.webp\" class=\"bg attachment-large size-large\" alt=\"PaddleShifterz BMW G87 M2 in toronto red with carbon parts\" \/>                        <div class=\"overlay\"><\/div>            \n                    <\/div>\n\t\t\n        <div class=\"banner-layers container\">\n            <a class=\"fill\" href=\"https:\/\/paddleshifterz.com\/fr\/shop\/?filter_brand=paddleshifterz\/\" aria-label=\"PaddleShifterz PS parts\"><div class=\"fill banner-link\"><\/div><\/a>            \n\n   <div id=\"text-box-933737181\" class=\"text-box banner-layer x5 md-x5 lg-x5 y50 md-y50 lg-y50 res-text\">\n                                <div class=\"text-box-content text dark\">\n              \n              <div class=\"text-inner text-left\">\n                  \n\n<h2 class=\"uppercase\"><strong>PaddleShifterz PS<\/strong><\/h2>\n<p>Aftermarket parts from PaddleShifterz PS.<\/p>\n<a href=\"https:\/\/paddleshifterz.com\/fr\/shop\/?filter_brand=paddleshifterz\/\" class=\"button secondary\" >\n\t\t<span>Acheter maintenant<\/span>\n\t<i class=\"icon-angle-right\" aria-hidden=\"true\"><\/i><\/a>\n\n\n\n              <\/div>\n           <\/div>\n                            \n<style>\n#text-box-933737181 {\n  width: 60%;\n}\n#text-box-933737181 .text-box-content {\n  font-size: 100%;\n}\n@media (min-width:550px) {\n  #text-box-933737181 {\n    width: 47%;\n  }\n}\n<\/style>\n    <\/div>\n \n\n        <\/div>\n      <\/div>\n\n            \n<style>\n#banner-952114486 {\n  padding-top: 300px;\n}\n#banner-952114486 .overlay {\n  background-color: rgba(0, 0, 0, 0.31);\n}\n#banner-952114486 .banner-bg img {\n  object-position: 52% 55%;\n}\n<\/style>\n  <\/div>\n\n\n\n  <div class=\"banner has-hover brand_banner\" id=\"banner-1575712173\">\n          <div class=\"banner-inner fill\">\n        <div class=\"banner-bg fill\" >\n            <img loading=\"lazy\" decoding=\"async\" width=\"1000\" height=\"250\" src=\"https:\/\/paddleshifterz.com\/wp-content\/uploads\/2025\/09\/PaddleShifterz-Sterckenn-BMW-G80-M3-in-toronto-red.webp\" class=\"bg attachment-large size-large\" alt=\"PaddleShifterz Sterckenn BMW G80 M3 in toronto red\" \/>                        <div class=\"overlay\"><\/div>            \n                    <\/div>\n\t\t\n        <div class=\"banner-layers container\">\n            <a class=\"fill\" href=\"https:\/\/paddleshifterz.com\/fr\/shop\/?filter_brand=sterckenn\/\" aria-label=\"Sterckenn parts\"><div class=\"fill banner-link\"><\/div><\/a>            \n\n   <div id=\"text-box-1044524376\" class=\"text-box banner-layer x5 md-x5 lg-x5 y50 md-y50 lg-y50 res-text\">\n                                <div class=\"text-box-content text dark\">\n              \n              <div class=\"text-inner text-left\">\n                  \n\n<h2 class=\"uppercase\"><strong>STERCKENN<\/strong><\/h2>\n<p>Aftermarket parts from Sterckenn.<\/p>\n<a href=\"https:\/\/paddleshifterz.com\/fr\/shop\/?filter_brand=sterckenn\/\" class=\"button secondary\" >\n\t\t<span>Acheter maintenant<\/span>\n\t<i class=\"icon-angle-right\" aria-hidden=\"true\"><\/i><\/a>\n\n\n\n              <\/div>\n           <\/div>\n                            \n<style>\n#text-box-1044524376 {\n  width: 60%;\n}\n#text-box-1044524376 .text-box-content {\n  font-size: 100%;\n}\n@media (min-width:550px) {\n  #text-box-1044524376 {\n    width: 40%;\n  }\n}\n<\/style>\n    <\/div>\n \n\n        <\/div>\n      <\/div>\n\n            \n<style>\n#banner-1575712173 {\n  padding-top: 300px;\n}\n#banner-1575712173 .overlay {\n  background-color: rgba(0, 0, 0, 0.31);\n}\n<\/style>\n  <\/div>\n\n\n\n  <div class=\"banner has-hover brand_banner\" id=\"banner-563197269\">\n          <div class=\"banner-inner fill\">\n        <div class=\"banner-bg fill\" >\n            <img loading=\"lazy\" decoding=\"async\" width=\"2000\" height=\"2000\" src=\"https:\/\/paddleshifterz.com\/wp-content\/uploads\/2025\/07\/PaddleShifterz-Zaero-Design-EVO-S-Diffuser-for-BMW-M2-G87-7.webp\" class=\"bg attachment-large size-large\" alt=\"Zaero Design EVO-S Diffuser for BMW M2 G87\" \/>                        <div class=\"overlay\"><\/div>            \n                    <\/div>\n\t\t\n        <div class=\"banner-layers container\">\n            <a class=\"fill\" href=\"https:\/\/paddleshifterz.com\/fr\/shop\/?filter_brand=zaero\/\" aria-label=\"Zaero Design parts\"><div class=\"fill banner-link\"><\/div><\/a>            \n\n   <div id=\"text-box-20578476\" class=\"text-box banner-layer x5 md-x5 lg-x5 y50 md-y50 lg-y50 res-text\">\n                                <div class=\"text-box-content text dark\">\n              \n              <div class=\"text-inner text-left\">\n                  \n\n<h2 class=\"uppercase\"><strong>Zaero Design<\/strong><\/h2>\n<p>Aftermarket parts from Zaero Design.<\/p>\n<a href=\"https:\/\/paddleshifterz.com\/fr\/shop\/?filter_brand=zaero\/\" class=\"button secondary\" >\n\t\t<span>Acheter maintenant<\/span>\n\t<i class=\"icon-angle-right\" aria-hidden=\"true\"><\/i><\/a>\n\n\n\n              <\/div>\n           <\/div>\n                            \n<style>\n#text-box-20578476 {\n  width: 60%;\n}\n#text-box-20578476 .text-box-content {\n  font-size: 100%;\n}\n@media (min-width:550px) {\n  #text-box-20578476 {\n    width: 47%;\n  }\n}\n<\/style>\n    <\/div>\n \n\n        <\/div>\n      <\/div>\n\n            \n<style>\n#banner-563197269 {\n  padding-top: 300px;\n}\n#banner-563197269 .overlay {\n  background-color: rgba(0, 0, 0, 0.31);\n}\n#banner-563197269 .banner-bg img {\n  object-position: 61% 45%;\n}\n<\/style>\n  <\/div>\n\n\n\n\t\t<\/div>\n\t\t\t\t\t<\/div>\n\n\t\n\n<\/div>\n<div class=\"row\"  id=\"row-431019824\">\n\n\n\t<div id=\"col-737824413\" class=\"col medium-6 small-12 large-6\"  >\n\t\t\t\t<div class=\"col-inner text-center\"  >\n\t\t\t\n\t\t\t\n\n<h3>Vous recherchez des pi\u00e8ces par cat\u00e9gorie\u00a0?<\/h3>\n<p>Parcourez notre collection de produits d'origine BMW\/MINI et aftermarket ici<\/p>\n<a href=\"\/fr\/all-categories\/\" class=\"button primary\" style=\"border-radius:10px;\">\n\t\t<span>Parcourir les cat\u00e9gories<\/span>\n\t<i class=\"icon-angle-right\" aria-hidden=\"true\"><\/i><\/a>\n\n\n\n\t\t<\/div>\n\t\t\t\t\t<\/div>\n\n\t\n\n\t<div id=\"col-430749192\" class=\"col medium-6 small-12 large-6\"  >\n\t\t\t\t<div class=\"col-inner text-center\"  >\n\t\t\t\n\t\t\t\n\n<h3>Vous recherchez des pi\u00e8ces par marque et mod\u00e8le ?<\/h3>\n<p>Utilisez notre s\u00e9lecteur de v\u00e9hicule pour trouver la pi\u00e8ce parfaitement adapt\u00e9e.<\/p>\n<a href=\"\/fr\/parts-for-your-bmw-mini-hyundai-toyota-and-volkswagen\/\" class=\"button primary\" style=\"border-radius:10px;\">\n\t\t<span>S\u00e9lecteur de v\u00e9hicule<\/span>\n\t<i class=\"icon-angle-right\" aria-hidden=\"true\"><\/i><\/a>\n\n\n\n\t\t<\/div>\n\t\t\t\t\t<\/div>\n\n\t\n\n\n<style>\n#row-431019824 > .col > .col-inner {\n  padding: 50px 0px 0px 0px;\n}\n<\/style>\n<\/div>","protected":false},"excerpt":{"rendered":"","protected":false},"author":1,"featured_media":0,"parent":0,"menu_order":0,"comment_status":"closed","ping_status":"closed","template":"","meta":{"bwfblock_default_font":"","footnotes":""},"class_list":["post-101541","page","type-page","status-publish","hentry"],"_links":{"self":[{"href":"https:\/\/paddleshifterz.com\/fr\/wp-json\/wp\/v2\/pages\/101541","targetHints":{"allow":["GET"]}}],"collection":[{"href":"https:\/\/paddleshifterz.com\/fr\/wp-json\/wp\/v2\/pages"}],"about":[{"href":"https:\/\/paddleshifterz.com\/fr\/wp-json\/wp\/v2\/types\/page"}],"author":[{"embeddable":true,"href":"https:\/\/paddleshifterz.com\/fr\/wp-json\/wp\/v2\/users\/1"}],"replies":[{"embeddable":true,"href":"https:\/\/paddleshifterz.com\/fr\/wp-json\/wp\/v2\/comments?post=101541"}],"version-history":[{"count":0,"href":"https:\/\/paddleshifterz.com\/fr\/wp-json\/wp\/v2\/pages\/101541\/revisions"}],"wp:attachment":[{"href":"https:\/\/paddleshifterz.com\/fr\/wp-json\/wp\/v2\/media?parent=101541"}],"curies":[{"name":"wp","href":"https:\/\/api.w.org\/{rel}","templated":true}]}}