{"id":53,"date":"2018-04-25T10:22:51","date_gmt":"2018-04-25T10:22:51","guid":{"rendered":"https:\/\/paddleshifterz.com\/staging\/?page_id=53"},"modified":"2026-01-23T15:16:48","modified_gmt":"2026-01-23T14:16:48","slug":"contact","status":"publish","type":"page","link":"https:\/\/paddleshifterz.com\/fr\/contact\/","title":{"rendered":"Contact our team &#8211; paddleshifterz.com"},"content":{"rendered":"<div class=\"wp-block-cover\"><img loading=\"lazy\" decoding=\"async\" width=\"1200\" height=\"1200\" class=\"wp-block-cover__image-background wp-image-101875 size-full\" alt=\"Red G87 M2 with no license plate on\" src=\"https:\/\/paddleshifterz.com\/wp-content\/uploads\/2025\/08\/PaddleShifterz-BMW-G87-M2-Magnetic-License-Plate-Holder-Kit-Sleek-Fitment-4.webp\" data-object-fit=\"cover\" srcset=\"https:\/\/paddleshifterz.com\/wp-content\/uploads\/2025\/08\/PaddleShifterz-BMW-G87-M2-Magnetic-License-Plate-Holder-Kit-Sleek-Fitment-4.webp 1200w, https:\/\/paddleshifterz.com\/wp-content\/uploads\/2025\/08\/PaddleShifterz-BMW-G87-M2-Magnetic-License-Plate-Holder-Kit-Sleek-Fitment-4-400x400.webp 400w, https:\/\/paddleshifterz.com\/wp-content\/uploads\/2025\/08\/PaddleShifterz-BMW-G87-M2-Magnetic-License-Plate-Holder-Kit-Sleek-Fitment-4-100x100.webp 100w, https:\/\/paddleshifterz.com\/wp-content\/uploads\/2025\/08\/PaddleShifterz-BMW-G87-M2-Magnetic-License-Plate-Holder-Kit-Sleek-Fitment-4-64x64.webp 64w\" sizes=\"auto, (max-width: 1200px) 100vw, 1200px\" \/><span aria-hidden=\"true\" class=\"wp-block-cover__background has-primary-background-color has-background-dim-30 has-background-dim\"><\/span><div class=\"wp-block-cover__inner-container is-layout-flow wp-block-cover-is-layout-flow\">\n<h1 class=\"wp-block-heading has-text-align-center has-text-color has-large-font-size\" id=\"h-send-us-a-message\" style=\"color:#fbfbfb\">Envoyez-nous un message<\/h1>\n<\/div><\/div>\n\n\n\n<div class=\"wp-block-columns contact-row is-layout-flex wp-container-core-columns-is-layout-9d6595d7 wp-block-columns-is-layout-flex\">\n<div class=\"wp-block-column is-vertically-aligned-center is-layout-flow wp-block-column-is-layout-flow\">\n<p class=\"has-text-align-center\">Vous avez une question concernant un produit, le statut de votre commande ou vous souhaitez en savoir plus sur nos services\u00a0? Contactez-nous\u00a0!<br><em>Nous parlons anglais et allemand (et aussi hongrois).<\/em><\/p>\n\n\n\n<ul class=\"wp-block-social-links has-icon-color is-style-logos-only is-horizontal is-content-justification-center is-layout-flex wp-container-core-social-links-is-layout-499968f5 wp-block-social-links-is-layout-flex\"><li style=\"color:#000000;\" class=\"wp-social-link wp-social-link-facebook has-black-color wp-block-social-link\"><a rel=\"noopener nofollow\" target=\"_blank\" href=\"https:\/\/facebook.com\/paddleshifterz\" class=\"wp-block-social-link-anchor\"><svg width=\"24\" height=\"24\" viewbox=\"0 0 24 24\" version=\"1.1\" xmlns=\"http:\/\/www.w3.org\/2000\/svg\" aria-hidden=\"true\" focusable=\"false\"><path d=\"M12 2C6.5 2 2 6.5 2 12c0 5 3.7 9.1 8.4 9.9v-7H7.9V12h2.5V9.8c0-2.5 1.5-3.9 3.8-3.9 1.1 0 2.2.2 2.2.2v2.5h-1.3c-1.2 0-1.6.8-1.6 1.6V12h2.8l-.4 2.9h-2.3v7C18.3 21.1 22 17 22 12c0-5.5-4.5-10-10-10z\"><\/path><\/svg><span class=\"wp-block-social-link-label screen-reader-text\">Facebook<\/span><\/a><\/li>\n\n<li style=\"color:#000000;\" class=\"wp-social-link wp-social-link-instagram has-black-color wp-block-social-link\"><a rel=\"noopener nofollow\" target=\"_blank\" href=\"https:\/\/instagram.com\/paddleshifterz\" class=\"wp-block-social-link-anchor\"><svg width=\"24\" height=\"24\" viewbox=\"0 0 24 24\" version=\"1.1\" xmlns=\"http:\/\/www.w3.org\/2000\/svg\" aria-hidden=\"true\" focusable=\"false\"><path d=\"M12,4.622c2.403,0,2.688,0.009,3.637,0.052c0.877,0.04,1.354,0.187,1.671,0.31c0.42,0.163,0.72,0.358,1.035,0.673 c0.315,0.315,0.51,0.615,0.673,1.035c0.123,0.317,0.27,0.794,0.31,1.671c0.043,0.949,0.052,1.234,0.052,3.637 s-0.009,2.688-0.052,3.637c-0.04,0.877-0.187,1.354-0.31,1.671c-0.163,0.42-0.358,0.72-0.673,1.035 c-0.315,0.315-0.615,0.51-1.035,0.673c-0.317,0.123-0.794,0.27-1.671,0.31c-0.949,0.043-1.233,0.052-3.637,0.052 s-2.688-0.009-3.637-0.052c-0.877-0.04-1.354-0.187-1.671-0.31c-0.42-0.163-0.72-0.358-1.035-0.673 c-0.315-0.315-0.51-0.615-0.673-1.035c-0.123-0.317-0.27-0.794-0.31-1.671C4.631,14.688,4.622,14.403,4.622,12 s0.009-2.688,0.052-3.637c0.04-0.877,0.187-1.354,0.31-1.671c0.163-0.42,0.358-0.72,0.673-1.035 c0.315-0.315,0.615-0.51,1.035-0.673c0.317-0.123,0.794-0.27,1.671-0.31C9.312,4.631,9.597,4.622,12,4.622 M12,3 C9.556,3,9.249,3.01,8.289,3.054C7.331,3.098,6.677,3.25,6.105,3.472C5.513,3.702,5.011,4.01,4.511,4.511 c-0.5,0.5-0.808,1.002-1.038,1.594C3.25,6.677,3.098,7.331,3.054,8.289C3.01,9.249,3,9.556,3,12c0,2.444,0.01,2.751,0.054,3.711 c0.044,0.958,0.196,1.612,0.418,2.185c0.23,0.592,0.538,1.094,1.038,1.594c0.5,0.5,1.002,0.808,1.594,1.038 c0.572,0.222,1.227,0.375,2.185,0.418C9.249,20.99,9.556,21,12,21s2.751-0.01,3.711-0.054c0.958-0.044,1.612-0.196,2.185-0.418 c0.592-0.23,1.094-0.538,1.594-1.038c0.5-0.5,0.808-1.002,1.038-1.594c0.222-0.572,0.375-1.227,0.418-2.185 C20.99,14.751,21,14.444,21,12s-0.01-2.751-0.054-3.711c-0.044-0.958-0.196-1.612-0.418-2.185c-0.23-0.592-0.538-1.094-1.038-1.594 c-0.5-0.5-1.002-0.808-1.594-1.038c-0.572-0.222-1.227-0.375-2.185-0.418C14.751,3.01,14.444,3,12,3L12,3z M12,7.378 c-2.552,0-4.622,2.069-4.622,4.622S9.448,16.622,12,16.622s4.622-2.069,4.622-4.622S14.552,7.378,12,7.378z M12,15 c-1.657,0-3-1.343-3-3s1.343-3,3-3s3,1.343,3,3S13.657,15,12,15z M16.804,6.116c-0.596,0-1.08,0.484-1.08,1.08 s0.484,1.08,1.08,1.08c0.596,0,1.08-0.484,1.08-1.08S17.401,6.116,16.804,6.116z\"><\/path><\/svg><span class=\"wp-block-social-link-label screen-reader-text\">Instagram<\/span><\/a><\/li>\n\n<li style=\"color:#000000;\" class=\"wp-social-link wp-social-link-youtube has-black-color wp-block-social-link\"><a rel=\"noopener nofollow\" target=\"_blank\" href=\"https:\/\/www.youtube.com\/@paddleshifterz\" class=\"wp-block-social-link-anchor\"><svg width=\"24\" height=\"24\" viewbox=\"0 0 24 24\" version=\"1.1\" xmlns=\"http:\/\/www.w3.org\/2000\/svg\" aria-hidden=\"true\" focusable=\"false\"><path d=\"M21.8,8.001c0,0-0.195-1.378-0.795-1.985c-0.76-0.797-1.613-0.801-2.004-0.847c-2.799-0.202-6.997-0.202-6.997-0.202 h-0.009c0,0-4.198,0-6.997,0.202C4.608,5.216,3.756,5.22,2.995,6.016C2.395,6.623,2.2,8.001,2.2,8.001S2,9.62,2,11.238v1.517 c0,1.618,0.2,3.237,0.2,3.237s0.195,1.378,0.795,1.985c0.761,0.797,1.76,0.771,2.205,0.855c1.6,0.153,6.8,0.201,6.8,0.201 s4.203-0.006,7.001-0.209c0.391-0.047,1.243-0.051,2.004-0.847c0.6-0.607,0.795-1.985,0.795-1.985s0.2-1.618,0.2-3.237v-1.517 C22,9.62,21.8,8.001,21.8,8.001z M9.935,14.594l-0.001-5.62l5.404,2.82L9.935,14.594z\"><\/path><\/svg><span class=\"wp-block-social-link-label screen-reader-text\">YouTube<\/span><\/a><\/li><\/ul>\n<\/div>\n\n\n\n<div class=\"wp-block-column is-vertically-aligned-center is-layout-flow wp-block-column-is-layout-flow\"><!-- HTML Forms v1.6.4 - https:\/\/wordpress.org\/plugins\/html-forms\/ -->\n<form method=\"post\"  class=\"hf-form hf-form-103293\" data-id=\"103293\" data-title=\"Contact page Form\" data-slug=\"contact-page-form\" data-message-success=\"Thank you for your message. We will get in touch with you shortly.\" data-message-invalid-email=\"Sorry, that email address looks invalid.\" data-message-required-field-missing=\"Please fill in the required fields.\" data-message-error=\"Oops. An error occurred.\" data-message-recaptcha-failed=\"reCAPTCHA verification failed. Please try again.\" data-message-recaptcha-low-score=\"Your submission appears to be spam. Please try again.\" action=\"\"><input type=\"hidden\" name=\"_hf_form_id\" value=\"103293\" \/><div style=\"display: none;\"><input type=\"text\" name=\"_hf_h103293\" value=\"\" \/><\/div><div class=\"hf-fields-wrap\">\n<!-- Google reCAPTCHA v3 active on this form -->\n<p>\r\n\t<label>Nom<\/label>\r\n\t<input type=\"text\" name=\"NAME\" placeholder=\"Nom\" \/>\r\n<\/p>\r\n<p>\r\n\t<label>Email<\/label>\r\n\t<input type=\"email\" name=\"EMAIL\" placeholder=\"Email Address\" required \/>\r\n<\/p>\r\n<p>\r\n\t<label>Sujette<\/label>\r\n\t<input type=\"text\" name=\"SUBJECT\" placeholder=\"Sujette\" required \/>\r\n<\/p>\r\n<p>\r\n\t<label>Num\u00e9ro VIN (facultatif)<\/label>\r\n\t<input type=\"text\" name=\"VIN\" placeholder=\"VIN Number\" \/>\r\n<\/p>\r\n<p>\r\n\t<label>Message<\/label>\r\n\t<textarea name=\"MESSAGE\" placeholder=\"Message\" required><\/textarea>\r\n<\/p>\r\n<p>\r\n\t<label>URL du produit (facultatif)<\/label>\r\n\t<input type=\"text\" name=\"URL\" placeholder=\"E.g. link to the product page\" \/>\r\n<\/p>\r\n<p>\r\n\t<input type=\"submit\" value=\"Envoyer un message\" \/>\r\n<\/p><noscript>Please enable JavaScript for this form to work.<\/noscript><\/div><input type=\"hidden\" name=\"trp-form-language\" value=\"fr\"\/><\/form><!-- \/ HTML Forms -->\n<\/div>\n<\/div>\n\n\n\n<h2 class=\"wp-block-heading\" id=\"h-we-are-in-europe\">Nous sommes en Europe<\/h2>\n\n\n\n<p>Nous sommes situ\u00e9s \u00e0 <strong>Unterhaching, Allemagne<\/strong>Situ\u00e9e \u00e0 seulement 10 km au sud de Munich, ville d'origine de BMW AG, notre entreprise exp\u00e9die tous vos colis depuis ce site. Chez PaddleShifterz PS UG, nous nous engageons \u00e0 vous fournir un service et une assistance exceptionnels. Pour toute question, assistance concernant nos produits ou services, ou pour nous faire part de vos commentaires, n'h\u00e9sitez pas \u00e0 nous contacter.<\/p>\n\n\n\n<h2 class=\"wp-block-heading\" id=\"h-customer-support\"><strong>Service client<\/strong><\/h2>\n\n\n\n<p>Pour toute question relative \u00e0 nos produits ou au service client, veuillez contacter notre \u00e9quipe d'assistance d\u00e9di\u00e9e. Nous nous effor\u00e7ons de r\u00e9pondre \u00e0 tous les e-mails en quelques heures.<\/p>\n\n\n\n<p>Nous accordons une grande importance \u00e0 vos commentaires et nous avons h\u00e2te de vous lire. Contactez-nous d\u00e8s aujourd'hui pour d\u00e9couvrir comment PaddleShifterz peut vous aider \u00e0 trouver les meilleures pi\u00e8ces pour votre v\u00e9hicule.<\/p>","protected":false},"excerpt":{"rendered":"<p>Do you have a question regarding a product, the status of your order, or want to know more about our services? Get in touch!We speak english and german (and also hungarian). We are in Europe We are located in Unterhaching, Germany, just 10km south of Munich, the hometown of BMW AG. All of our packages [&#8230;]\n","protected":false},"author":1,"featured_media":0,"parent":0,"menu_order":0,"comment_status":"closed","ping_status":"closed","template":"","meta":{"bwfblock_default_font":"","footnotes":""},"class_list":["post-53","page","type-page","status-publish","hentry"],"_links":{"self":[{"href":"https:\/\/paddleshifterz.com\/fr\/wp-json\/wp\/v2\/pages\/53","targetHints":{"allow":["GET"]}}],"collection":[{"href":"https:\/\/paddleshifterz.com\/fr\/wp-json\/wp\/v2\/pages"}],"about":[{"href":"https:\/\/paddleshifterz.com\/fr\/wp-json\/wp\/v2\/types\/page"}],"author":[{"embeddable":true,"href":"https:\/\/paddleshifterz.com\/fr\/wp-json\/wp\/v2\/users\/1"}],"replies":[{"embeddable":true,"href":"https:\/\/paddleshifterz.com\/fr\/wp-json\/wp\/v2\/comments?post=53"}],"version-history":[{"count":0,"href":"https:\/\/paddleshifterz.com\/fr\/wp-json\/wp\/v2\/pages\/53\/revisions"}],"wp:attachment":[{"href":"https:\/\/paddleshifterz.com\/fr\/wp-json\/wp\/v2\/media?parent=53"}],"curies":[{"name":"wp","href":"https:\/\/api.w.org\/{rel}","templated":true}]}}