{"id":70089,"date":"2022-09-08T15:16:05","date_gmt":"2022-09-08T14:16:05","guid":{"rendered":"https:\/\/paddleshifterz.com\/?post_type=product&#038;p=70089"},"modified":"2026-03-23T14:18:56","modified_gmt":"2026-03-23T13:18:56","slug":"ac-schnitzer-roof-rear-spoiler-i4-g26-5131326110","status":"publish","type":"product","link":"https:\/\/paddleshifterz.com\/fr\/ac-schnitzer-roof-rear-spoiler-i4-g26-5131326110\/","title":{"rendered":"AC Schnitzer Roof rear spoiler i4 G26 &#8211; 5131326110"},"content":{"rendered":"<p><strong>Kreatives Design<\/strong><br \/>\nPUR, ASA oder Carbon: bei AC Schnitzer stammen alle Designentw\u00fcrfe von einem echten italienischen K\u00fcnstler: Michele Viandante; er ist seit vielen Jahren der Head Designer bei AC Schnitzer. Nat\u00fcrlich sind seine Designs nicht nur sch\u00f6n, sie m\u00fcssen sich auch bew\u00e4hren: z. B. werden viele Teile im Windkanal auf ihre Funktion \u00fcberpr\u00fcft.<\/p>\n<p><strong>Tests<\/strong><br \/>\nStimmen die Berechnungen mit den Ergebnissen \u00fcberein, stehen weitere Pr\u00fcfungen an. Crashtests mit Dummies \u00fcberpr\u00fcfen, ob z. B der Fu\u00dfg\u00e4ngerschutz eingehalten wird. Erst wenn alle Tests abgeschlossen sind und die Gutachten erteilt wurden, gehen die AC Schnitzer Aerodynamikkomponenten in den weltweiten Verkauf.<\/p>\n<p><strong>Gutachten<\/strong><br \/>\nDas Teilegutachten ist eine offizielle Urkunde, welche die Verwendung von Tuningteilen im \u00f6ffentlichen Stra\u00dfenverkehr im Rahmen der StVZO in Deutschland (und einigen weiteren Staaten) erlaubt. Nach erfolgtem Ein- oder Umbau des im Gutachten beschriebenen Teils, muss das Fahrzeug einer offiziellen Pr\u00fcfstelle vorgef\u00fchrt werden. Der Pr\u00fcfer stellt den korrekten Verbau sowie die Echtheit des Teils fest und tr\u00e4gt im Anschluss die Modifikation in die Fahrzeugpapiere ein. Die offizielle Betriebserlaubnis des Fahrzeugs bleibt somit bestehen. Das Teilegutachten ist Teil des Lieferumfangs.<\/p>\n<p><strong>Lieferumfang:<\/strong><\/p>\n<ul>\n<li>Dachheckspoiler, grundiert<\/li>\n<li>Vitro Aufkleber<\/li>\n<li>Montagepaket Fahrzeug spezifisch<\/li>\n<li>Montageanleitung mit Lackierhinweisen<\/li>\n<li>Gutachten<\/li>\n<\/ul>\n<p><strong>Einzigartigkeit des Dachheckspoilers<\/strong><\/p>\n<ul>\n<li>Erh\u00f6hung des Abtriebs an der Hinterachse<\/li>\n<li>Sportlichere Optik<\/li>\n<li>Made in Germany<\/li>\n<li>Hergestellt aus hochwertigem PUR<\/li>\n<li>Gewichtsoptimiert<\/li>\n<li>Einfache Lackier- und Verbaubarkeit<\/li>\n<li>Langlebig<\/li>\n<li>Exklusiv f\u00fcr BMW 4er Gran Coup\u00e9 G26 entwickelt<\/li>\n<li>Gew\u00e4hrleistung 2 Jahre<\/li>\n<\/ul>","protected":false},"excerpt":{"rendered":"<p>AC Schnitzer Roof rear spoiler for BMW i4 G26 &#8211; 5131326110.<\/p>\n<p>The spoiler comes painted with primer, ready to be painted in the body color of your vehicle.<\/p>","protected":false},"featured_media":84238,"template":"","meta":{"bwfblock_default_font":""},"product_brand":[],"product_cat":[1113],"product_tag":[],"class_list":{"0":"post-70089","1":"product","2":"type-product","3":"status-publish","4":"has-post-thumbnail","6":"product_cat-exterior","7":"product_shipping_class-shifterz","8":"pa_brand-ac-schnitzer","9":"pa_product-type-aftermarket","10":"pa_vehicles-bmw-g26-grancoupe","11":"pa_vehicles-bmw-i4-g26","13":"first","14":"outofstock","15":"taxable","16":"shipping-taxable","17":"purchasable","18":"product-type-simple"},"bundled_by":[],"bundle_stock_status":"outofstock","bundle_stock_quantity":0,"bundle_virtual":false,"bundle_layout":"","bundle_add_to_cart_form_location":"","bundle_editable_in_cart":false,"bundle_sold_individually_context":"","bundle_item_grouping":"","bundle_min_size":"","bundle_max_size":"","bundle_price":[],"bundled_items":[],"bundle_sell_ids":[],"_links":{"self":[{"href":"https:\/\/paddleshifterz.com\/fr\/wp-json\/wp\/v2\/product\/70089","targetHints":{"allow":["GET"]}}],"collection":[{"href":"https:\/\/paddleshifterz.com\/fr\/wp-json\/wp\/v2\/product"}],"about":[{"href":"https:\/\/paddleshifterz.com\/fr\/wp-json\/wp\/v2\/types\/product"}],"wp:featuredmedia":[{"embeddable":true,"href":"https:\/\/paddleshifterz.com\/fr\/wp-json\/wp\/v2\/media\/84238"}],"wp:attachment":[{"href":"https:\/\/paddleshifterz.com\/fr\/wp-json\/wp\/v2\/media?parent=70089"}],"wp:term":[{"taxonomy":"product_brand","embeddable":true,"href":"https:\/\/paddleshifterz.com\/fr\/wp-json\/wp\/v2\/product_brand?post=70089"},{"taxonomy":"product_cat","embeddable":true,"href":"https:\/\/paddleshifterz.com\/fr\/wp-json\/wp\/v2\/product_cat?post=70089"},{"taxonomy":"product_tag","embeddable":true,"href":"https:\/\/paddleshifterz.com\/fr\/wp-json\/wp\/v2\/product_tag?post=70089"}],"curies":[{"name":"wp","href":"https:\/\/api.w.org\/{rel}","templated":true}]}}