{"id":70092,"date":"2022-09-08T15:21:34","date_gmt":"2022-09-08T14:21:34","guid":{"rendered":"https:\/\/paddleshifterz.com\/?post_type=product&#038;p=70092"},"modified":"2026-03-23T14:18:55","modified_gmt":"2026-03-23T13:18:55","slug":"ac-schnitzer-front-spoiler-elements-i4-g26-5111326310","status":"publish","type":"product","link":"https:\/\/paddleshifterz.com\/fr\/ac-schnitzer-front-spoiler-elements-i4-g26-5111326310\/","title":{"rendered":"AC Schnitzer Front spoiler elements i4 G26 &#8211; 5111326310"},"content":{"rendered":"","protected":false},"excerpt":{"rendered":"<p>Philosophie<br \/>\nFrei von allen Kompromissen der Gro\u00dfserie entwickelt AC Schnitzer ma\u00dfgeschneiderte Komponenten mit dem Anspruch h\u00f6chster Perfektion.<\/p>\n<p>\u201cForm follows function\u201c &#8211; Nach diesem Grundsatz werden von Ingenieuren und Designern die Aerodynamikkomponenten f\u00fcr BMW konsequent arrangiert.<\/p>\n<p>Die AC Schnitzer Aerodynamikkomponenten greifen die Linienf\u00fchrung des jeweiligen Basisfahrzeugs auf, verst\u00e4rken diese dezent und verleihen der Karosserie aufregend neue Konturen.<\/p>\n<p>Gleichzeitig zeigen sie aber auch echte Wirkung: Sie erh\u00f6hen den Abtrieb an Vorder- und\/oder Hinterachse und sorgen so f\u00fcr zus\u00e4tzliche Bodenhaftung.<\/p>\n<p>Bei der Produktion unserer AC Schnitzer Aerodynamikkomponenten werden ausschlie\u00dflich hochwertige Verbundstoffe eingesetzt. Denn nur diese Materialien werden unserem hohen Qualit\u00e4tsanspruch gerecht.<\/p>\n<p>Material: Polyurethan (kurz PUR oder im Sprachgebrauch auch PU genannt)<br \/>\nDie Verwendung von PUR (Polyurethan) eignet sich aufgrund seiner hervorragenden mechanischen Eigenschaften besonders in Bereichen, die eine hohe Verschlei\u00dffestigkeit verlangen: z. B. im hochwertigen Automobilbau. PUR ist gut formbar, sehr formstabil und \u2013 im Vergleich zu anderen Kunststoffen \u2013 sehr leicht. Es l\u00e4sst sich besonders gut lackieren (ggf. auch mehrfach).<br \/>\nPolyurethan entsteht durch eine chemische Reaktion, die unmittelbar vor der Verarbeitung des entstehenden Werkstoffs abl\u00e4uft. Polyol und Isocyanat reagieren zu Polyurethan in einem Mischkopf.<\/p>\n<p>Seine positiven Produkteigenschaften erh\u00e4lt PUR u. a. durch die Verarbeitung mit der \u201eR-RIM-Technik\u201c (Reinforced-Reaction Injection Molding). Bei dieser Technik werden die hoch reaktiven PUR Komponenten mit Kurzfasern gef\u00fcllt, im Hochdruck vermischt und im Reaktionsspritzguss verarbeitet.<\/p>\n<p>In der Regel wird das Reaktionsgemisch aus dem Mischkopf und Anguss in eine geschlossene Aluminium- oder Epoxidharzform gef\u00fcllt, in der es zum Formteil aush\u00e4rtet. Die R-RIM-Technik realisiert besonders stabile Teile, hohe Rei\u00df- und Schlagz\u00e4higkeit und das bei geringem Gewicht.<\/p>\n<p>Die produzierten Aerodynamikkomponenten werden entgratet, geschliffen und \u2013 als besonderer Service von AC Schnitzer und um das Handling f\u00fcr den Kunden zu vereinfachen \u2013 grundiert.<\/p>\n<p>Fertig grundiert k\u00f6nnen AC Schnitzer Aerodynamikkomponenten auf Kundenwunsch in jeder nur erdenklichen Farbe von der Lackiererei ihrer Wahl vor Ort lackiert werden.<\/p>\n<p>Kreatives Design<br \/>\nPUR, ASA oder Carbon: bei AC Schnitzer stammen alle Designentw\u00fcrfe von einem echten italienischen K\u00fcnstler: Michele Viandante; er ist seit vielen Jahren der Head Designer bei AC Schnitzer. Nat\u00fcrlich sind seine Designs nicht nur sch\u00f6n, sie m\u00fcssen sich auch bew\u00e4hren: z. B. werden viele Teile im Windkanal auf ihre Funktion \u00fcberpr\u00fcft.<\/p>\n<p>Tests<br \/>\nStimmen die Berechnungen mit den Ergebnissen \u00fcberein, stehen weitere Pr\u00fcfungen an. Crashtests mit Dummies \u00fcberpr\u00fcfen, ob z. B der Fu\u00dfg\u00e4ngerschutz eingehalten wird. Erst wenn alle Tests abgeschlossen sind und die Gutachten erteilt wurden, gehen die AC Schnitzer Aerodynamikkomponenten in den weltweiten Verkauf.<\/p>\n<p>Gutachten<br \/>\nDas Teilegutachten ist eine offizielle Urkunde, welche die Verwendung von Tuningteilen im \u00f6ffentlichen Stra\u00dfenverkehr im Rahmen der StVZO in Deutschland (und einigen weiteren Staaten) erlaubt. Nach erfolgtem Ein- oder Umbau des im Gutachten beschriebenen Teils, muss das Fahrzeug einer offiziellen Pr\u00fcfstelle vorgef\u00fchrt werden. Der Pr\u00fcfer stellt den korrekten Verbau sowie die Echtheit des Teils fest und tr\u00e4gt im Anschluss die Modifikation in die Fahrzeugpapiere ein. Die offizielle Betriebserlaubnis des Fahrzeugs bleibt somit bestehen. Das Teilegutachten ist Teil des Lieferumfangs.<\/p>\n<p>Lieferumfang:<br \/>\n&#8211; Frontspoiler-Element rechts, grundiert<br \/>\n&#8211; Frontspoiler-Element links, grundiert<br \/>\n&#8211; Vitroaufkleber, schwarz<br \/>\n&#8211; Montagepaket fahrzeugspezifisch<br \/>\n&#8211; Montageanleitung mit Lackierhinweisen<br \/>\n&#8211; Gutachten<\/p>\n<p>Einzigartigkeit der Frontspoiler-Elemente<br \/>\n&#8211; 2-teilige Frontspoilerelemente<br \/>\n&#8211; Erh\u00f6hung Abtrieb an der Vorderachse<br \/>\n&#8211; sportlichere Optik<br \/>\n&#8211; Made in Germany<br \/>\n&#8211; hergestellt aus hochwertigem PUR-R-RIM<br \/>\n&#8211; Gewichtsoptimiert<br \/>\n&#8211; einfache Lackier- und Verbaubarkeit<br \/>\n&#8211; langlebig<br \/>\n&#8211; exklusiv f\u00fcr BMW 4er Gran Coup\u00e9 (G26) entwickelt<br \/>\n&#8211; Gew\u00e4hrleistung 2 Jahre<\/p>","protected":false},"featured_media":70093,"template":"","meta":{"bwfblock_default_font":""},"product_brand":[],"product_cat":[1113,1317],"product_tag":[],"class_list":{"0":"post-70092","1":"product","2":"type-product","3":"status-publish","4":"has-post-thumbnail","6":"product_cat-exterior","7":"product_cat-front-bumper-and-accessories","8":"product_shipping_class-shifterz","9":"pa_brand-ac-schnitzer","10":"pa_product-type-aftermarket","11":"pa_vehicles-bmw-g26-grancoupe","12":"pa_vehicles-bmw-i4-g26","14":"first","15":"outofstock","16":"taxable","17":"shipping-taxable","18":"purchasable","19":"product-type-simple"},"bundled_by":[],"bundle_stock_status":"outofstock","bundle_stock_quantity":0,"bundle_virtual":false,"bundle_layout":"","bundle_add_to_cart_form_location":"","bundle_editable_in_cart":false,"bundle_sold_individually_context":"","bundle_item_grouping":"","bundle_min_size":"","bundle_max_size":"","bundle_price":[],"bundled_items":[],"bundle_sell_ids":[],"_links":{"self":[{"href":"https:\/\/paddleshifterz.com\/fr\/wp-json\/wp\/v2\/product\/70092","targetHints":{"allow":["GET"]}}],"collection":[{"href":"https:\/\/paddleshifterz.com\/fr\/wp-json\/wp\/v2\/product"}],"about":[{"href":"https:\/\/paddleshifterz.com\/fr\/wp-json\/wp\/v2\/types\/product"}],"wp:featuredmedia":[{"embeddable":true,"href":"https:\/\/paddleshifterz.com\/fr\/wp-json\/wp\/v2\/media\/70093"}],"wp:attachment":[{"href":"https:\/\/paddleshifterz.com\/fr\/wp-json\/wp\/v2\/media?parent=70092"}],"wp:term":[{"taxonomy":"product_brand","embeddable":true,"href":"https:\/\/paddleshifterz.com\/fr\/wp-json\/wp\/v2\/product_brand?post=70092"},{"taxonomy":"product_cat","embeddable":true,"href":"https:\/\/paddleshifterz.com\/fr\/wp-json\/wp\/v2\/product_cat?post=70092"},{"taxonomy":"product_tag","embeddable":true,"href":"https:\/\/paddleshifterz.com\/fr\/wp-json\/wp\/v2\/product_tag?post=70092"}],"curies":[{"name":"wp","href":"https:\/\/api.w.org\/{rel}","templated":true}]}}